{"id":275306,"date":"2025-06-08T09:37:21","date_gmt":"2025-06-08T09:37:21","guid":{"rendered":"https:\/\/design.crysound.com\/product\/dispositif-dessai-pour-casques-de-protection-auditive-cry802-atf-hearing-protection-headphone-test-fixture\/"},"modified":"2025-06-08T09:37:21","modified_gmt":"2025-06-08T09:37:21","slug":"dispositif-dessai-pour-casques-de-protection-auditive-cry802-atf-hearing-protection-headphone-test-fixture","status":"publish","type":"product","link":"https:\/\/design.crysound.com\/fr\/product\/dispositif-dessai-pour-casques-de-protection-auditive-cry802-atf-hearing-protection-headphone-test-fixture\/","title":{"rendered":"Dispositif d\u2019essai pour casques de protection auditive CRY802 ATF Hearing Protection Headphone Test Fixture"},"content":{"rendered":"<p>Le dispositif d\u2019essai pour casques CRY802 est con\u00e7u pour tester les casques circum\u2011auriculaires et les dispositifs de protection auditive tels que les coquilles antibruit et les bouchons d\u2019oreilles. Fabriqu\u00e9 en aluminium oxyd\u00e9 et noirci, il offre une robustesse accrue. Le dispositif est mont\u00e9 sur une base r\u00e9siliente afin de minimiser le bruit de fond dans les situations d\u2019essai typiques. Des bouchons en mousse sont utilis\u00e9s pour \u00e9viter les fuites sonores le long des c\u00e2bles.<\/p>\n<p>Il peut \u00eatre configur\u00e9 avec le simulateur d\u2019oreille CRY711 pour les essais de casques. Facile \u00e0 assembler, il est principalement utilis\u00e9 avec un pavillon anthropom\u00e9trique et une plaque de maintien du pavillon. Cette configuration est id\u00e9ale pour mesurer l\u2019affaiblissement d\u2019insertion des coquilles antibruit et la qualit\u00e9 sonore des \u00e9couteurs.<\/p>\n","protected":false},"excerpt":{"rendered":"<p>Le dispositif d\u2019essai pour casques CRY802 est con\u00e7u pour tester les casques circum\u2011auriculaires et les dispositifs de protection auditive tels que les coquilles antibruit et les bouchons d\u2019oreilles. Fabriqu\u00e9 en aluminium oxyd\u00e9 et noirci, il offre une robustesse accrue. Le dispositif est mont\u00e9 sur une base r\u00e9siliente afin de minimiser le bruit de fond dans les situations d\u2019essai typiques. Des bouchons en mousse sont utilis\u00e9s pour \u00e9viter les fuites sonores le long des c\u00e2bles.<\/p>\n<p>\u200d<\/p>\n<p>Il peut \u00eatre configur\u00e9 avec le simulateur d\u2019oreille CRY711 pour les essais de casques. Facile \u00e0 assembler, il est principalement utilis\u00e9 avec un pavillon anthropom\u00e9trique et une plaque de maintien du pavillon. Cette configuration est id\u00e9ale pour mesurer l\u2019affaiblissement d\u2019insertion des coquilles antibruit et la qualit\u00e9 sonore des \u00e9couteurs.<\/p>\n","protected":false},"featured_media":270340,"template":"","meta":{"_acf_changed":false,"_eb_attr":"","content-type":""},"product_brand":[],"product_cat":[49,44],"product_tag":[],"class_list":{"0":"post-275306","1":"product","2":"type-product","3":"status-publish","4":"has-post-thumbnail","6":"product_cat-test-fixture","7":"product_cat-electroacoustic-test","9":"first","10":"instock","11":"shipping-taxable","12":"product-type-simple"},"acf":[],"_links":{"self":[{"href":"https:\/\/design.crysound.com\/fr\/wp-json\/wp\/v2\/product\/275306","targetHints":{"allow":["GET"]}}],"collection":[{"href":"https:\/\/design.crysound.com\/fr\/wp-json\/wp\/v2\/product"}],"about":[{"href":"https:\/\/design.crysound.com\/fr\/wp-json\/wp\/v2\/types\/product"}],"wp:featuredmedia":[{"embeddable":true,"href":"https:\/\/design.crysound.com\/fr\/wp-json\/wp\/v2\/media\/270340"}],"wp:attachment":[{"href":"https:\/\/design.crysound.com\/fr\/wp-json\/wp\/v2\/media?parent=275306"}],"wp:term":[{"taxonomy":"product_brand","embeddable":true,"href":"https:\/\/design.crysound.com\/fr\/wp-json\/wp\/v2\/product_brand?post=275306"},{"taxonomy":"product_cat","embeddable":true,"href":"https:\/\/design.crysound.com\/fr\/wp-json\/wp\/v2\/product_cat?post=275306"},{"taxonomy":"product_tag","embeddable":true,"href":"https:\/\/design.crysound.com\/fr\/wp-json\/wp\/v2\/product_tag?post=275306"}],"curies":[{"name":"wp","href":"https:\/\/api.w.org\/{rel}","templated":true}]}}