{"id":275055,"date":"2025-05-22T09:29:21","date_gmt":"2025-05-22T09:29:21","guid":{"rendered":"https:\/\/design.crysound.com\/product\/camera-acoustique-avancee-cry8124\/"},"modified":"2025-05-22T09:29:21","modified_gmt":"2025-05-22T09:29:21","slug":"camera-acoustique-avancee-cry8124","status":"publish","type":"product","link":"https:\/\/design.crysound.com\/fr\/product\/camera-acoustique-avancee-cry8124\/","title":{"rendered":"Cam\u00e9ra acoustique avanc\u00e9e CRY8124"},"content":{"rendered":"<p>D\u00e9couvrez la cam\u00e9ra acoustique d\u2019imagerie de pointe de CRYSOUND, qui r\u00e9volutionne les inspections industrielles gr\u00e2ce \u00e0 ses fonctionnalit\u00e9s avanc\u00e9es. La cam\u00e9ra d\u2019imagerie acoustique CRY8124 excelle dans la localisation des fuites, l\u2019identification des d\u00e9charges partielles \u00e9lectriques et la d\u00e9tection des d\u00e9t\u00e9riorations m\u00e9caniques. \u00c9tablissant une nouvelle r\u00e9f\u00e9rence en mati\u00e8re de sensibilit\u00e9 et d\u2019efficacit\u00e9, la CRY8124 est dot\u00e9e de 200 microphones (le plus grand nombre du secteur). L\u2019appareil d\u00e9tecte des fuites plus petites et des d\u00e9charges partielles \u00e0 une plus grande distance que toute autre cam\u00e9ra d\u2019imagerie acoustique portative sur le march\u00e9.<\/p>\n<p>Le logiciel de reporting CRY8124 permet l\u2019analyse hors ligne, l\u2019\u00e9dition et la g\u00e9n\u00e9ration de rapports, simplifiant ainsi les op\u00e9rations de maintenance r\u00e9guli\u00e8res.<\/p>\n<p>Am\u00e9liorez l\u2019efficacit\u00e9 de vos inspections industrielles avec les cam\u00e9ras acoustiques CRYSOUND.<\/p>\n","protected":false},"excerpt":{"rendered":"<p>Cam\u00e9ra d\u2019imagerie acoustique pour la d\u00e9tection de fuites, de vide et de d\u00e9charges partielles<\/p>\n","protected":false},"featured_media":270287,"template":"","meta":{"_acf_changed":false,"_eb_attr":"","content-type":""},"product_brand":[],"product_cat":[546,534,531],"product_tag":[],"class_list":{"0":"post-275055","1":"product","2":"type-product","3":"status-publish","4":"has-post-thumbnail","6":"product_cat-camera-dimagerie-acoustique-portative","7":"product_cat-imagerie-acoustique","8":"product_cat-produit-vedette-presente-sur-la-page-daccueil","10":"first","11":"instock","12":"shipping-taxable","13":"product-type-simple"},"acf":[],"_links":{"self":[{"href":"https:\/\/design.crysound.com\/fr\/wp-json\/wp\/v2\/product\/275055","targetHints":{"allow":["GET"]}}],"collection":[{"href":"https:\/\/design.crysound.com\/fr\/wp-json\/wp\/v2\/product"}],"about":[{"href":"https:\/\/design.crysound.com\/fr\/wp-json\/wp\/v2\/types\/product"}],"wp:featuredmedia":[{"embeddable":true,"href":"https:\/\/design.crysound.com\/fr\/wp-json\/wp\/v2\/media\/270287"}],"wp:attachment":[{"href":"https:\/\/design.crysound.com\/fr\/wp-json\/wp\/v2\/media?parent=275055"}],"wp:term":[{"taxonomy":"product_brand","embeddable":true,"href":"https:\/\/design.crysound.com\/fr\/wp-json\/wp\/v2\/product_brand?post=275055"},{"taxonomy":"product_cat","embeddable":true,"href":"https:\/\/design.crysound.com\/fr\/wp-json\/wp\/v2\/product_cat?post=275055"},{"taxonomy":"product_tag","embeddable":true,"href":"https:\/\/design.crysound.com\/fr\/wp-json\/wp\/v2\/product_tag?post=275055"}],"curies":[{"name":"wp","href":"https:\/\/api.w.org\/{rel}","templated":true}]}}