{"id":275036,"date":"2025-05-25T05:18:28","date_gmt":"2025-05-25T05:18:28","guid":{"rendered":"https:\/\/design.crysound.com\/product\/camera-dimagerie-acoustique-industrielle-cry2623-a-128-microphones\/"},"modified":"2025-05-25T05:18:28","modified_gmt":"2025-05-25T05:18:28","slug":"camera-dimagerie-acoustique-industrielle-cry2623-a-128-microphones","status":"publish","type":"product","link":"https:\/\/design.crysound.com\/fr\/product\/camera-dimagerie-acoustique-industrielle-cry2623-a-128-microphones\/","title":{"rendered":"Cam\u00e9ra d\u2019imagerie acoustique industrielle CRY2623 \u00e0 128 microphones"},"content":{"rendered":"<p>La CRY2623 est une cam\u00e9ra d\u2019imagerie acoustique industrielle \u00e0 128 microphones, facile \u00e0 utiliser et ne n\u00e9cessitant qu\u2019une formation minimale. Son bo\u00eetier robuste en alliage d\u2019aluminium est con\u00e7u pour r\u00e9sister \u00e0 des conditions de travail complexes et variables. L\u2019appareil offre une imagerie acoustique en temps r\u00e9el, ce qui acc\u00e9l\u00e8re consid\u00e9rablement la d\u00e9tection des fuites sous pression ou sous vide par rapport aux m\u00e9thodes traditionnelles. Il prend en charge les modes photo et vid\u00e9o pour un enregistrement flexible des donn\u00e9es sur site. Gr\u00e2ce \u00e0 une carte MicroSD extensible de grande capacit\u00e9, les r\u00e9sultats des tests peuvent \u00eatre rapidement export\u00e9s et document\u00e9s. La CRY2623 aide les entreprises \u00e0 r\u00e9duire les risques pour la s\u00e9curit\u00e9 et \u00e0 limiter les pertes \u00e9conomiques associ\u00e9es aux fuites de gaz, aux d\u00e9charges partielles et \u00e0 d\u2019autres dysfonctionnements.<\/p>\n","protected":false},"excerpt":{"rendered":"<p>L\u2019imageur acoustique industriel CRY2623 \u00e0 128 microphones est facile \u00e0 utiliser et peut \u00eatre pris en main avec une formation minimale. L\u2019appareil adopte un bo\u00eetier en alliage d\u2019aluminium, robuste et durable, capable de s\u2019adapter \u00e0 un environnement de travail complexe et changeant.<\/p>\n","protected":false},"featured_media":270587,"template":"","meta":{"_acf_changed":false,"_eb_attr":"","content-type":""},"product_brand":[],"product_cat":[381,27],"product_tag":[],"class_list":{"0":"post-275036","1":"product","2":"type-product","3":"status-publish","4":"has-post-thumbnail","6":"product_cat-handheld-acoustic-imaging-camera","7":"product_cat-acoustic-imaging","9":"first","10":"instock","11":"shipping-taxable","12":"product-type-simple"},"acf":[],"_links":{"self":[{"href":"https:\/\/design.crysound.com\/fr\/wp-json\/wp\/v2\/product\/275036","targetHints":{"allow":["GET"]}}],"collection":[{"href":"https:\/\/design.crysound.com\/fr\/wp-json\/wp\/v2\/product"}],"about":[{"href":"https:\/\/design.crysound.com\/fr\/wp-json\/wp\/v2\/types\/product"}],"wp:featuredmedia":[{"embeddable":true,"href":"https:\/\/design.crysound.com\/fr\/wp-json\/wp\/v2\/media\/270587"}],"wp:attachment":[{"href":"https:\/\/design.crysound.com\/fr\/wp-json\/wp\/v2\/media?parent=275036"}],"wp:term":[{"taxonomy":"product_brand","embeddable":true,"href":"https:\/\/design.crysound.com\/fr\/wp-json\/wp\/v2\/product_brand?post=275036"},{"taxonomy":"product_cat","embeddable":true,"href":"https:\/\/design.crysound.com\/fr\/wp-json\/wp\/v2\/product_cat?post=275036"},{"taxonomy":"product_tag","embeddable":true,"href":"https:\/\/design.crysound.com\/fr\/wp-json\/wp\/v2\/product_tag?post=275036"}],"curies":[{"name":"wp","href":"https:\/\/api.w.org\/{rel}","templated":true}]}}