{"id":275011,"date":"2025-05-25T07:39:44","date_gmt":"2025-05-25T07:39:44","guid":{"rendered":"https:\/\/design.crysound.com\/product\/camera-dimagerie-acoustique-industrielle-cry2624-a-128-microphones-atex\/"},"modified":"2025-05-25T07:39:44","modified_gmt":"2025-05-25T07:39:44","slug":"camera-dimagerie-acoustique-industrielle-cry2624-a-128-microphones-atex","status":"publish","type":"product","link":"https:\/\/design.crysound.com\/fr\/product\/camera-dimagerie-acoustique-industrielle-cry2624-a-128-microphones-atex\/","title":{"rendered":"Cam\u00e9ra d\u2019imagerie acoustique industrielle CRY2624 \u00e0 128 microphones (ATEX)"},"content":{"rendered":"<p>La CRY2624 est une cam\u00e9ra d\u2019imagerie acoustique industrielle \u00e0 128 microphones, con\u00e7ue pour une utilisation dans des environnements explosifs des industries chimique et \u00e9nerg\u00e9tique. Dot\u00e9 d\u2019un bo\u00eetier robuste en alliage d\u2019aluminium, cet appareil est con\u00e7u pour r\u00e9sister \u00e0 des conditions de travail complexes et dynamiques. Il offre un affichage en temps r\u00e9el de l\u2019image sonore, am\u00e9liorant consid\u00e9rablement la rapidit\u00e9 de d\u00e9tection des fuites sous pression ou sous vide par rapport aux autres m\u00e9thodes.<br \/>\nLa CRY2624 est certifi\u00e9e ATEX avec un indice II 3G Ex ic IIC T5 Gc, garantissant un fonctionnement s\u00fbr en atmosph\u00e8res potentiellement explosives tout en respectant des normes de s\u00e9curit\u00e9 strictes. L\u2019appareil prend en charge les modes photo et vid\u00e9o, offrant une grande flexibilit\u00e9 pour l\u2019enregistrement des donn\u00e9es sur site. Gr\u00e2ce \u00e0 une carte MicroSD extensible de grande capacit\u00e9, les r\u00e9sultats des tests peuvent \u00eatre rapidement export\u00e9s et consign\u00e9s dans des rapports. Cette cam\u00e9ra aide les installations industrielles \u00e0 r\u00e9duire au minimum les pertes dues aux fuites de gaz, aux d\u00e9charges partielles et \u00e0 d\u2019autres incidents, am\u00e9liorant ainsi la s\u00e9curit\u00e9 globale et l\u2019efficacit\u00e9 op\u00e9rationnelle.<\/p>\n","protected":false},"excerpt":{"rendered":"<p>La cam\u00e9ra d\u2019imagerie acoustique industrielle CRY2624 \u00e0 128 microphones (ATEX) convient aux sc\u00e9narios antid\u00e9flagrants dans les industries chimique et \u00e9nerg\u00e9tique. L\u2019appareil adopte un bo\u00eetier en alliage d\u2019aluminium, robuste et durable, capable de s\u2019adapter \u00e0 des environnements de travail complexes et changeants.<\/p>\n","protected":false},"featured_media":270604,"template":"","meta":{"_acf_changed":false,"_eb_attr":"","content-type":""},"product_brand":[],"product_cat":[381,27],"product_tag":[],"class_list":{"0":"post-275011","1":"product","2":"type-product","3":"status-publish","4":"has-post-thumbnail","6":"product_cat-handheld-acoustic-imaging-camera","7":"product_cat-acoustic-imaging","9":"first","10":"instock","11":"shipping-taxable","12":"product-type-simple"},"acf":[],"_links":{"self":[{"href":"https:\/\/design.crysound.com\/fr\/wp-json\/wp\/v2\/product\/275011","targetHints":{"allow":["GET"]}}],"collection":[{"href":"https:\/\/design.crysound.com\/fr\/wp-json\/wp\/v2\/product"}],"about":[{"href":"https:\/\/design.crysound.com\/fr\/wp-json\/wp\/v2\/types\/product"}],"wp:featuredmedia":[{"embeddable":true,"href":"https:\/\/design.crysound.com\/fr\/wp-json\/wp\/v2\/media\/270604"}],"wp:attachment":[{"href":"https:\/\/design.crysound.com\/fr\/wp-json\/wp\/v2\/media?parent=275011"}],"wp:term":[{"taxonomy":"product_brand","embeddable":true,"href":"https:\/\/design.crysound.com\/fr\/wp-json\/wp\/v2\/product_brand?post=275011"},{"taxonomy":"product_cat","embeddable":true,"href":"https:\/\/design.crysound.com\/fr\/wp-json\/wp\/v2\/product_cat?post=275011"},{"taxonomy":"product_tag","embeddable":true,"href":"https:\/\/design.crysound.com\/fr\/wp-json\/wp\/v2\/product_tag?post=275011"}],"curies":[{"name":"wp","href":"https:\/\/api.w.org\/{rel}","templated":true}]}}