{"id":275010,"date":"2025-05-25T16:02:13","date_gmt":"2025-05-25T16:02:13","guid":{"rendered":"https:\/\/design.crysound.com\/product\/sonometre-cry2833\/"},"modified":"2025-05-25T16:02:13","modified_gmt":"2025-05-25T16:02:13","slug":"sonometre-cry2833","status":"publish","type":"product","link":"https:\/\/design.crysound.com\/fr\/product\/sonometre-cry2833\/","title":{"rendered":"Sonom\u00e8tre CRY2833"},"content":{"rendered":"<p>Le sonom\u00e8tre CRY2833 est conforme \u00e0 la norme IEC 61672-1:2013 de classe 1 et est con\u00e7u pour la mesure du bruit au travail, du bruit environnemental et du bruit des produits. Son design allie esth\u00e9tisme et ergonomie, et l\u2019\u00e9cran couleur haute r\u00e9solution de 2,8 pouces offre \u00e0 la fois praticit\u00e9 et confort d\u2019utilisation.<br \/>\nCet appareil peut \u00eatre utilis\u00e9 dans divers domaines tels que la protection de l\u2019environnement, l\u2019industrie et la sant\u00e9 au travail, pour des applications incluant la mesure du bruit environnemental, le contr\u00f4le de la qualit\u00e9 des produits et l\u2019\u00e9valuation du bruit professionnel.<\/p>\n","protected":false},"excerpt":{"rendered":"<p>Le sonom\u00e8tre CRY2833 est conforme \u00e0 la norme IEC 61672-1:2013 de classe 1. Le sonom\u00e8tre CRY2833 a \u00e9t\u00e9 d\u00e9velopp\u00e9 pour mesurer le bruit professionnel, le bruit environnemental et le bruit des produits.<\/p>\n","protected":false},"featured_media":273379,"template":"","meta":{"_acf_changed":false,"_eb_attr":"","content-type":""},"product_brand":[],"product_cat":[530,604,435],"product_tag":[],"class_list":{"0":"post-275010","1":"product","2":"type-product","3":"status-publish","4":"has-post-thumbnail","6":"product_cat-presentation-des-produits-sur-la-page-daccueil","7":"product_cat-sonometre","8":"product_cat-mesure-du-bruit","10":"first","11":"instock","12":"shipping-taxable","13":"product-type-simple"},"acf":[],"_links":{"self":[{"href":"https:\/\/design.crysound.com\/fr\/wp-json\/wp\/v2\/product\/275010","targetHints":{"allow":["GET"]}}],"collection":[{"href":"https:\/\/design.crysound.com\/fr\/wp-json\/wp\/v2\/product"}],"about":[{"href":"https:\/\/design.crysound.com\/fr\/wp-json\/wp\/v2\/types\/product"}],"wp:featuredmedia":[{"embeddable":true,"href":"https:\/\/design.crysound.com\/fr\/wp-json\/wp\/v2\/media\/273379"}],"wp:attachment":[{"href":"https:\/\/design.crysound.com\/fr\/wp-json\/wp\/v2\/media?parent=275010"}],"wp:term":[{"taxonomy":"product_brand","embeddable":true,"href":"https:\/\/design.crysound.com\/fr\/wp-json\/wp\/v2\/product_brand?post=275010"},{"taxonomy":"product_cat","embeddable":true,"href":"https:\/\/design.crysound.com\/fr\/wp-json\/wp\/v2\/product_cat?post=275010"},{"taxonomy":"product_tag","embeddable":true,"href":"https:\/\/design.crysound.com\/fr\/wp-json\/wp\/v2\/product_tag?post=275010"}],"curies":[{"name":"wp","href":"https:\/\/api.w.org\/{rel}","templated":true}]}}