{"id":274987,"date":"2025-05-25T16:29:41","date_gmt":"2025-05-25T16:29:41","guid":{"rendered":"https:\/\/design.crysound.com\/product\/na41-ensemble-de-capot-pare-vent-et-anti-pluie-pour-capteur-de-bruit-exterieur\/"},"modified":"2025-05-25T16:29:41","modified_gmt":"2025-05-25T16:29:41","slug":"na41-ensemble-de-capot-pare-vent-et-anti-pluie-pour-capteur-de-bruit-exterieur","status":"publish","type":"product","link":"https:\/\/design.crysound.com\/fr\/product\/na41-ensemble-de-capot-pare-vent-et-anti-pluie-pour-capteur-de-bruit-exterieur\/","title":{"rendered":"NA41 Ensemble de capot pare-vent et anti-pluie pour capteur de bruit ext\u00e9rieur"},"content":{"rendered":"<p>Le NA41 est un dispositif de protection sp\u00e9cialement con\u00e7u pour les capteurs de bruit ext\u00e9rieurs, offrant une protection contre le vent, la pluie et les oiseaux. Il se compose d\u2019un corps principal et d\u2019un capot coupe-vent. Le corps principal comporte deux parties&nbsp;:<\/p>\n<ul role=\"list\">\n<li>La partie sup\u00e9rieure pr\u00e9sente des saillies inclin\u00e9es qui maintiennent fermement le capot coupe-vent et \u00e9vacuent l\u2019eau vers l\u2019ext\u00e9rieur, l\u2019emp\u00eachant de p\u00e9n\u00e9trer dans le capteur.<\/li>\n<\/ul>\n<ul role=\"list\">\n<li>La partie inf\u00e9rieure s\u2019adapte parfaitement au capteur de bruit, garantissant une protection fiable.<\/li>\n<\/ul>\n","protected":false},"excerpt":{"rendered":"<p>Le NA41 est un dispositif de protection sp\u00e9cialement con\u00e7u pour les capteurs de bruit ext\u00e9rieurs, offrant des fonctions de protection contre le vent, la pluie et les oiseaux. CRYSOUND.<\/p>\n","protected":false},"featured_media":270574,"template":"","meta":{"_acf_changed":false,"_eb_attr":"","content-type":""},"product_brand":[],"product_cat":[33,15],"product_tag":[],"class_list":{"0":"post-274987","1":"product","2":"type-product","3":"status-publish","4":"has-post-thumbnail","6":"product_cat-noise-measurement-accessories","7":"product_cat-noise-measurement","9":"first","10":"instock","11":"shipping-taxable","12":"product-type-simple"},"acf":[],"_links":{"self":[{"href":"https:\/\/design.crysound.com\/fr\/wp-json\/wp\/v2\/product\/274987","targetHints":{"allow":["GET"]}}],"collection":[{"href":"https:\/\/design.crysound.com\/fr\/wp-json\/wp\/v2\/product"}],"about":[{"href":"https:\/\/design.crysound.com\/fr\/wp-json\/wp\/v2\/types\/product"}],"wp:featuredmedia":[{"embeddable":true,"href":"https:\/\/design.crysound.com\/fr\/wp-json\/wp\/v2\/media\/270574"}],"wp:attachment":[{"href":"https:\/\/design.crysound.com\/fr\/wp-json\/wp\/v2\/media?parent=274987"}],"wp:term":[{"taxonomy":"product_brand","embeddable":true,"href":"https:\/\/design.crysound.com\/fr\/wp-json\/wp\/v2\/product_brand?post=274987"},{"taxonomy":"product_cat","embeddable":true,"href":"https:\/\/design.crysound.com\/fr\/wp-json\/wp\/v2\/product_cat?post=274987"},{"taxonomy":"product_tag","embeddable":true,"href":"https:\/\/design.crysound.com\/fr\/wp-json\/wp\/v2\/product_tag?post=274987"}],"curies":[{"name":"wp","href":"https:\/\/api.w.org\/{rel}","templated":true}]}}