{"id":274969,"date":"2025-05-25T12:58:47","date_gmt":"2025-05-25T12:58:47","guid":{"rendered":"https:\/\/design.crysound.com\/product\/camera-acoustique-a-imagerie-fixe-cry2623m\/"},"modified":"2025-05-25T12:58:47","modified_gmt":"2025-05-25T12:58:47","slug":"camera-acoustique-a-imagerie-fixe-cry2623m","status":"publish","type":"product","link":"https:\/\/design.crysound.com\/fr\/product\/camera-acoustique-a-imagerie-fixe-cry2623m\/","title":{"rendered":"Cam\u00e9ra acoustique \u00e0 imagerie fixe CRY2623M"},"content":{"rendered":"<p>La cam\u00e9ra acoustique \u00e0 imagerie fixe CRY2623M utilise une technologie avanc\u00e9e de formation de faisceaux avec r\u00e9seau de microphones pour cartographier la distribution des sources sonores et s\u2019int\u00e8gre \u00e0 des cam\u00e9ras haute d\u00e9finition pour la capture vid\u00e9o en temps r\u00e9el.<br \/>\nCe syst\u00e8me prend en charge la surveillance \u00e0 distance via les r\u00e9seaux locaux et les r\u00e9seaux \u00e9tendus, facilitant la transformation num\u00e9rique industrielle. Il permet la surveillance vid\u00e9o en temps r\u00e9el et fournit des informations pr\u00e9cieuses sur la qualit\u00e9 et la s\u00e9curit\u00e9 des produits, permettant une d\u00e9tection rapide des anomalies sur les compresseurs, pompes, tuyaux, c\u00e2bles, etc. Avec un indice de protection IP66, le CRY2623M est con\u00e7u pour offrir des performances fiables dans divers environnements difficiles.<\/p>\n","protected":false},"excerpt":{"rendered":"<p>La cam\u00e9ra acoustique \u00e0 imagerie fixe CRY2623M utilise une technologie avanc\u00e9e de formation de faisceaux avec r\u00e9seau de microphones pour cartographier la distribution des sources sonores et s\u2019int\u00e8gre \u00e0 des cam\u00e9ras haute d\u00e9finition pour la capture vid\u00e9o en temps r\u00e9el.<\/p>\n<p>Ce syst\u00e8me prend en charge la surveillance \u00e0 distance via les r\u00e9seaux locaux (LAN, WiFi) et les r\u00e9seaux \u00e9tendus (WAN, ADSL, 4G et r\u00e9seaux priv\u00e9s), facilitant la transformation num\u00e9rique industrielle. Il permet la surveillance vid\u00e9o en temps r\u00e9el et fournit des informations pr\u00e9cieuses sur la qualit\u00e9 et la s\u00e9curit\u00e9 des produits, permettant une d\u00e9tection rapide des anomalies sur les compresseurs, pompes, tuyaux, c\u00e2bles, etc. Avec un indice de protection IP66, le CRY2623M est con\u00e7u pour offrir des performances fiables dans divers environnements difficiles.<\/p>\n","protected":false},"featured_media":270596,"template":"","meta":{"_acf_changed":false,"_eb_attr":"","content-type":""},"product_brand":[],"product_cat":[615,534],"product_tag":[],"class_list":{"0":"post-274969","1":"product","2":"type-product","3":"status-publish","4":"has-post-thumbnail","6":"product_cat-camera-acoustique-a-imagerie-fixe","7":"product_cat-imagerie-acoustique","9":"first","10":"instock","11":"shipping-taxable","12":"product-type-simple"},"acf":[],"_links":{"self":[{"href":"https:\/\/design.crysound.com\/fr\/wp-json\/wp\/v2\/product\/274969","targetHints":{"allow":["GET"]}}],"collection":[{"href":"https:\/\/design.crysound.com\/fr\/wp-json\/wp\/v2\/product"}],"about":[{"href":"https:\/\/design.crysound.com\/fr\/wp-json\/wp\/v2\/types\/product"}],"wp:featuredmedia":[{"embeddable":true,"href":"https:\/\/design.crysound.com\/fr\/wp-json\/wp\/v2\/media\/270596"}],"wp:attachment":[{"href":"https:\/\/design.crysound.com\/fr\/wp-json\/wp\/v2\/media?parent=274969"}],"wp:term":[{"taxonomy":"product_brand","embeddable":true,"href":"https:\/\/design.crysound.com\/fr\/wp-json\/wp\/v2\/product_brand?post=274969"},{"taxonomy":"product_cat","embeddable":true,"href":"https:\/\/design.crysound.com\/fr\/wp-json\/wp\/v2\/product_cat?post=274969"},{"taxonomy":"product_tag","embeddable":true,"href":"https:\/\/design.crysound.com\/fr\/wp-json\/wp\/v2\/product_tag?post=274969"}],"curies":[{"name":"wp","href":"https:\/\/api.w.org\/{rel}","templated":true}]}}