{"id":274960,"date":"2025-05-28T05:19:41","date_gmt":"2025-05-28T05:19:41","guid":{"rendered":"https:\/\/design.crysound.com\/product\/capteur-de-bruit-cry2110\/"},"modified":"2025-05-28T05:19:41","modified_gmt":"2025-05-28T05:19:41","slug":"capteur-de-bruit-cry2110","status":"publish","type":"product","link":"https:\/\/design.crysound.com\/fr\/product\/capteur-de-bruit-cry2110\/","title":{"rendered":"Capteur de bruit CRY2110"},"content":{"rendered":"<p>Le capteur de bruit CRY2110 est un type d\u2019appareil de test acoustique d\u00e9velopp\u00e9 par CRYSOUND pour des applications industrielles. Les performances du produit sont conformes aux normes IEC 61672 (Classe 2) et GB\/T 3785 (Type 2).<\/p>\n<p>Le capteur est de petite taille et son bo\u00eetier en acier inoxydable est robuste et r\u00e9sistant \u00e0 la corrosion. Il est \u00e9quip\u00e9 d\u2019un microphone de mesure de haute pr\u00e9cision, d\u2019un pr\u00e9amplificateur int\u00e9gr\u00e9, d\u2019un CAN (convertisseur analogique\u2011num\u00e9rique) haute pr\u00e9cision et d\u2019un processeur DSP haute vitesse. Son excellent design mat\u00e9riel offre une plage dynamique de 110 dB. Gr\u00e2ce \u00e0 ses excellentes performances, il peut mesurer des bruits ambiants aussi faibles que 25 dBA.<\/p>\n","protected":false},"excerpt":{"rendered":"<p>Le capteur de bruit CRY2110 est un sonom\u00e8tre industriel de niveau professionnel pour la mesure \u00e0 distance, conforme \u00e0 la norme IEC 61672-2 (classe 2) et \u00e0 la norme GB\/T 3785-2 (type 2).<\/p>\n","protected":false},"featured_media":273891,"template":"","meta":{"_acf_changed":false,"_eb_attr":"","content-type":""},"product_brand":[],"product_cat":[607,435],"product_tag":[],"class_list":{"0":"post-274960","1":"product","2":"type-product","3":"status-publish","4":"has-post-thumbnail","6":"product_cat-capteur-de-bruit","7":"product_cat-mesure-du-bruit","9":"first","10":"instock","11":"shipping-taxable","12":"product-type-simple"},"acf":[],"_links":{"self":[{"href":"https:\/\/design.crysound.com\/fr\/wp-json\/wp\/v2\/product\/274960","targetHints":{"allow":["GET"]}}],"collection":[{"href":"https:\/\/design.crysound.com\/fr\/wp-json\/wp\/v2\/product"}],"about":[{"href":"https:\/\/design.crysound.com\/fr\/wp-json\/wp\/v2\/types\/product"}],"wp:featuredmedia":[{"embeddable":true,"href":"https:\/\/design.crysound.com\/fr\/wp-json\/wp\/v2\/media\/273891"}],"wp:attachment":[{"href":"https:\/\/design.crysound.com\/fr\/wp-json\/wp\/v2\/media?parent=274960"}],"wp:term":[{"taxonomy":"product_brand","embeddable":true,"href":"https:\/\/design.crysound.com\/fr\/wp-json\/wp\/v2\/product_brand?post=274960"},{"taxonomy":"product_cat","embeddable":true,"href":"https:\/\/design.crysound.com\/fr\/wp-json\/wp\/v2\/product_cat?post=274960"},{"taxonomy":"product_tag","embeddable":true,"href":"https:\/\/design.crysound.com\/fr\/wp-json\/wp\/v2\/product_tag?post=274960"}],"curies":[{"name":"wp","href":"https:\/\/api.w.org\/{rel}","templated":true}]}}