{"id":274956,"date":"2025-05-25T16:46:44","date_gmt":"2025-05-25T16:46:44","guid":{"rendered":"https:\/\/design.crysound.com\/product\/na43-ensemble-de-capteur-de-bruit-protection-exterieure-contre-le-vent-et-la-pluie\/"},"modified":"2025-05-25T16:46:44","modified_gmt":"2025-05-25T16:46:44","slug":"na43-ensemble-de-capteur-de-bruit-protection-exterieure-contre-le-vent-et-la-pluie","status":"publish","type":"product","link":"https:\/\/design.crysound.com\/fr\/product\/na43-ensemble-de-capteur-de-bruit-protection-exterieure-contre-le-vent-et-la-pluie\/","title":{"rendered":"NA43 Ensemble de capteur de bruit \u2013 protection ext\u00e9rieure contre le vent et la pluie"},"content":{"rendered":"<p>Le dispositif de protection ext\u00e9rieure NA43 prot\u00e8ge l\u2019ensemble de microphones de la s\u00e9rie CRY de la pluie, de la poussi\u00e8re et du bruit du vent, tout en emp\u00eachant la nidification des oiseaux, ce qui le rend id\u00e9al pour la surveillance du bruit en ext\u00e9rieur.<\/p>\n<p>Il est con\u00e7u pour des conditions m\u00e9t\u00e9orologiques ext\u00e9rieures typiques et int\u00e8gre un c\u00f4ne anti\u2011oiseaux amovible pour faciliter la maintenance et l\u2019\u00e9talonnage. Fabriqu\u00e9 en plastique technique et en alliage d\u2019aluminium avec une surface trait\u00e9e, le NA43 offre une excellente r\u00e9sistance aux environnements et une stabilit\u00e9 \u00e0 long terme pour l\u2019ensemble de microphones.<\/p>\n","protected":false},"excerpt":{"rendered":"<p>Le dispositif de protection ext\u00e9rieure NA43 prot\u00e8ge efficacement l\u2019ensemble de microphones de la s\u00e9rie CRY contre la p\u00e9n\u00e9tration de l\u2019eau de pluie et de la poussi\u00e8re. CRYSOUND.<\/p>\n","protected":false},"featured_media":270568,"template":"","meta":{"_acf_changed":false,"_eb_attr":"","content-type":""},"product_brand":[],"product_cat":[613,435],"product_tag":[],"class_list":{"0":"post-274956","1":"product","2":"type-product","3":"status-publish","4":"has-post-thumbnail","6":"product_cat-accessoires-de-mesure-du-bruit","7":"product_cat-mesure-du-bruit","9":"first","10":"instock","11":"shipping-taxable","12":"product-type-simple"},"acf":[],"_links":{"self":[{"href":"https:\/\/design.crysound.com\/fr\/wp-json\/wp\/v2\/product\/274956","targetHints":{"allow":["GET"]}}],"collection":[{"href":"https:\/\/design.crysound.com\/fr\/wp-json\/wp\/v2\/product"}],"about":[{"href":"https:\/\/design.crysound.com\/fr\/wp-json\/wp\/v2\/types\/product"}],"wp:featuredmedia":[{"embeddable":true,"href":"https:\/\/design.crysound.com\/fr\/wp-json\/wp\/v2\/media\/270568"}],"wp:attachment":[{"href":"https:\/\/design.crysound.com\/fr\/wp-json\/wp\/v2\/media?parent=274956"}],"wp:term":[{"taxonomy":"product_brand","embeddable":true,"href":"https:\/\/design.crysound.com\/fr\/wp-json\/wp\/v2\/product_brand?post=274956"},{"taxonomy":"product_cat","embeddable":true,"href":"https:\/\/design.crysound.com\/fr\/wp-json\/wp\/v2\/product_cat?post=274956"},{"taxonomy":"product_tag","embeddable":true,"href":"https:\/\/design.crysound.com\/fr\/wp-json\/wp\/v2\/product_tag?post=274956"}],"curies":[{"name":"wp","href":"https:\/\/api.w.org\/{rel}","templated":true}]}}