{"id":274955,"date":"2025-05-29T16:23:21","date_gmt":"2025-05-29T16:23:21","guid":{"rendered":"https:\/\/design.crysound.com\/product\/ensemble-de-microphone-en-champ-libre-cry3261-s02-1-2-450-mv-pa\/"},"modified":"2025-05-29T16:23:21","modified_gmt":"2025-05-29T16:23:21","slug":"ensemble-de-microphone-en-champ-libre-cry3261-s02-1-2-450-mv-pa","status":"publish","type":"product","link":"https:\/\/design.crysound.com\/fr\/product\/ensemble-de-microphone-en-champ-libre-cry3261-s02-1-2-450-mv-pa\/","title":{"rendered":"Ensemble de microphone en champ libre CRY3261-S02, 1\/2&Prime;, 450 mV\/Pa"},"content":{"rendered":"<p>Le microphone de mesure pr\u00e9polaris\u00e9 en champ libre CRY3261-S02 pr\u00e9sente un niveau de bruit propre exceptionnellement faible de 6,0 dBA, ce qui en fait un choix id\u00e9al pour la d\u00e9tection et la mesure de niveaux de bruit ultra\u2011faibles. Sa grande sensibilit\u00e9 et sa large plage de fr\u00e9quences garantissent des performances pr\u00e9cises et fiables dans des applications exigeantes de mesure acoustique.<\/p>\n","protected":false},"excerpt":{"rendered":"<p>Ensemble de microphone en champ libre CRY3261-S02, 1\/2&Prime;, 450 mV\/Pa<\/p>\n","protected":false},"featured_media":270529,"template":"","meta":{"_acf_changed":false,"_eb_attr":"","content-type":""},"product_brand":[],"product_cat":[536,537],"product_tag":[],"class_list":{"0":"post-274955","1":"product","2":"type-product","3":"status-publish","4":"has-post-thumbnail","6":"product_cat-capteurs","7":"product_cat-ensemble-de-microphone","9":"first","10":"instock","11":"shipping-taxable","12":"product-type-simple"},"acf":[],"_links":{"self":[{"href":"https:\/\/design.crysound.com\/fr\/wp-json\/wp\/v2\/product\/274955","targetHints":{"allow":["GET"]}}],"collection":[{"href":"https:\/\/design.crysound.com\/fr\/wp-json\/wp\/v2\/product"}],"about":[{"href":"https:\/\/design.crysound.com\/fr\/wp-json\/wp\/v2\/types\/product"}],"wp:featuredmedia":[{"embeddable":true,"href":"https:\/\/design.crysound.com\/fr\/wp-json\/wp\/v2\/media\/270529"}],"wp:attachment":[{"href":"https:\/\/design.crysound.com\/fr\/wp-json\/wp\/v2\/media?parent=274955"}],"wp:term":[{"taxonomy":"product_brand","embeddable":true,"href":"https:\/\/design.crysound.com\/fr\/wp-json\/wp\/v2\/product_brand?post=274955"},{"taxonomy":"product_cat","embeddable":true,"href":"https:\/\/design.crysound.com\/fr\/wp-json\/wp\/v2\/product_cat?post=274955"},{"taxonomy":"product_tag","embeddable":true,"href":"https:\/\/design.crysound.com\/fr\/wp-json\/wp\/v2\/product_tag?post=274955"}],"curies":[{"name":"wp","href":"https:\/\/api.w.org\/{rel}","templated":true}]}}