{"id":274954,"date":"2025-06-03T17:18:15","date_gmt":"2025-06-03T17:18:15","guid":{"rendered":"https:\/\/design.crysound.com\/product\/ensemble-de-microphones-en-champ-libre-cry3401-s01-1-4-158-mv-pa\/"},"modified":"2025-06-03T17:18:15","modified_gmt":"2025-06-03T17:18:15","slug":"ensemble-de-microphones-en-champ-libre-cry3401-s01-1-4-158-mv-pa","status":"publish","type":"product","link":"https:\/\/design.crysound.com\/fr\/product\/ensemble-de-microphones-en-champ-libre-cry3401-s01-1-4-158-mv-pa\/","title":{"rendered":"Ensemble de microphones en champ libre CRY3401-S01, 1\/4&Prime;, 15,8 mV\/Pa"},"content":{"rendered":"<p>Le CRY3401-S01 est un ensemble de mesure pr\u00e9polaris\u00e9 compos\u00e9 d\u2019un microphone en champ libre de 1\/4 de pouce et de son pr\u00e9amplificateur, sp\u00e9cialement con\u00e7u pour les essais acoustiques sensibles dans des environnements \u00e0 faible niveau de bruit.<\/p>\n<p>La conception unique du CRY3401-S01 lui conf\u00e8re un tr\u00e8s faible bruit propre et une plage de fr\u00e9quence de mesure allant jusqu\u2019\u00e0 40 kHz. Il est capable de supporter des niveaux de pression acoustique allant jusqu\u2019\u00e0 148 dB. C\u2019est un excellent ensemble de microphones de mesure polyvalent, adapt\u00e9 aux mesures audio haute d\u00e9finition et \u00e0 d\u2019autres applications acoustiques ultrasonores.<\/p>\n","protected":false},"excerpt":{"rendered":"<p>Ensemble de microphones en champ libre CRY3401-S01, 1\/4&Prime;, 15,8 mV\/Pa<\/p>\n","protected":false},"featured_media":270511,"template":"","meta":{"_acf_changed":false,"_eb_attr":"","content-type":""},"product_brand":[],"product_cat":[536,537],"product_tag":[],"class_list":{"0":"post-274954","1":"product","2":"type-product","3":"status-publish","4":"has-post-thumbnail","6":"product_cat-capteurs","7":"product_cat-ensemble-de-microphone","9":"first","10":"instock","11":"shipping-taxable","12":"product-type-simple"},"acf":[],"_links":{"self":[{"href":"https:\/\/design.crysound.com\/fr\/wp-json\/wp\/v2\/product\/274954","targetHints":{"allow":["GET"]}}],"collection":[{"href":"https:\/\/design.crysound.com\/fr\/wp-json\/wp\/v2\/product"}],"about":[{"href":"https:\/\/design.crysound.com\/fr\/wp-json\/wp\/v2\/types\/product"}],"wp:featuredmedia":[{"embeddable":true,"href":"https:\/\/design.crysound.com\/fr\/wp-json\/wp\/v2\/media\/270511"}],"wp:attachment":[{"href":"https:\/\/design.crysound.com\/fr\/wp-json\/wp\/v2\/media?parent=274954"}],"wp:term":[{"taxonomy":"product_brand","embeddable":true,"href":"https:\/\/design.crysound.com\/fr\/wp-json\/wp\/v2\/product_brand?post=274954"},{"taxonomy":"product_cat","embeddable":true,"href":"https:\/\/design.crysound.com\/fr\/wp-json\/wp\/v2\/product_cat?post=274954"},{"taxonomy":"product_tag","embeddable":true,"href":"https:\/\/design.crysound.com\/fr\/wp-json\/wp\/v2\/product_tag?post=274954"}],"curies":[{"name":"wp","href":"https:\/\/api.w.org\/{rel}","templated":true}]}}