{"id":274929,"date":"2025-05-28T08:15:35","date_gmt":"2025-05-28T08:15:35","guid":{"rendered":"https:\/\/design.crysound.com\/product\/capteur-de-bruit-cry2112\/"},"modified":"2025-05-28T08:15:35","modified_gmt":"2025-05-28T08:15:35","slug":"capteur-de-bruit-cry2112","status":"publish","type":"product","link":"https:\/\/design.crysound.com\/fr\/product\/capteur-de-bruit-cry2112\/","title":{"rendered":"Capteur de bruit CRY2112"},"content":{"rendered":"<p>Le capteur de bruit CRY2112 est un type d\u2019\u00e9quipement de test acoustique d\u00e9velopp\u00e9 par CRYSOUND pour les applications industrielles. Les performances de ce produit sont conformes aux normes IEC 61672 (Classe 1) et GB\/T 3785 (Type 1).<\/p>\n<p>Le capteur est de petite taille et son bo\u00eetier en acier inoxydable est robuste et r\u00e9sistant \u00e0 la corrosion. Il est \u00e9quip\u00e9 d\u2019un microphone de mesure de pr\u00e9cision, d\u2019un pr\u00e9amplificateur int\u00e9gr\u00e9, d\u2019un CAN haute pr\u00e9cision et d\u2019un processeur DSP haute vitesse. Excellente conception mat\u00e9rielle offrant une plage dynamique de 110 dB. Gr\u00e2ce \u00e0 ses excellentes performances, il peut mesurer des bruits ambiants aussi faibles que 25 dBA.<\/p>\n","protected":false},"excerpt":{"rendered":"<p>Le capteur de bruit CRY2112 est un sonom\u00e8tre industriel \u00e0 distance qui r\u00e9pond aux normes IEC 61672-1 de classe 1 et GB\/T 3785-1 de type 1.<\/p>\n","protected":false},"featured_media":273894,"template":"","meta":{"_acf_changed":false,"_eb_attr":"","content-type":""},"product_brand":[],"product_cat":[607,435],"product_tag":[],"class_list":{"0":"post-274929","1":"product","2":"type-product","3":"status-publish","4":"has-post-thumbnail","6":"product_cat-capteur-de-bruit","7":"product_cat-mesure-du-bruit","9":"first","10":"instock","11":"shipping-taxable","12":"product-type-simple"},"acf":[],"_links":{"self":[{"href":"https:\/\/design.crysound.com\/fr\/wp-json\/wp\/v2\/product\/274929","targetHints":{"allow":["GET"]}}],"collection":[{"href":"https:\/\/design.crysound.com\/fr\/wp-json\/wp\/v2\/product"}],"about":[{"href":"https:\/\/design.crysound.com\/fr\/wp-json\/wp\/v2\/types\/product"}],"wp:featuredmedia":[{"embeddable":true,"href":"https:\/\/design.crysound.com\/fr\/wp-json\/wp\/v2\/media\/273894"}],"wp:attachment":[{"href":"https:\/\/design.crysound.com\/fr\/wp-json\/wp\/v2\/media?parent=274929"}],"wp:term":[{"taxonomy":"product_brand","embeddable":true,"href":"https:\/\/design.crysound.com\/fr\/wp-json\/wp\/v2\/product_brand?post=274929"},{"taxonomy":"product_cat","embeddable":true,"href":"https:\/\/design.crysound.com\/fr\/wp-json\/wp\/v2\/product_cat?post=274929"},{"taxonomy":"product_tag","embeddable":true,"href":"https:\/\/design.crysound.com\/fr\/wp-json\/wp\/v2\/product_tag?post=274929"}],"curies":[{"name":"wp","href":"https:\/\/api.w.org\/{rel}","templated":true}]}}