{"id":274927,"date":"2025-05-25T13:16:31","date_gmt":"2025-05-25T13:16:31","guid":{"rendered":"https:\/\/design.crysound.com\/product\/camera-dimagerie-acoustique-montee-sur-drone-cry2626g\/"},"modified":"2025-05-25T13:16:31","modified_gmt":"2025-05-25T13:16:31","slug":"camera-dimagerie-acoustique-montee-sur-drone-cry2626g","status":"publish","type":"product","link":"https:\/\/design.crysound.com\/fr\/product\/camera-dimagerie-acoustique-montee-sur-drone-cry2626g\/","title":{"rendered":"Cam\u00e9ra d\u2019imagerie acoustique mont\u00e9e sur drone CRY2626G"},"content":{"rendered":"<p>La CRY2626G est la premi\u00e8re cam\u00e9ra d\u2019imagerie acoustique au monde mont\u00e9e sur drone pour la d\u00e9tection des fuites de syst\u00e8mes sous pression et des d\u00e9charges partielles \u00e9lectriques. La cam\u00e9ra utilise un r\u00e9seau de microphones avec technologie de formation de faisceau (beamforming) pour localiser et acqu\u00e9rir les donn\u00e9es de r\u00e9partition des sources sonores, puis les superposer \u00e0 une image vid\u00e9o haute r\u00e9solution.<br \/>\nLe syst\u00e8me est \u00e9quip\u00e9 d\u2019un cardan \u00e9lectrique 2 axes qui permet de contr\u00f4ler le panoramique et l\u2019inclinaison de la cam\u00e9ra depuis la radiocommande du drone. Cela est particuli\u00e8rement utile pour identifier rapidement les fuites potentielles de gaz et les d\u00e9fauts de d\u00e9charge partielle.<br \/>\nDot\u00e9e d\u2019un corps en alliage d\u2019aluminium robuste et l\u00e9ger, la CRY2626G est con\u00e7ue pour rester fiable dans les conditions environnementales les plus exigeantes. Le DJI SKYPORT fourni permet un montage et un d\u00e9montage faciles. Les modes photo et vid\u00e9o sont tous deux pris en charge et les donn\u00e9es sont stock\u00e9es sur une carte TF de grande capacit\u00e9 pour faciliter l\u2019exportation des r\u00e9sultats d\u2019inspection.<\/p>\n","protected":false},"excerpt":{"rendered":"<p>La CRY2626G est la premi\u00e8re cam\u00e9ra d\u2019imagerie acoustique au monde mont\u00e9e sur drone pour la d\u00e9tection des fuites de syst\u00e8mes sous pression et des d\u00e9charges partielles \u00e9lectriques. La cam\u00e9ra utilise un r\u00e9seau de microphones avec technologie de formation de faisceau (beamforming) pour localiser et acqu\u00e9rir les donn\u00e9es de r\u00e9partition des sources sonores, puis les superposer \u00e0 une image vid\u00e9o haute r\u00e9solution.<\/p>\n<p>Le syst\u00e8me est \u00e9quip\u00e9 d\u2019un cardan \u00e9lectrique 2 axes qui permet de contr\u00f4ler le panoramique et l\u2019inclinaison de la cam\u00e9ra depuis la radiocommande du drone. Cela est particuli\u00e8rement utile pour identifier rapidement les fuites potentielles de gaz et les d\u00e9fauts de d\u00e9charge partielle.<\/p>\n<p>Dot\u00e9e d\u2019un corps en alliage d\u2019aluminium robuste et l\u00e9ger, la CRY2626G est con\u00e7ue pour rester fiable dans les conditions environnementales les plus exigeantes. Le DJI SKYPORT fourni permet un montage et un d\u00e9montage faciles. Les modes photo et vid\u00e9o sont tous deux pris en charge et les donn\u00e9es sont stock\u00e9es sur une carte TF de grande capacit\u00e9 pour faciliter l\u2019exportation des r\u00e9sultats d\u2019inspection.<\/p>\n","protected":false},"featured_media":270614,"template":"","meta":{"_acf_changed":false,"_eb_attr":"","content-type":""},"product_brand":[],"product_cat":[612,534],"product_tag":[],"class_list":{"0":"post-274927","1":"product","2":"type-product","3":"status-publish","4":"has-post-thumbnail","6":"product_cat-camera-dimagerie-acoustique-pour-uav","7":"product_cat-imagerie-acoustique","9":"first","10":"instock","11":"shipping-taxable","12":"product-type-simple"},"acf":[],"_links":{"self":[{"href":"https:\/\/design.crysound.com\/fr\/wp-json\/wp\/v2\/product\/274927","targetHints":{"allow":["GET"]}}],"collection":[{"href":"https:\/\/design.crysound.com\/fr\/wp-json\/wp\/v2\/product"}],"about":[{"href":"https:\/\/design.crysound.com\/fr\/wp-json\/wp\/v2\/types\/product"}],"wp:featuredmedia":[{"embeddable":true,"href":"https:\/\/design.crysound.com\/fr\/wp-json\/wp\/v2\/media\/270614"}],"wp:attachment":[{"href":"https:\/\/design.crysound.com\/fr\/wp-json\/wp\/v2\/media?parent=274927"}],"wp:term":[{"taxonomy":"product_brand","embeddable":true,"href":"https:\/\/design.crysound.com\/fr\/wp-json\/wp\/v2\/product_brand?post=274927"},{"taxonomy":"product_cat","embeddable":true,"href":"https:\/\/design.crysound.com\/fr\/wp-json\/wp\/v2\/product_cat?post=274927"},{"taxonomy":"product_tag","embeddable":true,"href":"https:\/\/design.crysound.com\/fr\/wp-json\/wp\/v2\/product_tag?post=274927"}],"curies":[{"name":"wp","href":"https:\/\/api.w.org\/{rel}","templated":true}]}}