{"id":274924,"date":"2025-06-03T06:06:30","date_gmt":"2025-06-03T06:06:30","guid":{"rendered":"https:\/\/design.crysound.com\/product\/ensemble-de-microphone-en-champ-libre-cry3101-s01-1-50-mv-pa\/"},"modified":"2025-06-03T06:06:30","modified_gmt":"2025-06-03T06:06:30","slug":"ensemble-de-microphone-en-champ-libre-cry3101-s01-1-50-mv-pa","status":"publish","type":"product","link":"https:\/\/design.crysound.com\/fr\/product\/ensemble-de-microphone-en-champ-libre-cry3101-s01-1-50-mv-pa\/","title":{"rendered":"Ensemble de microphone en champ libre CRY3101-S01, 1&Prime;, 50 mV\/Pa"},"content":{"rendered":"<p>Le CRY3101-S01 est un ensemble de microphone de mesure pr\u00e9polaris\u00e9 en champ libre de 1 pouce avec pr\u00e9amplificateur, sp\u00e9cialement con\u00e7u pour les essais acoustiques sensibles dans des environnements \u00e0 faible bruit tels que les chambres an\u00e9cho\u00efques et les salles silencieuses.<\/p>\n<p>Il est \u00e9galement largement applicable dans divers domaines n\u00e9cessitant des essais acoustiques pr\u00e9cis, la recherche en conception acoustique, ainsi que les essais et l\u2019\u00e9talonnage d\u2019\u00e9quipements audio, y compris les haut-parleurs.<\/p>\n","protected":false},"excerpt":{"rendered":"<p>Ensemble de microphone en champ libre CRY3101-S01, 1&Prime;, 50 mV\/Pa<\/p>\n","protected":false},"featured_media":270526,"template":"","meta":{"_acf_changed":false,"_eb_attr":"","content-type":""},"product_brand":[],"product_cat":[536,537],"product_tag":[],"class_list":{"0":"post-274924","1":"product","2":"type-product","3":"status-publish","4":"has-post-thumbnail","6":"product_cat-capteurs","7":"product_cat-ensemble-de-microphone","9":"first","10":"instock","11":"shipping-taxable","12":"product-type-simple"},"acf":[],"_links":{"self":[{"href":"https:\/\/design.crysound.com\/fr\/wp-json\/wp\/v2\/product\/274924","targetHints":{"allow":["GET"]}}],"collection":[{"href":"https:\/\/design.crysound.com\/fr\/wp-json\/wp\/v2\/product"}],"about":[{"href":"https:\/\/design.crysound.com\/fr\/wp-json\/wp\/v2\/types\/product"}],"wp:featuredmedia":[{"embeddable":true,"href":"https:\/\/design.crysound.com\/fr\/wp-json\/wp\/v2\/media\/270526"}],"wp:attachment":[{"href":"https:\/\/design.crysound.com\/fr\/wp-json\/wp\/v2\/media?parent=274924"}],"wp:term":[{"taxonomy":"product_brand","embeddable":true,"href":"https:\/\/design.crysound.com\/fr\/wp-json\/wp\/v2\/product_brand?post=274924"},{"taxonomy":"product_cat","embeddable":true,"href":"https:\/\/design.crysound.com\/fr\/wp-json\/wp\/v2\/product_cat?post=274924"},{"taxonomy":"product_tag","embeddable":true,"href":"https:\/\/design.crysound.com\/fr\/wp-json\/wp\/v2\/product_tag?post=274924"}],"curies":[{"name":"wp","href":"https:\/\/api.w.org\/{rel}","templated":true}]}}