{"id":274923,"date":"2025-06-05T05:17:58","date_gmt":"2025-06-05T05:17:58","guid":{"rendered":"https:\/\/design.crysound.com\/product\/cry3403-s01-kit-de-microphone-en-champ-libre-1-4-4-mv-pa\/"},"modified":"2025-06-05T05:17:58","modified_gmt":"2025-06-05T05:17:58","slug":"cry3403-s01-kit-de-microphone-en-champ-libre-1-4-4-mv-pa","status":"publish","type":"product","link":"https:\/\/design.crysound.com\/fr\/product\/cry3403-s01-kit-de-microphone-en-champ-libre-1-4-4-mv-pa\/","title":{"rendered":"CRY3403-S01 Kit de microphone en champ libre, 1\/4&Prime;, 4 mV\/Pa"},"content":{"rendered":"<p>Le CRY3403-S01 est un kit de microphone de mesure pr\u00e9polaris\u00e9 en champ libre de 1\/4 de pouce avec pr\u00e9amplificateur associ\u00e9, con\u00e7u pour les mesures acoustiques \u00e0 ultra-haute fr\u00e9quence et \u00e0 large plage dynamique.<\/p>\n<p>Le CRY3403-S01 se distingue par une conception particuli\u00e8re qui offre une r\u00e9ponse en fr\u00e9quence exceptionnellement large et plate, s\u2019\u00e9tendant jusqu\u2019\u00e0 90 kHz, et pouvant supporter des niveaux de pression acoustique allant jusqu\u2019\u00e0 160 dB. Ce kit de microphone s\u2019impose comme un outil polyvalent pour les mesures audio haute d\u00e9finition et diverses applications acoustiques ultrasonores, ce qui le rend id\u00e9al aussi bien pour les besoins de mesure g\u00e9n\u00e9raux que sp\u00e9cialis\u00e9s.<\/p>\n","protected":false},"excerpt":{"rendered":"<p>CRY3403-S01 Kit de microphone en champ libre, 1\/4&Prime;, 4 mV\/Pa<\/p>\n","protected":false},"featured_media":270508,"template":"","meta":{"_acf_changed":false,"_eb_attr":"","content-type":""},"product_brand":[],"product_cat":[536,537],"product_tag":[],"class_list":{"0":"post-274923","1":"product","2":"type-product","3":"status-publish","4":"has-post-thumbnail","6":"product_cat-capteurs","7":"product_cat-ensemble-de-microphone","9":"first","10":"instock","11":"shipping-taxable","12":"product-type-simple"},"acf":[],"_links":{"self":[{"href":"https:\/\/design.crysound.com\/fr\/wp-json\/wp\/v2\/product\/274923","targetHints":{"allow":["GET"]}}],"collection":[{"href":"https:\/\/design.crysound.com\/fr\/wp-json\/wp\/v2\/product"}],"about":[{"href":"https:\/\/design.crysound.com\/fr\/wp-json\/wp\/v2\/types\/product"}],"wp:featuredmedia":[{"embeddable":true,"href":"https:\/\/design.crysound.com\/fr\/wp-json\/wp\/v2\/media\/270508"}],"wp:attachment":[{"href":"https:\/\/design.crysound.com\/fr\/wp-json\/wp\/v2\/media?parent=274923"}],"wp:term":[{"taxonomy":"product_brand","embeddable":true,"href":"https:\/\/design.crysound.com\/fr\/wp-json\/wp\/v2\/product_brand?post=274923"},{"taxonomy":"product_cat","embeddable":true,"href":"https:\/\/design.crysound.com\/fr\/wp-json\/wp\/v2\/product_cat?post=274923"},{"taxonomy":"product_tag","embeddable":true,"href":"https:\/\/design.crysound.com\/fr\/wp-json\/wp\/v2\/product_tag?post=274923"}],"curies":[{"name":"wp","href":"https:\/\/api.w.org\/{rel}","templated":true}]}}