{"id":274919,"date":"2025-05-25T17:07:48","date_gmt":"2025-05-25T17:07:48","guid":{"rendered":"https:\/\/design.crysound.com\/product\/sonometre-cry2851\/"},"modified":"2025-05-25T17:07:48","modified_gmt":"2025-05-25T17:07:48","slug":"sonometre-cry2851","status":"publish","type":"product","link":"https:\/\/design.crysound.com\/fr\/product\/sonometre-cry2851\/","title":{"rendered":"Sonom\u00e8tre CRY2851"},"content":{"rendered":"<p>Le sonom\u00e8tre CRY2851 est con\u00e7u sp\u00e9cifiquement pour la surveillance du bruit dans divers sc\u00e9narios d\u2019application. Cette gamme de produits r\u00e9pond aux exigences pertinentes de la norme IEC 61672-1:2013 et offre des produits de pr\u00e9cision Classe 1. De plus, en fonction des diff\u00e9rents besoins des clients, une vari\u00e9t\u00e9 d\u2019options fonctionnelles peuvent \u00eatre propos\u00e9es, notamment la mesure int\u00e9grale, l\u2019analyse statistique, l\u2019analyse d\u2019octave 1\/1, l\u2019analyse en tiers d\u2019octave 1\/3 et l\u2019analyse FFT.<\/p>\n<p>Le CRY2851 s\u2019adapte \u00e0 des sc\u00e9narios de surveillance vari\u00e9s, ce qui en fait un choix id\u00e9al pour des applications telles que la surveillance du bruit environnemental, les \u00e9valuations du bruit du trafic, le suivi en ligne de la pollution sonore, les \u00e9valuations du bruit en sant\u00e9 au travail et la surveillance du bruit a\u00e9roportuaire. Sa flexibilit\u00e9 et sa pr\u00e9cision permettent de mettre en place des capacit\u00e9s de surveillance du bruit pr\u00e9cises et fiables.<\/p>\n","protected":false},"excerpt":{"rendered":"<p>Le sonom\u00e8tre CRY2851 est con\u00e7u sp\u00e9cifiquement pour la surveillance du bruit dans diverses applications. CRYSOUND.<\/p>\n","protected":false},"featured_media":270537,"template":"","meta":{"_acf_changed":false,"_eb_attr":"","content-type":""},"product_brand":[],"product_cat":[15,506,31],"product_tag":[],"class_list":{"0":"post-274919","1":"product","2":"type-product","3":"status-publish","4":"has-post-thumbnail","6":"product_cat-noise-measurement","7":"product_cat-hompage-featured-product-showcase","8":"product_cat-sound-level-meter","10":"first","11":"instock","12":"shipping-taxable","13":"product-type-simple"},"acf":[],"_links":{"self":[{"href":"https:\/\/design.crysound.com\/fr\/wp-json\/wp\/v2\/product\/274919","targetHints":{"allow":["GET"]}}],"collection":[{"href":"https:\/\/design.crysound.com\/fr\/wp-json\/wp\/v2\/product"}],"about":[{"href":"https:\/\/design.crysound.com\/fr\/wp-json\/wp\/v2\/types\/product"}],"wp:featuredmedia":[{"embeddable":true,"href":"https:\/\/design.crysound.com\/fr\/wp-json\/wp\/v2\/media\/270537"}],"wp:attachment":[{"href":"https:\/\/design.crysound.com\/fr\/wp-json\/wp\/v2\/media?parent=274919"}],"wp:term":[{"taxonomy":"product_brand","embeddable":true,"href":"https:\/\/design.crysound.com\/fr\/wp-json\/wp\/v2\/product_brand?post=274919"},{"taxonomy":"product_cat","embeddable":true,"href":"https:\/\/design.crysound.com\/fr\/wp-json\/wp\/v2\/product_cat?post=274919"},{"taxonomy":"product_tag","embeddable":true,"href":"https:\/\/design.crysound.com\/fr\/wp-json\/wp\/v2\/product_tag?post=274919"}],"curies":[{"name":"wp","href":"https:\/\/api.w.org\/{rel}","templated":true}]}}