{"id":274909,"date":"2025-06-05T06:24:11","date_gmt":"2025-06-05T06:24:11","guid":{"rendered":"https:\/\/design.crysound.com\/product\/ensemble-de-microphone-en-champ-libre-cry3403-s02-1-4-4-mv-pa\/"},"modified":"2025-06-05T06:24:11","modified_gmt":"2025-06-05T06:24:11","slug":"ensemble-de-microphone-en-champ-libre-cry3403-s02-1-4-4-mv-pa","status":"publish","type":"product","link":"https:\/\/design.crysound.com\/fr\/product\/ensemble-de-microphone-en-champ-libre-cry3403-s02-1-4-4-mv-pa\/","title":{"rendered":"Ensemble de microphone en champ libre CRY3403-S02, 1\/4&Prime;, 4 mV\/Pa"},"content":{"rendered":"<p>Le CRY3403-S02 est un ensemble de microphone de mesure pr\u00e9polaris\u00e9 en champ libre de 1\/4 de pouce avec pr\u00e9amplificateur, con\u00e7u pour les mesures acoustiques \u00e0 ultra-haute fr\u00e9quence et \u00e0 large plage dynamique.<\/p>\n<p>Le CRY3403-S02 est con\u00e7u avec une architecture unique qui garantit une r\u00e9ponse en fr\u00e9quence exceptionnellement large et plate, s\u2019\u00e9tendant jusqu\u2019\u00e0 90 kHz, et peut supporter des niveaux de pression acoustique allant jusqu\u2019\u00e0 160 dB. Cet ensemble de microphone est un excellent choix pour les mesures g\u00e9n\u00e9rales, offrant des performances sup\u00e9rieures pour l\u2019analyse audio haute d\u00e9finition et une gamme d\u2019applications acoustiques ultrasonores.<\/p>\n","protected":false},"excerpt":{"rendered":"<p>Le CRY3403-S02 est un ensemble de microphone de mesure pr\u00e9polaris\u00e9 en champ libre de 1\/4 de pouce avec pr\u00e9amplificateur, con\u00e7u pour les mesures acoustiques \u00e0 ultra-haute fr\u00e9quence et \u00e0 large plage dynamique.<\/p>\n<p>Le CRY3403-S02 est con\u00e7u avec une architecture unique qui garantit une r\u00e9ponse en fr\u00e9quence exceptionnellement large et plate, s\u2019\u00e9tendant jusqu\u2019\u00e0 90 kHz, et peut supporter des niveaux de pression acoustique allant jusqu\u2019\u00e0 160 dB. Cet ensemble de microphone est un excellent choix pour les mesures g\u00e9n\u00e9rales, offrant des performances sup\u00e9rieures pour l\u2019analyse audio haute d\u00e9finition et une gamme d\u2019applications acoustiques ultrasonores.<\/p>\n","protected":false},"featured_media":270505,"template":"","meta":{"_acf_changed":false,"_eb_attr":"","content-type":""},"product_brand":[],"product_cat":[35,36],"product_tag":[],"class_list":{"0":"post-274909","1":"product","2":"type-product","3":"status-publish","4":"has-post-thumbnail","6":"product_cat-sensors","7":"product_cat-microphone-sets","9":"first","10":"instock","11":"shipping-taxable","12":"product-type-simple"},"acf":[],"_links":{"self":[{"href":"https:\/\/design.crysound.com\/fr\/wp-json\/wp\/v2\/product\/274909","targetHints":{"allow":["GET"]}}],"collection":[{"href":"https:\/\/design.crysound.com\/fr\/wp-json\/wp\/v2\/product"}],"about":[{"href":"https:\/\/design.crysound.com\/fr\/wp-json\/wp\/v2\/types\/product"}],"wp:featuredmedia":[{"embeddable":true,"href":"https:\/\/design.crysound.com\/fr\/wp-json\/wp\/v2\/media\/270505"}],"wp:attachment":[{"href":"https:\/\/design.crysound.com\/fr\/wp-json\/wp\/v2\/media?parent=274909"}],"wp:term":[{"taxonomy":"product_brand","embeddable":true,"href":"https:\/\/design.crysound.com\/fr\/wp-json\/wp\/v2\/product_brand?post=274909"},{"taxonomy":"product_cat","embeddable":true,"href":"https:\/\/design.crysound.com\/fr\/wp-json\/wp\/v2\/product_cat?post=274909"},{"taxonomy":"product_tag","embeddable":true,"href":"https:\/\/design.crysound.com\/fr\/wp-json\/wp\/v2\/product_tag?post=274909"}],"curies":[{"name":"wp","href":"https:\/\/api.w.org\/{rel}","templated":true}]}}