{"id":274908,"date":"2025-06-03T15:13:37","date_gmt":"2025-06-03T15:13:37","guid":{"rendered":"https:\/\/design.crysound.com\/product\/ensemble-de-microphone-en-champ-libre-cry3201-s01-1-2-125-mv-pa\/"},"modified":"2025-06-03T15:13:37","modified_gmt":"2025-06-03T15:13:37","slug":"ensemble-de-microphone-en-champ-libre-cry3201-s01-1-2-125-mv-pa","status":"publish","type":"product","link":"https:\/\/design.crysound.com\/fr\/product\/ensemble-de-microphone-en-champ-libre-cry3201-s01-1-2-125-mv-pa\/","title":{"rendered":"Ensemble de microphone en champ libre CRY3201-S01, 1\/2&Prime;, 12,5 mV\/Pa"},"content":{"rendered":"<p>Le CRY3201-S01 est un ensemble de microphone de mesure pr\u00e9polaris\u00e9 en champ libre de 1\/2 pouce avec pr\u00e9amplificateur, sp\u00e9cialement con\u00e7u pour les mesures acoustiques \u00e0 haute fr\u00e9quence et \u00e0 large plage dynamique.<\/p>\n<p>Le design unique du CRY3201-S01 garantit une r\u00e9ponse en fr\u00e9quence plate, avec une plage de mesure allant jusqu\u2019\u00e0 40 kHz, et il peut \u00e9galement supporter des niveaux de pression acoustique allant jusqu\u2019\u00e0 148 dB. C\u2019est un excellent microphone de mesure polyvalent pour les mesures audio haute d\u00e9finition et autres applications acoustiques ultrasonores.<\/p>\n","protected":false},"excerpt":{"rendered":"<p>Ensemble de microphone en champ libre CRY3201-S01, 1\/2&Prime;, 12,5 mV\/Pa<\/p>\n","protected":false},"featured_media":270523,"template":"","meta":{"_acf_changed":false,"_eb_attr":"","content-type":""},"product_brand":[],"product_cat":[35,36],"product_tag":[],"class_list":{"0":"post-274908","1":"product","2":"type-product","3":"status-publish","4":"has-post-thumbnail","6":"product_cat-sensors","7":"product_cat-microphone-sets","9":"first","10":"instock","11":"shipping-taxable","12":"product-type-simple"},"acf":[],"_links":{"self":[{"href":"https:\/\/design.crysound.com\/fr\/wp-json\/wp\/v2\/product\/274908","targetHints":{"allow":["GET"]}}],"collection":[{"href":"https:\/\/design.crysound.com\/fr\/wp-json\/wp\/v2\/product"}],"about":[{"href":"https:\/\/design.crysound.com\/fr\/wp-json\/wp\/v2\/types\/product"}],"wp:featuredmedia":[{"embeddable":true,"href":"https:\/\/design.crysound.com\/fr\/wp-json\/wp\/v2\/media\/270523"}],"wp:attachment":[{"href":"https:\/\/design.crysound.com\/fr\/wp-json\/wp\/v2\/media?parent=274908"}],"wp:term":[{"taxonomy":"product_brand","embeddable":true,"href":"https:\/\/design.crysound.com\/fr\/wp-json\/wp\/v2\/product_brand?post=274908"},{"taxonomy":"product_cat","embeddable":true,"href":"https:\/\/design.crysound.com\/fr\/wp-json\/wp\/v2\/product_cat?post=274908"},{"taxonomy":"product_tag","embeddable":true,"href":"https:\/\/design.crysound.com\/fr\/wp-json\/wp\/v2\/product_tag?post=274908"}],"curies":[{"name":"wp","href":"https:\/\/api.w.org\/{rel}","templated":true}]}}