{"id":274905,"date":"2025-05-28T15:18:15","date_gmt":"2025-05-28T15:18:15","guid":{"rendered":"https:\/\/design.crysound.com\/product\/capteur-de-bruit-cry2301\/"},"modified":"2025-05-28T15:18:15","modified_gmt":"2025-05-28T15:18:15","slug":"capteur-de-bruit-cry2301","status":"publish","type":"product","link":"https:\/\/design.crysound.com\/fr\/product\/capteur-de-bruit-cry2301\/","title":{"rendered":"Capteur de bruit CRY2301"},"content":{"rendered":"<p>Le CRY2301 est un syst\u00e8me compact monocanal d\u2019acquisition et d\u2019analyse du bruit et des vibrations. Il offre des mesures en temps r\u00e9el du niveau de pression acoustique, ainsi que des fonctions avanc\u00e9es d\u2019analyse en bandes d\u2019octave 1\/1, 1\/3, 1\/6, 1\/12, 1\/24 et par FFT, ce qui en fait une solution polyvalente pour un large \u00e9ventail d\u2019applications.<\/p>\n<p>En plus de ses fonctions compl\u00e8tes d\u2019analyse, le CRY2301 propose des fonctionnalit\u00e9s utiles de gestion des donn\u00e9es. Les utilisateurs peuvent enregistrer les courbes d\u2019essai et les donn\u00e9es dans une base de donn\u00e9es, et comparer les niveaux mesur\u00e9s \u00e0 des seuils pr\u00e9d\u00e9finis afin d\u2019effectuer des jugements automatis\u00e9s.<\/p>\n<p>Le CRY2301 est largement adopt\u00e9 dans les industries de la fabrication m\u00e9canique et de l\u2019\u00e9lectrom\u00e9nager pour la surveillance du bruit ambiant et les essais de niveau de pression acoustique des produits. C\u2019est un outil inestimable pour les ing\u00e9nieurs et les chercheurs qui travaillent \u00e0 caract\u00e9riser et optimiser les performances acoustiques de divers produits et syst\u00e8mes.<\/p>\n","protected":false},"excerpt":{"rendered":"<p>Le CRY2301 est un syst\u00e8me monocanal d\u2019acquisition et d\u2019analyse du bruit et des vibrations, capable de r\u00e9aliser des mesures en temps r\u00e9el du niveau de pression acoustique, ainsi que des analyses en bandes d\u2019octave 1\/1, 1\/3, 1\/6, 1\/12, 1\/24 et par FFT, ce qui en fait une solution polyvalente pour un large \u00e9ventail d\u2019applications.<\/p>\n","protected":false},"featured_media":273900,"template":"","meta":{"_acf_changed":false,"_eb_attr":"","content-type":""},"product_brand":[],"product_cat":[32,15],"product_tag":[],"class_list":{"0":"post-274905","1":"product","2":"type-product","3":"status-publish","4":"has-post-thumbnail","6":"product_cat-noise-sensor","7":"product_cat-noise-measurement","9":"first","10":"instock","11":"shipping-taxable","12":"product-type-simple"},"acf":[],"_links":{"self":[{"href":"https:\/\/design.crysound.com\/fr\/wp-json\/wp\/v2\/product\/274905","targetHints":{"allow":["GET"]}}],"collection":[{"href":"https:\/\/design.crysound.com\/fr\/wp-json\/wp\/v2\/product"}],"about":[{"href":"https:\/\/design.crysound.com\/fr\/wp-json\/wp\/v2\/types\/product"}],"wp:featuredmedia":[{"embeddable":true,"href":"https:\/\/design.crysound.com\/fr\/wp-json\/wp\/v2\/media\/273900"}],"wp:attachment":[{"href":"https:\/\/design.crysound.com\/fr\/wp-json\/wp\/v2\/media?parent=274905"}],"wp:term":[{"taxonomy":"product_brand","embeddable":true,"href":"https:\/\/design.crysound.com\/fr\/wp-json\/wp\/v2\/product_brand?post=274905"},{"taxonomy":"product_cat","embeddable":true,"href":"https:\/\/design.crysound.com\/fr\/wp-json\/wp\/v2\/product_cat?post=274905"},{"taxonomy":"product_tag","embeddable":true,"href":"https:\/\/design.crysound.com\/fr\/wp-json\/wp\/v2\/product_tag?post=274905"}],"curies":[{"name":"wp","href":"https:\/\/api.w.org\/{rel}","templated":true}]}}