{"id":274899,"date":"2025-05-27T16:05:14","date_gmt":"2025-05-27T16:05:14","guid":{"rendered":"https:\/\/design.crysound.com\/product\/sonometre-cry2831\/"},"modified":"2025-05-27T16:05:14","modified_gmt":"2025-05-27T16:05:14","slug":"sonometre-cry2831","status":"publish","type":"product","link":"https:\/\/design.crysound.com\/fr\/product\/sonometre-cry2831\/","title":{"rendered":"Sonom\u00e8tre CRY2831"},"content":{"rendered":"<p>Le CRY2831 est un outil \u00e9conomique sp\u00e9cialement con\u00e7u pour les t\u00e2ches de mesure de bruit de base. Il est conforme \u00e0 la norme IEC 61672-1:2013 Classe 2, garantissant des mesures fiables et pr\u00e9cises r\u00e9pondant \u00e0 des crit\u00e8res reconnus au niveau international.<\/p>\n<p>Son design l\u00e9ger et compact le rend facile \u00e0 transporter, ce qui le rend pratique pour les mesures sur le terrain et les \u00e9valuations en mobilit\u00e9. Le CRY2831 est capable de mesurer les param\u00e8tres de bruit essentiels, fournissant aux utilisateurs les donn\u00e9es fondamentales n\u00e9cessaires \u00e0 l\u2019\u00e9valuation et \u00e0 l\u2019analyse du bruit.<\/p>\n","protected":false},"excerpt":{"rendered":"<p>Le CRY2831 est un outil \u00e9conomique pour les mesures de bruit de base, con\u00e7u pour la mesure du bruit, les mesures environnementales et les mesures sur les produits industriels. Il est conforme \u00e0 la norme IEC61672-1:2013 Classe 2. CRYSOUND.<\/p>\n","protected":false},"featured_media":270532,"template":"","meta":{"_acf_changed":false,"_eb_attr":"","content-type":""},"product_brand":[],"product_cat":[15,31],"product_tag":[],"class_list":{"0":"post-274899","1":"product","2":"type-product","3":"status-publish","4":"has-post-thumbnail","6":"product_cat-noise-measurement","7":"product_cat-sound-level-meter","9":"first","10":"instock","11":"shipping-taxable","12":"product-type-simple"},"acf":[],"_links":{"self":[{"href":"https:\/\/design.crysound.com\/fr\/wp-json\/wp\/v2\/product\/274899","targetHints":{"allow":["GET"]}}],"collection":[{"href":"https:\/\/design.crysound.com\/fr\/wp-json\/wp\/v2\/product"}],"about":[{"href":"https:\/\/design.crysound.com\/fr\/wp-json\/wp\/v2\/types\/product"}],"wp:featuredmedia":[{"embeddable":true,"href":"https:\/\/design.crysound.com\/fr\/wp-json\/wp\/v2\/media\/270532"}],"wp:attachment":[{"href":"https:\/\/design.crysound.com\/fr\/wp-json\/wp\/v2\/media?parent=274899"}],"wp:term":[{"taxonomy":"product_brand","embeddable":true,"href":"https:\/\/design.crysound.com\/fr\/wp-json\/wp\/v2\/product_brand?post=274899"},{"taxonomy":"product_cat","embeddable":true,"href":"https:\/\/design.crysound.com\/fr\/wp-json\/wp\/v2\/product_cat?post=274899"},{"taxonomy":"product_tag","embeddable":true,"href":"https:\/\/design.crysound.com\/fr\/wp-json\/wp\/v2\/product_tag?post=274899"}],"curies":[{"name":"wp","href":"https:\/\/api.w.org\/{rel}","templated":true}]}}