{"id":274885,"date":"2025-06-05T16:27:18","date_gmt":"2025-06-05T16:27:18","guid":{"rendered":"https:\/\/design.crysound.com\/product\/ensemble-de-microphone-a-champ-de-pression-cry3204-s01-1-2-50-mv-pa\/"},"modified":"2025-06-05T16:27:18","modified_gmt":"2025-06-05T16:27:18","slug":"ensemble-de-microphone-a-champ-de-pression-cry3204-s01-1-2-50-mv-pa","status":"publish","type":"product","link":"https:\/\/design.crysound.com\/fr\/product\/ensemble-de-microphone-a-champ-de-pression-cry3204-s01-1-2-50-mv-pa\/","title":{"rendered":"Ensemble de microphone \u00e0 champ de pression CRY3204-S01, 1\/2&Prime;, 50 mV\/Pa"},"content":{"rendered":"<p>Le CRY3204-S01 est un ensemble microphonique de mesure pr\u00e9polaris\u00e9 \u00e0 champ de pression de 1\/2 pouce avec pr\u00e9amplificateur, con\u00e7u pour \u00eatre utilis\u00e9 avec un coupleur pour des essais \u00e9lectroacoustiques associ\u00e9s.<\/p>\n<p>La conception distinctive du CRY3204-S01 le rend extr\u00eamement efficace pour tester un large \u00e9ventail de dispositifs \u00e9lectroacoustiques, y compris des haut-parleurs et des casques audio. Sa polyvalence s\u2019\u00e9tend \u00e9galement \u00e0 la recherche en conception acoustique et \u00e0 l\u2019\u00e9talonnage d\u2019\u00e9quipements audio, ce qui en fait un outil pr\u00e9cieux dans ces domaines sp\u00e9cialis\u00e9s.<\/p>\n<p>\u200d<\/p>\n","protected":false},"excerpt":{"rendered":"<p>Le CRY3204-S01 est un ensemble microphonique de mesure pr\u00e9polaris\u00e9 \u00e0 champ de pression de 1\/2 pouce avec pr\u00e9amplificateur, con\u00e7u pour \u00eatre utilis\u00e9 avec un coupleur pour des essais \u00e9lectroacoustiques associ\u00e9s.<\/p>\n<p>La conception distinctive du CRY3204-S01 le rend extr\u00eamement efficace pour tester un large \u00e9ventail de dispositifs \u00e9lectroacoustiques, y compris des haut-parleurs et des casques audio. Sa polyvalence s\u2019\u00e9tend \u00e9galement \u00e0 la recherche en conception acoustique et \u00e0 l\u2019\u00e9talonnage d\u2019\u00e9quipements audio, ce qui en fait un outil pr\u00e9cieux dans ces domaines sp\u00e9cialis\u00e9s.<\/p>\n<p>\u200d<\/p>\n","protected":false},"featured_media":270493,"template":"","meta":{"_acf_changed":false,"_eb_attr":"","content-type":""},"product_brand":[],"product_cat":[536,537],"product_tag":[],"class_list":{"0":"post-274885","1":"product","2":"type-product","3":"status-publish","4":"has-post-thumbnail","6":"product_cat-capteurs","7":"product_cat-ensemble-de-microphone","9":"first","10":"instock","11":"shipping-taxable","12":"product-type-simple"},"acf":[],"_links":{"self":[{"href":"https:\/\/design.crysound.com\/fr\/wp-json\/wp\/v2\/product\/274885","targetHints":{"allow":["GET"]}}],"collection":[{"href":"https:\/\/design.crysound.com\/fr\/wp-json\/wp\/v2\/product"}],"about":[{"href":"https:\/\/design.crysound.com\/fr\/wp-json\/wp\/v2\/types\/product"}],"wp:featuredmedia":[{"embeddable":true,"href":"https:\/\/design.crysound.com\/fr\/wp-json\/wp\/v2\/media\/270493"}],"wp:attachment":[{"href":"https:\/\/design.crysound.com\/fr\/wp-json\/wp\/v2\/media?parent=274885"}],"wp:term":[{"taxonomy":"product_brand","embeddable":true,"href":"https:\/\/design.crysound.com\/fr\/wp-json\/wp\/v2\/product_brand?post=274885"},{"taxonomy":"product_cat","embeddable":true,"href":"https:\/\/design.crysound.com\/fr\/wp-json\/wp\/v2\/product_cat?post=274885"},{"taxonomy":"product_tag","embeddable":true,"href":"https:\/\/design.crysound.com\/fr\/wp-json\/wp\/v2\/product_tag?post=274885"}],"curies":[{"name":"wp","href":"https:\/\/api.w.org\/{rel}","templated":true}]}}