{"id":274882,"date":"2025-06-05T15:46:07","date_gmt":"2025-06-05T15:46:07","guid":{"rendered":"https:\/\/design.crysound.com\/product\/ensemble-de-microphone-a-champ-de-pression-cry3202-s01-1-2-125-mv-pa\/"},"modified":"2025-06-05T15:46:07","modified_gmt":"2025-06-05T15:46:07","slug":"ensemble-de-microphone-a-champ-de-pression-cry3202-s01-1-2-125-mv-pa","status":"publish","type":"product","link":"https:\/\/design.crysound.com\/fr\/product\/ensemble-de-microphone-a-champ-de-pression-cry3202-s01-1-2-125-mv-pa\/","title":{"rendered":"Ensemble de microphone \u00e0 champ de pression CRY3202-S01, 1\/2&Prime;, 12,5 mV\/Pa"},"content":{"rendered":"<p>Le CRY3202-S01 est un ensemble de microphone de mesure pr\u00e9polaris\u00e9 \u00e0 champ de pression de 1\/2 pouce avec pr\u00e9amplificateur, con\u00e7u pour \u00eatre utilis\u00e9 avec une chambre de couplage pour r\u00e9aliser des essais \u00e9lectroacoustiques pertinents.<\/p>\n<p>Le CRY3202-S01 b\u00e9n\u00e9ficie d\u2019une conception unique qui permet des essais large bande de haute qualit\u00e9 pour les moniteurs intra-auriculaires et les \u00e9couteurs. Avec une plage de fr\u00e9quences s\u2019\u00e9tendant jusqu\u2019\u00e0 20 kHz, il d\u00e9passe les capacit\u00e9s d\u2019essai de la plupart des oreilles simul\u00e9es, garantissant des \u00e9valuations pr\u00e9cises et exhaustives.<\/p>\n<p>\u200d<\/p>\n","protected":false},"excerpt":{"rendered":"<p>Ensemble de microphone \u00e0 champ de pression CRY3202-S01, 1\/2&Prime;, 12,5 mV\/Pa<\/p>\n","protected":false},"featured_media":270499,"template":"","meta":{"_acf_changed":false,"_eb_attr":"","content-type":""},"product_brand":[],"product_cat":[536,537],"product_tag":[],"class_list":{"0":"post-274882","1":"product","2":"type-product","3":"status-publish","4":"has-post-thumbnail","6":"product_cat-capteurs","7":"product_cat-ensemble-de-microphone","9":"first","10":"instock","11":"shipping-taxable","12":"product-type-simple"},"acf":[],"_links":{"self":[{"href":"https:\/\/design.crysound.com\/fr\/wp-json\/wp\/v2\/product\/274882","targetHints":{"allow":["GET"]}}],"collection":[{"href":"https:\/\/design.crysound.com\/fr\/wp-json\/wp\/v2\/product"}],"about":[{"href":"https:\/\/design.crysound.com\/fr\/wp-json\/wp\/v2\/types\/product"}],"wp:featuredmedia":[{"embeddable":true,"href":"https:\/\/design.crysound.com\/fr\/wp-json\/wp\/v2\/media\/270499"}],"wp:attachment":[{"href":"https:\/\/design.crysound.com\/fr\/wp-json\/wp\/v2\/media?parent=274882"}],"wp:term":[{"taxonomy":"product_brand","embeddable":true,"href":"https:\/\/design.crysound.com\/fr\/wp-json\/wp\/v2\/product_brand?post=274882"},{"taxonomy":"product_cat","embeddable":true,"href":"https:\/\/design.crysound.com\/fr\/wp-json\/wp\/v2\/product_cat?post=274882"},{"taxonomy":"product_tag","embeddable":true,"href":"https:\/\/design.crysound.com\/fr\/wp-json\/wp\/v2\/product_tag?post=274882"}],"curies":[{"name":"wp","href":"https:\/\/api.w.org\/{rel}","templated":true}]}}