{"id":274876,"date":"2025-06-05T16:48:11","date_gmt":"2025-06-05T16:48:11","guid":{"rendered":"https:\/\/design.crysound.com\/product\/ensemble-de-microphone-en-champ-de-pression-cry3402-s01-1-4-16-mv-pa\/"},"modified":"2025-06-05T16:48:11","modified_gmt":"2025-06-05T16:48:11","slug":"ensemble-de-microphone-en-champ-de-pression-cry3402-s01-1-4-16-mv-pa","status":"publish","type":"product","link":"https:\/\/design.crysound.com\/fr\/product\/ensemble-de-microphone-en-champ-de-pression-cry3402-s01-1-4-16-mv-pa\/","title":{"rendered":"Ensemble de microphone en champ de pression CRY3402-S01, 1\/4&Prime;, 1,6 mV\/Pa"},"content":{"rendered":"<p>Le CRY3402-S01 est un ensemble de microphone de mesure pr\u00e9polaris\u00e9 en champ de pression 1\/4 de pouce avec pr\u00e9amplificateur, con\u00e7u pour les mesures acoustiques \u00e0 haute fr\u00e9quence et \u00e0 large plage dynamique.<\/p>\n<p>Le CRY3402-S01 poss\u00e8de une conception unique qui garantit une r\u00e9ponse en fr\u00e9quence plate jusqu\u2019\u00e0 70 kHz et supporte des niveaux de pression acoustique allant jusqu\u2019\u00e0 168 dB. Ces performances exceptionnelles en font un choix id\u00e9al pour les t\u00e2ches de mesure g\u00e9n\u00e9rales, y compris l\u2019analyse audio haute d\u00e9finition et diverses applications acoustiques ultrasonores.<\/p>\n","protected":false},"excerpt":{"rendered":"<p>Le CRY3402-S01 est un ensemble de microphone de mesure pr\u00e9polaris\u00e9 en champ de pression 1\/4 de pouce avec pr\u00e9amplificateur, con\u00e7u pour les mesures acoustiques \u00e0 haute fr\u00e9quence et \u00e0 large plage dynamique.<\/p>\n<p>Le CRY3402-S01 poss\u00e8de une conception unique qui garantit une r\u00e9ponse en fr\u00e9quence plate jusqu\u2019\u00e0 70 kHz et supporte des niveaux de pression acoustique allant jusqu\u2019\u00e0 168 dB. Ces performances exceptionnelles en font un choix id\u00e9al pour les t\u00e2ches de mesure g\u00e9n\u00e9rales, y compris l\u2019analyse audio haute d\u00e9finition et diverses applications acoustiques ultrasonores.<\/p>\n","protected":false},"featured_media":270490,"template":"","meta":{"_acf_changed":false,"_eb_attr":"","content-type":""},"product_brand":[],"product_cat":[536,537],"product_tag":[],"class_list":{"0":"post-274876","1":"product","2":"type-product","3":"status-publish","4":"has-post-thumbnail","6":"product_cat-capteurs","7":"product_cat-ensemble-de-microphone","9":"first","10":"instock","11":"shipping-taxable","12":"product-type-simple"},"acf":[],"_links":{"self":[{"href":"https:\/\/design.crysound.com\/fr\/wp-json\/wp\/v2\/product\/274876","targetHints":{"allow":["GET"]}}],"collection":[{"href":"https:\/\/design.crysound.com\/fr\/wp-json\/wp\/v2\/product"}],"about":[{"href":"https:\/\/design.crysound.com\/fr\/wp-json\/wp\/v2\/types\/product"}],"wp:featuredmedia":[{"embeddable":true,"href":"https:\/\/design.crysound.com\/fr\/wp-json\/wp\/v2\/media\/270490"}],"wp:attachment":[{"href":"https:\/\/design.crysound.com\/fr\/wp-json\/wp\/v2\/media?parent=274876"}],"wp:term":[{"taxonomy":"product_brand","embeddable":true,"href":"https:\/\/design.crysound.com\/fr\/wp-json\/wp\/v2\/product_brand?post=274876"},{"taxonomy":"product_cat","embeddable":true,"href":"https:\/\/design.crysound.com\/fr\/wp-json\/wp\/v2\/product_cat?post=274876"},{"taxonomy":"product_tag","embeddable":true,"href":"https:\/\/design.crysound.com\/fr\/wp-json\/wp\/v2\/product_tag?post=274876"}],"curies":[{"name":"wp","href":"https:\/\/api.w.org\/{rel}","templated":true}]}}