{"id":274869,"date":"2025-06-08T05:31:58","date_gmt":"2025-06-08T05:31:58","guid":{"rendered":"https:\/\/design.crysound.com\/product\/microphone-de-champ-libre-cry3401-1-4-prepolarise-158-mv-pa\/"},"modified":"2025-06-08T05:31:58","modified_gmt":"2025-06-08T05:31:58","slug":"microphone-de-champ-libre-cry3401-1-4-prepolarise-158-mv-pa","status":"publish","type":"product","link":"https:\/\/design.crysound.com\/fr\/product\/microphone-de-champ-libre-cry3401-1-4-prepolarise-158-mv-pa\/","title":{"rendered":"Microphone de champ libre CRY3401, 1\/4&Prime;, pr\u00e9polaris\u00e9, 15,8 mV\/Pa"},"content":{"rendered":"<p>Le CRY3401 est un microphone de mesure pr\u00e9polaris\u00e9 de 1\/4 de pouce pour champ libre, sp\u00e9cialement con\u00e7u pour les essais acoustiques sensibles dans des environnements \u00e0 faible niveau de bruit.<\/p>\n<p>La conception unique du CRY3401 lui conf\u00e8re un tr\u00e8s faible bruit propre et une plage de fr\u00e9quence de mesure allant jusqu\u2019\u00e0 40 kHz. Il est capable de supporter des niveaux de pression acoustique allant jusqu\u2019\u00e0 144 dB. C\u2019est un excellent microphone de mesure polyvalent, adapt\u00e9 aux mesures audio haute d\u00e9finition et \u00e0 d\u2019autres applications acoustiques ultrasoniques.<\/p>\n","protected":false},"excerpt":{"rendered":"<p>Le CRY3401 est un microphone de mesure pr\u00e9polaris\u00e9 de 1\/4 de pouce pour champ libre, sp\u00e9cialement con\u00e7u pour les essais acoustiques sensibles dans des environnements \u00e0 faible niveau de bruit.<\/p>\n<p>\u200d<\/p>\n<p>La conception unique du CRY3401 lui conf\u00e8re un tr\u00e8s faible bruit propre et une plage de fr\u00e9quence de mesure allant jusqu\u2019\u00e0 40 kHz. Il est capable de supporter des niveaux de pression acoustique allant jusqu\u2019\u00e0 144 dB. C\u2019est un excellent microphone de mesure polyvalent, adapt\u00e9 aux mesures audio haute d\u00e9finition et \u00e0 d\u2019autres applications acoustiques ultrasoniques.<\/p>\n","protected":false},"featured_media":270446,"template":"","meta":{"_acf_changed":false,"_eb_attr":"","content-type":""},"product_brand":[],"product_cat":[540,536],"product_tag":[],"class_list":{"0":"post-274869","1":"product","2":"type-product","3":"status-publish","4":"has-post-thumbnail","6":"product_cat-capsule-de-microphone","7":"product_cat-capteurs","9":"first","10":"instock","11":"shipping-taxable","12":"product-type-simple"},"acf":[],"_links":{"self":[{"href":"https:\/\/design.crysound.com\/fr\/wp-json\/wp\/v2\/product\/274869","targetHints":{"allow":["GET"]}}],"collection":[{"href":"https:\/\/design.crysound.com\/fr\/wp-json\/wp\/v2\/product"}],"about":[{"href":"https:\/\/design.crysound.com\/fr\/wp-json\/wp\/v2\/types\/product"}],"wp:featuredmedia":[{"embeddable":true,"href":"https:\/\/design.crysound.com\/fr\/wp-json\/wp\/v2\/media\/270446"}],"wp:attachment":[{"href":"https:\/\/design.crysound.com\/fr\/wp-json\/wp\/v2\/media?parent=274869"}],"wp:term":[{"taxonomy":"product_brand","embeddable":true,"href":"https:\/\/design.crysound.com\/fr\/wp-json\/wp\/v2\/product_brand?post=274869"},{"taxonomy":"product_cat","embeddable":true,"href":"https:\/\/design.crysound.com\/fr\/wp-json\/wp\/v2\/product_cat?post=274869"},{"taxonomy":"product_tag","embeddable":true,"href":"https:\/\/design.crysound.com\/fr\/wp-json\/wp\/v2\/product_tag?post=274869"}],"curies":[{"name":"wp","href":"https:\/\/api.w.org\/{rel}","templated":true}]}}