{"id":274868,"date":"2025-06-08T03:22:11","date_gmt":"2025-06-08T03:22:11","guid":{"rendered":"https:\/\/design.crysound.com\/product\/analyseur-electroacoustique-cry6151b\/"},"modified":"2025-06-08T03:22:11","modified_gmt":"2025-06-08T03:22:11","slug":"analyseur-electroacoustique-cry6151b","status":"publish","type":"product","link":"https:\/\/design.crysound.com\/fr\/product\/analyseur-electroacoustique-cry6151b\/","title":{"rendered":"Analyseur \u00e9lectroacoustique CRY6151B"},"content":{"rendered":"<p>Le CRY6151B est un analyseur \u00e9lectroacoustique robuste et fiable, avec une plage de fr\u00e9quences allant de 20 Hz \u00e0 20 kHz. Il est con\u00e7u pour \u00e9valuer une vaste gamme d\u2019appareils, notamment des casques USB, Bluetooth\u00ae et \u00e0 r\u00e9duction de bruit&amp;nbsp;; des microphones \u00e0 \u00e9lectret, MEMS et \u00e0 bobine mobile&amp;nbsp;; des r\u00e9cepteurs&amp;nbsp;; des enceintes&amp;nbsp;; des haut\u2011parleurs Bluetooth&amp;nbsp;; et des filtres de coupure (crossovers) pour haut\u2011parleurs.<\/p>\n<p>Les techniciens peuvent \u00e9valuer les performances des appareils \u00e0 l\u2019aide de param\u00e8tres et de proc\u00e9dures cl\u00e9s tels que la sensibilit\u00e9 (SPL), l\u2019imp\u00e9dance, la distorsion harmonique totale (THD), la fr\u00e9quence de r\u00e9sonance (F0), l\u2019\u00e9quilibre du casque, le positionnement du casque, la phase, la polarit\u00e9, le courant et la tension du microphone, le rapport signal\/bruit (SNR), la directivit\u00e9 du microphone, les param\u00e8tres Thiele\/Small (TS) des haut\u2011parleurs et les indices de sonie t\u00e9l\u00e9phonique. Le CRY6151B offre des fonctionnalit\u00e9s compl\u00e8tes pour une \u00e9valuation approfondie et pr\u00e9cise des \u00e9quipements \u00e9lectroacoustiques.<\/p>\n","protected":false},"excerpt":{"rendered":"<p>Le CRY6151B est un analyseur \u00e9lectroacoustique robuste et fiable, avec une plage de fr\u00e9quences allant de 20 Hz \u00e0 20 kHz. Il est con\u00e7u pour \u00e9valuer une vaste gamme d\u2019appareils, notamment des casques USB, Bluetooth\u00ae et \u00e0 r\u00e9duction de bruit&amp;nbsp;; des microphones \u00e0 \u00e9lectret, MEMS et \u00e0 bobine mobile&amp;nbsp;; des r\u00e9cepteurs&amp;nbsp;; des enceintes&amp;nbsp;; des haut\u2011parleurs Bluetooth&amp;nbsp;; et des filtres de coupure (crossovers) pour haut\u2011parleurs.<\/p>\n","protected":false},"featured_media":270461,"template":"","meta":{"_acf_changed":false,"_eb_attr":"","content-type":""},"product_brand":[],"product_cat":[596,528],"product_tag":[],"class_list":{"0":"post-274868","1":"product","2":"type-product","3":"status-publish","4":"has-post-thumbnail","6":"product_cat-analyseur-electroacoustique","7":"product_cat-test-electroacoustique","9":"first","10":"instock","11":"shipping-taxable","12":"product-type-simple"},"acf":[],"_links":{"self":[{"href":"https:\/\/design.crysound.com\/fr\/wp-json\/wp\/v2\/product\/274868","targetHints":{"allow":["GET"]}}],"collection":[{"href":"https:\/\/design.crysound.com\/fr\/wp-json\/wp\/v2\/product"}],"about":[{"href":"https:\/\/design.crysound.com\/fr\/wp-json\/wp\/v2\/types\/product"}],"wp:featuredmedia":[{"embeddable":true,"href":"https:\/\/design.crysound.com\/fr\/wp-json\/wp\/v2\/media\/270461"}],"wp:attachment":[{"href":"https:\/\/design.crysound.com\/fr\/wp-json\/wp\/v2\/media?parent=274868"}],"wp:term":[{"taxonomy":"product_brand","embeddable":true,"href":"https:\/\/design.crysound.com\/fr\/wp-json\/wp\/v2\/product_brand?post=274868"},{"taxonomy":"product_cat","embeddable":true,"href":"https:\/\/design.crysound.com\/fr\/wp-json\/wp\/v2\/product_cat?post=274868"},{"taxonomy":"product_tag","embeddable":true,"href":"https:\/\/design.crysound.com\/fr\/wp-json\/wp\/v2\/product_tag?post=274868"}],"curies":[{"name":"wp","href":"https:\/\/api.w.org\/{rel}","templated":true}]}}