{"id":274863,"date":"2025-06-07T16:27:09","date_gmt":"2025-06-07T16:27:09","guid":{"rendered":"https:\/\/design.crysound.com\/product\/microphone-de-champ-libre-cry3201-1-2-prepolarise-125-mv-pa\/"},"modified":"2025-06-07T16:27:09","modified_gmt":"2025-06-07T16:27:09","slug":"microphone-de-champ-libre-cry3201-1-2-prepolarise-125-mv-pa","status":"publish","type":"product","link":"https:\/\/design.crysound.com\/fr\/product\/microphone-de-champ-libre-cry3201-1-2-prepolarise-125-mv-pa\/","title":{"rendered":"Microphone de champ libre CRY3201, 1\/2&Prime;, pr\u00e9polaris\u00e9, 12,5 mV\/Pa"},"content":{"rendered":"<p>Le CRY3201 est un microphone de mesure de champ libre pr\u00e9polaris\u00e9 de 1\/2 pouce, sp\u00e9cialement con\u00e7u pour les mesures acoustiques haute fr\u00e9quence et \u00e0 large plage dynamique.<\/p>\n<p>La conception unique du CRY3201 garantit une r\u00e9ponse en fr\u00e9quence plate, avec une plage de mesure allant jusqu\u2019\u00e0 40 kHz, et il peut \u00e9galement supporter des niveaux de pression acoustique allant jusqu\u2019\u00e0 160 dB. C\u2019est un excellent microphone de mesure polyvalent pour les mesures audio haute d\u00e9finition et d\u2019autres applications acoustiques ultrasonores.<\/p>\n","protected":false},"excerpt":{"rendered":"<p>Le CRY3201 est un microphone de mesure de champ libre pr\u00e9polaris\u00e9 de 1\/2 pouce, sp\u00e9cialement con\u00e7u pour les mesures acoustiques haute fr\u00e9quence et \u00e0 large plage dynamique.<\/p>\n<p>La conception unique du CRY3201 garantit une r\u00e9ponse en fr\u00e9quence plate, avec une plage de mesure allant jusqu\u2019\u00e0 40 kHz, et il peut \u00e9galement supporter des niveaux de pression acoustique allant jusqu\u2019\u00e0 160 dB. C\u2019est un excellent microphone de mesure polyvalent pour les mesures audio haute d\u00e9finition et d\u2019autres applications acoustiques ultrasonores.<\/p>\n","protected":false},"featured_media":270478,"template":"","meta":{"_acf_changed":false,"_eb_attr":"","content-type":""},"product_brand":[],"product_cat":[540,536],"product_tag":[],"class_list":{"0":"post-274863","1":"product","2":"type-product","3":"status-publish","4":"has-post-thumbnail","6":"product_cat-capsule-de-microphone","7":"product_cat-capteurs","9":"first","10":"instock","11":"shipping-taxable","12":"product-type-simple"},"acf":[],"_links":{"self":[{"href":"https:\/\/design.crysound.com\/fr\/wp-json\/wp\/v2\/product\/274863","targetHints":{"allow":["GET"]}}],"collection":[{"href":"https:\/\/design.crysound.com\/fr\/wp-json\/wp\/v2\/product"}],"about":[{"href":"https:\/\/design.crysound.com\/fr\/wp-json\/wp\/v2\/types\/product"}],"wp:featuredmedia":[{"embeddable":true,"href":"https:\/\/design.crysound.com\/fr\/wp-json\/wp\/v2\/media\/270478"}],"wp:attachment":[{"href":"https:\/\/design.crysound.com\/fr\/wp-json\/wp\/v2\/media?parent=274863"}],"wp:term":[{"taxonomy":"product_brand","embeddable":true,"href":"https:\/\/design.crysound.com\/fr\/wp-json\/wp\/v2\/product_brand?post=274863"},{"taxonomy":"product_cat","embeddable":true,"href":"https:\/\/design.crysound.com\/fr\/wp-json\/wp\/v2\/product_cat?post=274863"},{"taxonomy":"product_tag","embeddable":true,"href":"https:\/\/design.crysound.com\/fr\/wp-json\/wp\/v2\/product_tag?post=274863"}],"curies":[{"name":"wp","href":"https:\/\/api.w.org\/{rel}","templated":true}]}}