{"id":274862,"date":"2025-06-05T17:13:29","date_gmt":"2025-06-05T17:13:29","guid":{"rendered":"https:\/\/design.crysound.com\/product\/ensemble-de-microphone-en-champ-de-pression-cry3402-s02-1-4-16-mv-pa\/"},"modified":"2025-06-05T17:13:29","modified_gmt":"2025-06-05T17:13:29","slug":"ensemble-de-microphone-en-champ-de-pression-cry3402-s02-1-4-16-mv-pa","status":"publish","type":"product","link":"https:\/\/design.crysound.com\/fr\/product\/ensemble-de-microphone-en-champ-de-pression-cry3402-s02-1-4-16-mv-pa\/","title":{"rendered":"Ensemble de microphone en champ de pression CRY3402-S02, 1\/4&Prime;, 1,6 mV\/Pa"},"content":{"rendered":"<p>Le CRY3402-S02 est un ensemble microphone de mesure et pr\u00e9amplificateur pr\u00e9polaris\u00e9 1\/4 de pouce en champ de pression, con\u00e7u pour les mesures acoustiques \u00e0 haute fr\u00e9quence et \u00e0 large plage dynamique.<\/p>\n<p>La conception unique du CRY3402-S02 offre une r\u00e9ponse en fr\u00e9quence plate, permettant des fr\u00e9quences de mesure allant jusqu\u2019\u00e0 70 kHz. Il est \u00e9galement capable de supporter des niveaux de pression acoustique allant jusqu\u2019\u00e0 168 dB. Cela en fait un excellent microphone de mesure polyvalent pour les mesures audio haute d\u00e9finition et d\u2019autres applications acoustiques ultrasonores.<\/p>\n","protected":false},"excerpt":{"rendered":"<p>Le CRY3402-S02 est un ensemble microphone de mesure et pr\u00e9amplificateur pr\u00e9polaris\u00e9 1\/4 de pouce en champ de pression, con\u00e7u pour les mesures acoustiques \u00e0 haute fr\u00e9quence et \u00e0 large plage dynamique.<\/p>\n<p>\u200d<\/p>\n<p>La conception unique du CRY3402-S02 offre une r\u00e9ponse en fr\u00e9quence plate, permettant des fr\u00e9quences de mesure allant jusqu\u2019\u00e0 70 kHz. Il est \u00e9galement capable de supporter des niveaux de pression acoustique allant jusqu\u2019\u00e0 168 dB. Cela en fait un excellent microphone de mesure polyvalent pour les mesures audio haute d\u00e9finition et d\u2019autres applications acoustiques ultrasonores.<\/p>\n","protected":false},"featured_media":270487,"template":"","meta":{"_acf_changed":false,"_eb_attr":"","content-type":""},"product_brand":[],"product_cat":[536,537],"product_tag":[],"class_list":{"0":"post-274862","1":"product","2":"type-product","3":"status-publish","4":"has-post-thumbnail","6":"product_cat-capteurs","7":"product_cat-ensemble-de-microphone","9":"first","10":"instock","11":"shipping-taxable","12":"product-type-simple"},"acf":[],"_links":{"self":[{"href":"https:\/\/design.crysound.com\/fr\/wp-json\/wp\/v2\/product\/274862","targetHints":{"allow":["GET"]}}],"collection":[{"href":"https:\/\/design.crysound.com\/fr\/wp-json\/wp\/v2\/product"}],"about":[{"href":"https:\/\/design.crysound.com\/fr\/wp-json\/wp\/v2\/types\/product"}],"wp:featuredmedia":[{"embeddable":true,"href":"https:\/\/design.crysound.com\/fr\/wp-json\/wp\/v2\/media\/270487"}],"wp:attachment":[{"href":"https:\/\/design.crysound.com\/fr\/wp-json\/wp\/v2\/media?parent=274862"}],"wp:term":[{"taxonomy":"product_brand","embeddable":true,"href":"https:\/\/design.crysound.com\/fr\/wp-json\/wp\/v2\/product_brand?post=274862"},{"taxonomy":"product_cat","embeddable":true,"href":"https:\/\/design.crysound.com\/fr\/wp-json\/wp\/v2\/product_cat?post=274862"},{"taxonomy":"product_tag","embeddable":true,"href":"https:\/\/design.crysound.com\/fr\/wp-json\/wp\/v2\/product_tag?post=274862"}],"curies":[{"name":"wp","href":"https:\/\/api.w.org\/{rel}","templated":true}]}}