{"id":274853,"date":"2025-06-08T08:20:17","date_gmt":"2025-06-08T08:20:17","guid":{"rendered":"https:\/\/design.crysound.com\/product\/chambre-dessai-acoustique-pneumatique-cry723d\/"},"modified":"2025-06-08T08:20:17","modified_gmt":"2025-06-08T08:20:17","slug":"chambre-dessai-acoustique-pneumatique-cry723d","status":"publish","type":"product","link":"https:\/\/design.crysound.com\/fr\/product\/chambre-dessai-acoustique-pneumatique-cry723d\/","title":{"rendered":"Chambre d\u2019essai acoustique pneumatique CRY723D"},"content":{"rendered":"<p>La chambre d\u2019essai acoustique pneumatique CRY723D est principalement utilis\u00e9e pour tester la puissance, la sensibilit\u00e9 et d\u2019autres param\u00e8tres de performance \u00e9lectrique de produits \u00e9lectroniques et de communication sans fil, tels que les serveurs sans fil et les talkies-walkies. Cette chambre d\u2019essai peut \u00eatre utilis\u00e9e avec des testeurs multifonctions, des analyseurs de r\u00e9seau vectoriel, des g\u00e9n\u00e9rateurs de signaux et des \u00e9mulateurs de canal pour effectuer des tests essentiels. Elle est capable de se connecter \u00e0 des dispositifs sans fil via des t\u00e9l\u00e9commandes Bluetooth, WiFi, GSM, WCDMA, RFID ou GPS.<\/p>\n","protected":false},"excerpt":{"rendered":"<p>La chambre d\u2019essai acoustique pneumatique CRY723D est principalement utilis\u00e9e pour tester la puissance, la sensibilit\u00e9 et d\u2019autres param\u00e8tres de performance \u00e9lectrique de produits \u00e9lectroniques et de communication sans fil, tels que les serveurs sans fil et les talkies-walkies. Cette chambre d\u2019essai peut \u00eatre utilis\u00e9e avec des testeurs multifonctions, des analyseurs de r\u00e9seau vectoriel, des g\u00e9n\u00e9rateurs de signaux et des \u00e9mulateurs de canal pour effectuer des tests essentiels. Elle est capable de se connecter \u00e0 des dispositifs sans fil via des t\u00e9l\u00e9commandes Bluetooth, WiFi, GSM, WCDMA, RFID ou GPS.<\/p>\n","protected":false},"featured_media":270391,"template":"","meta":{"_acf_changed":false,"_eb_attr":"","content-type":""},"product_brand":[],"product_cat":[564,528],"product_tag":[],"class_list":{"0":"post-274853","1":"product","2":"type-product","3":"status-publish","4":"has-post-thumbnail","6":"product_cat-boite-dessai-acoustique","7":"product_cat-test-electroacoustique","9":"first","10":"instock","11":"shipping-taxable","12":"product-type-simple"},"acf":[],"_links":{"self":[{"href":"https:\/\/design.crysound.com\/fr\/wp-json\/wp\/v2\/product\/274853","targetHints":{"allow":["GET"]}}],"collection":[{"href":"https:\/\/design.crysound.com\/fr\/wp-json\/wp\/v2\/product"}],"about":[{"href":"https:\/\/design.crysound.com\/fr\/wp-json\/wp\/v2\/types\/product"}],"wp:featuredmedia":[{"embeddable":true,"href":"https:\/\/design.crysound.com\/fr\/wp-json\/wp\/v2\/media\/270391"}],"wp:attachment":[{"href":"https:\/\/design.crysound.com\/fr\/wp-json\/wp\/v2\/media?parent=274853"}],"wp:term":[{"taxonomy":"product_brand","embeddable":true,"href":"https:\/\/design.crysound.com\/fr\/wp-json\/wp\/v2\/product_brand?post=274853"},{"taxonomy":"product_cat","embeddable":true,"href":"https:\/\/design.crysound.com\/fr\/wp-json\/wp\/v2\/product_cat?post=274853"},{"taxonomy":"product_tag","embeddable":true,"href":"https:\/\/design.crysound.com\/fr\/wp-json\/wp\/v2\/product_tag?post=274853"}],"curies":[{"name":"wp","href":"https:\/\/api.w.org\/{rel}","templated":true}]}}