{"id":274848,"date":"2025-06-08T03:36:27","date_gmt":"2025-06-08T03:36:27","guid":{"rendered":"https:\/\/design.crysound.com\/product\/analyseur-electroacoustique-cry6151\/"},"modified":"2025-06-08T03:36:27","modified_gmt":"2025-06-08T03:36:27","slug":"analyseur-electroacoustique-cry6151","status":"publish","type":"product","link":"https:\/\/design.crysound.com\/fr\/product\/analyseur-electroacoustique-cry6151\/","title":{"rendered":"Analyseur \u00e9lectroacoustique CRY6151"},"content":{"rendered":"<p>Le syst\u00e8me d\u2019analyse \u00e9lectroacoustique CRY6151 est un testeur d\u2019appareils \u00e9lectroacoustiques enti\u00e8rement fonctionnel lanc\u00e9 par notre soci\u00e9t\u00e9, avec une histoire de 10 ans. Il est puissant, tr\u00e8s stable et capable de mesurer les indicateurs de performance de divers appareils \u00e9lectroacoustiques tels que des casques (USB, Bluetooth, filaires), des microphones (\u00e9lectret, MEMS, dynamiques), des combinaisons casque\u2011microphone, des r\u00e9cepteurs\/haut\u2011parleurs de casque, des haut\u2011parleurs\/enceintes (filaires, Bluetooth), des casques de communication, des filtres de coupure et d\u2019autres composants \u00e9lectroacoustiques. Ces indicateurs comprennent la sensibilit\u00e9 (SPL), l\u2019imp\u00e9dance, la distorsion harmonique totale (THD), la fr\u00e9quence de r\u00e9sonance (F0), l\u2019\u00e9quilibre gauche\u2011droite du casque, le positionnement gauche\u2011droite du casque, la phase, la polarit\u00e9, le courant et la tension du microphone, le rapport signal\/bruit, la directivit\u00e9 du microphone, les param\u00e8tres TS du haut\u2011parleur, le niveau sonore du r\u00e9cepteur t\u00e9l\u00e9phonique, le niveau sonore en transmission, et plus encore. La plage de fr\u00e9quences de test peut atteindre de 20 Hz \u00e0 20 kHz.<\/p>\n","protected":false},"excerpt":{"rendered":"<p>Le syst\u00e8me d\u2019analyse \u00e9lectroacoustique CRY6151 est un testeur d\u2019appareils \u00e9lectroacoustiques enti\u00e8rement fonctionnel lanc\u00e9 par notre soci\u00e9t\u00e9, avec une histoire de 10 ans. Il est puissant, tr\u00e8s stable et capable de mesurer les indicateurs de performance de divers appareils \u00e9lectroacoustiques tels que des casques (USB, Bluetooth, filaires), des microphones (\u00e9lectret, MEMS, dynamiques), des combinaisons casque\u2011microphone, des r\u00e9cepteurs\/haut\u2011parleurs de casque, des haut\u2011parleurs\/enceintes (filaires, Bluetooth), des casques de communication, des filtres de coupure et d\u2019autres composants \u00e9lectroacoustiques. Ces indicateurs comprennent la sensibilit\u00e9 (SPL), l\u2019imp\u00e9dance, la distorsion harmonique totale (THD), la fr\u00e9quence de r\u00e9sonance (F0), l\u2019\u00e9quilibre gauche\u2011droite du casque, le positionnement gauche\u2011droite du casque, la phase, la polarit\u00e9, le courant et la tension du microphone, le rapport signal\/bruit, la directivit\u00e9 du microphone, les param\u00e8tres TS du haut\u2011parleur, le niveau sonore du r\u00e9cepteur t\u00e9l\u00e9phonique, le niveau sonore en transmission, et plus encore. La plage de fr\u00e9quences de test peut atteindre de 20 Hz \u00e0 20 kHz.<\/p>\n","protected":false},"featured_media":270456,"template":"","meta":{"_acf_changed":false,"_eb_attr":"","content-type":""},"product_brand":[],"product_cat":[596,528],"product_tag":[],"class_list":{"0":"post-274848","1":"product","2":"type-product","3":"status-publish","4":"has-post-thumbnail","6":"product_cat-analyseur-electroacoustique","7":"product_cat-test-electroacoustique","9":"first","10":"instock","11":"shipping-taxable","12":"product-type-simple"},"acf":[],"_links":{"self":[{"href":"https:\/\/design.crysound.com\/fr\/wp-json\/wp\/v2\/product\/274848","targetHints":{"allow":["GET"]}}],"collection":[{"href":"https:\/\/design.crysound.com\/fr\/wp-json\/wp\/v2\/product"}],"about":[{"href":"https:\/\/design.crysound.com\/fr\/wp-json\/wp\/v2\/types\/product"}],"wp:featuredmedia":[{"embeddable":true,"href":"https:\/\/design.crysound.com\/fr\/wp-json\/wp\/v2\/media\/270456"}],"wp:attachment":[{"href":"https:\/\/design.crysound.com\/fr\/wp-json\/wp\/v2\/media?parent=274848"}],"wp:term":[{"taxonomy":"product_brand","embeddable":true,"href":"https:\/\/design.crysound.com\/fr\/wp-json\/wp\/v2\/product_brand?post=274848"},{"taxonomy":"product_cat","embeddable":true,"href":"https:\/\/design.crysound.com\/fr\/wp-json\/wp\/v2\/product_cat?post=274848"},{"taxonomy":"product_tag","embeddable":true,"href":"https:\/\/design.crysound.com\/fr\/wp-json\/wp\/v2\/product_tag?post=274848"}],"curies":[{"name":"wp","href":"https:\/\/api.w.org\/{rel}","templated":true}]}}