{"id":274847,"date":"2025-06-08T02:38:54","date_gmt":"2025-06-08T02:38:54","guid":{"rendered":"https:\/\/design.crysound.com\/product\/microphone-de-champ-libre-cry3403-1-4-prepolarise-4-mv-pa\/"},"modified":"2025-06-08T02:38:54","modified_gmt":"2025-06-08T02:38:54","slug":"microphone-de-champ-libre-cry3403-1-4-prepolarise-4-mv-pa","status":"publish","type":"product","link":"https:\/\/design.crysound.com\/fr\/product\/microphone-de-champ-libre-cry3403-1-4-prepolarise-4-mv-pa\/","title":{"rendered":"Microphone de champ libre CRY3403, 1\/4&Prime;, pr\u00e9polaris\u00e9, 4 mV\/Pa"},"content":{"rendered":"<p>Le CRY3403 est un microphone de mesure pr\u00e9polaris\u00e9 de 1\/4 de pouce \u00e0 champ libre, con\u00e7u pour des mesures acoustiques \u00e0 tr\u00e8s haute fr\u00e9quence et \u00e0 large plage dynamique.<\/p>\n<p>Le CRY3403 se caract\u00e9rise par une conception unique qui offre une r\u00e9ponse en fr\u00e9quence exceptionnellement large et plate, avec une plage de fr\u00e9quence allant jusqu\u2019\u00e0 90 kHz, et peut supporter des niveaux de pression acoustique allant jusqu\u2019\u00e0 165 dB. C\u2019est un excellent microphone de mesure polyvalent, parfaitement adapt\u00e9 aux mesures audio haute d\u00e9finition et \u00e0 d\u2019autres applications acoustiques ultrasonores.<\/p>\n","protected":false},"excerpt":{"rendered":"<p>Le CRY3403 est un microphone de mesure pr\u00e9polaris\u00e9 de 1\/4 de pouce \u00e0 champ libre, con\u00e7u pour des mesures acoustiques \u00e0 tr\u00e8s haute fr\u00e9quence et \u00e0 large plage dynamique.<\/p>\n<p>Le CRY3403 se caract\u00e9rise par une conception unique qui offre une r\u00e9ponse en fr\u00e9quence exceptionnellement large et plate, avec une plage de fr\u00e9quence allant jusqu\u2019\u00e0 90 kHz, et peut supporter des niveaux de pression acoustique allant jusqu\u2019\u00e0 165 dB. C\u2019est un excellent microphone de mesure polyvalent, parfaitement adapt\u00e9 aux mesures audio haute d\u00e9finition et \u00e0 d\u2019autres applications acoustiques ultrasonores.<\/p>\n","protected":false},"featured_media":270472,"template":"","meta":{"_acf_changed":false,"_eb_attr":"","content-type":""},"product_brand":[],"product_cat":[540,536],"product_tag":[],"class_list":{"0":"post-274847","1":"product","2":"type-product","3":"status-publish","4":"has-post-thumbnail","6":"product_cat-capsule-de-microphone","7":"product_cat-capteurs","9":"first","10":"instock","11":"shipping-taxable","12":"product-type-simple"},"acf":[],"_links":{"self":[{"href":"https:\/\/design.crysound.com\/fr\/wp-json\/wp\/v2\/product\/274847","targetHints":{"allow":["GET"]}}],"collection":[{"href":"https:\/\/design.crysound.com\/fr\/wp-json\/wp\/v2\/product"}],"about":[{"href":"https:\/\/design.crysound.com\/fr\/wp-json\/wp\/v2\/types\/product"}],"wp:featuredmedia":[{"embeddable":true,"href":"https:\/\/design.crysound.com\/fr\/wp-json\/wp\/v2\/media\/270472"}],"wp:attachment":[{"href":"https:\/\/design.crysound.com\/fr\/wp-json\/wp\/v2\/media?parent=274847"}],"wp:term":[{"taxonomy":"product_brand","embeddable":true,"href":"https:\/\/design.crysound.com\/fr\/wp-json\/wp\/v2\/product_brand?post=274847"},{"taxonomy":"product_cat","embeddable":true,"href":"https:\/\/design.crysound.com\/fr\/wp-json\/wp\/v2\/product_cat?post=274847"},{"taxonomy":"product_tag","embeddable":true,"href":"https:\/\/design.crysound.com\/fr\/wp-json\/wp\/v2\/product_tag?post=274847"}],"curies":[{"name":"wp","href":"https:\/\/api.w.org\/{rel}","templated":true}]}}