{"id":274846,"date":"2025-06-06T05:04:31","date_gmt":"2025-06-06T05:04:31","guid":{"rendered":"https:\/\/design.crysound.com\/product\/microphone-en-champ-libre-cry3203-1-2-prepolarise-50-mv-pa\/"},"modified":"2025-06-06T05:04:31","modified_gmt":"2025-06-06T05:04:31","slug":"microphone-en-champ-libre-cry3203-1-2-prepolarise-50-mv-pa","status":"publish","type":"product","link":"https:\/\/design.crysound.com\/fr\/product\/microphone-en-champ-libre-cry3203-1-2-prepolarise-50-mv-pa\/","title":{"rendered":"Microphone en champ libre CRY3203, 1\/2&Prime;, pr\u00e9polaris\u00e9, 50 mV\/Pa"},"content":{"rendered":"<p>Le CRY3203 est un microphone de mesure pr\u00e9polaris\u00e9 de 1\/2 pouce en champ libre, largement utilis\u00e9 dans des environnements d\u2019essais acoustiques tels que les chambres an\u00e9cho\u00efques et les salles silencieuses.<\/p>\n<p>La conception unique du CRY3203 lui conf\u00e8re une plage de r\u00e9ponse en fr\u00e9quence qui correspond \u00e0 la plage de fr\u00e9quences audibles de l\u2019oreille humaine, ce qui le rend particuli\u00e8rement adapt\u00e9 \u00e0 la d\u00e9tection du bruit. De plus, il est \u00e9galement largement utilis\u00e9 dans divers domaines, y compris les mesures \u00e9lectroacoustiques, les mesures audio et la recherche acoustique.<\/p>\n","protected":false},"excerpt":{"rendered":"<p>Le CRY3203 est un microphone de mesure pr\u00e9polaris\u00e9 de 1\/2 pouce en champ libre, largement utilis\u00e9 dans des environnements d\u2019essais acoustiques tels que les chambres an\u00e9cho\u00efques et les salles silencieuses.<\/p>\n<p>La conception unique du CRY3203 lui conf\u00e8re une plage de r\u00e9ponse en fr\u00e9quence qui correspond \u00e0 la plage de fr\u00e9quences audibles de l\u2019oreille humaine, ce qui le rend particuli\u00e8rement adapt\u00e9 \u00e0 la d\u00e9tection du bruit. De plus, il est \u00e9galement largement utilis\u00e9 dans divers domaines, y compris les mesures \u00e9lectroacoustiques, les mesures audio et la recherche acoustique.<\/p>\n","protected":false},"featured_media":270484,"template":"","meta":{"_acf_changed":false,"_eb_attr":"","content-type":""},"product_brand":[],"product_cat":[540,536],"product_tag":[],"class_list":{"0":"post-274846","1":"product","2":"type-product","3":"status-publish","4":"has-post-thumbnail","6":"product_cat-capsule-de-microphone","7":"product_cat-capteurs","9":"first","10":"instock","11":"shipping-taxable","12":"product-type-simple"},"acf":[],"_links":{"self":[{"href":"https:\/\/design.crysound.com\/fr\/wp-json\/wp\/v2\/product\/274846","targetHints":{"allow":["GET"]}}],"collection":[{"href":"https:\/\/design.crysound.com\/fr\/wp-json\/wp\/v2\/product"}],"about":[{"href":"https:\/\/design.crysound.com\/fr\/wp-json\/wp\/v2\/types\/product"}],"wp:featuredmedia":[{"embeddable":true,"href":"https:\/\/design.crysound.com\/fr\/wp-json\/wp\/v2\/media\/270484"}],"wp:attachment":[{"href":"https:\/\/design.crysound.com\/fr\/wp-json\/wp\/v2\/media?parent=274846"}],"wp:term":[{"taxonomy":"product_brand","embeddable":true,"href":"https:\/\/design.crysound.com\/fr\/wp-json\/wp\/v2\/product_brand?post=274846"},{"taxonomy":"product_cat","embeddable":true,"href":"https:\/\/design.crysound.com\/fr\/wp-json\/wp\/v2\/product_cat?post=274846"},{"taxonomy":"product_tag","embeddable":true,"href":"https:\/\/design.crysound.com\/fr\/wp-json\/wp\/v2\/product_tag?post=274846"}],"curies":[{"name":"wp","href":"https:\/\/api.w.org\/{rel}","templated":true}]}}