{"id":274839,"date":"2025-06-08T03:56:05","date_gmt":"2025-06-08T03:56:05","guid":{"rendered":"https:\/\/design.crysound.com\/product\/preamplificateur-cry3542-1-4-iepe-connecteur-smb\/"},"modified":"2025-06-08T03:56:05","modified_gmt":"2025-06-08T03:56:05","slug":"preamplificateur-cry3542-1-4-iepe-connecteur-smb","status":"publish","type":"product","link":"https:\/\/design.crysound.com\/fr\/product\/preamplificateur-cry3542-1-4-iepe-connecteur-smb\/","title":{"rendered":"Pr\u00e9amplificateur CRY3542 1\/4&Prime; IEPE, connecteur SMB"},"content":{"rendered":"<p>Le CRY3542 est un pr\u00e9amplificateur aliment\u00e9 en courant constant qui peut \u00eatre utilis\u00e9 avec le microphone de mesure pr\u00e9polaris\u00e9 1\/4 pouce de la s\u00e9rie CRY3000 et offre une large compatibilit\u00e9 avec d\u2019autres marques.<\/p>\n<p>Le CRY3542 pr\u00e9sente une imp\u00e9dance d\u2019entr\u00e9e \u00e9lev\u00e9e convertie en une faible imp\u00e9dance de sortie, ce qui permet l\u2019utilisation de c\u00e2bles longs sans compromettre les performances. Il offre un bruit de fond exceptionnellement faible, minimisant toute charge sur le microphone et garantissant des r\u00e9sultats pr\u00e9cis. L\u2019int\u00e9gration de la fonctionnalit\u00e9 TEDS simplifie les essais en r\u00e9duisant le temps de configuration. Sa conception robuste et sa durabilit\u00e9 le rendent adaptable \u00e0 une grande vari\u00e9t\u00e9 de conditions environnementales.<\/p>\n","protected":false},"excerpt":{"rendered":"<p>Le CRY3542 est un pr\u00e9amplificateur aliment\u00e9 en courant constant qui peut \u00eatre utilis\u00e9 avec le microphone de mesure pr\u00e9polaris\u00e9 1\/4 pouce de la s\u00e9rie CRY3000 et offre une large compatibilit\u00e9 avec d\u2019autres marques.<\/p>\n<p>Le CRY3542 pr\u00e9sente une imp\u00e9dance d\u2019entr\u00e9e \u00e9lev\u00e9e convertie en une faible imp\u00e9dance de sortie, ce qui permet l\u2019utilisation de c\u00e2bles longs sans compromettre les performances. Il offre un bruit de fond exceptionnellement faible, minimisant toute charge sur le microphone et garantissant des r\u00e9sultats pr\u00e9cis. L\u2019int\u00e9gration de la fonctionnalit\u00e9 TEDS simplifie les essais en r\u00e9duisant le temps de configuration. Sa conception robuste et sa durabilit\u00e9 le rendent adaptable \u00e0 une grande vari\u00e9t\u00e9 de conditions environnementales.<\/p>\n","protected":false},"featured_media":270454,"template":"","meta":{"_acf_changed":false,"_eb_attr":"","content-type":""},"product_brand":[],"product_cat":[536,551],"product_tag":[],"class_list":{"0":"post-274839","1":"product","2":"type-product","3":"status-publish","4":"has-post-thumbnail","6":"product_cat-capteurs","7":"product_cat-preamplificateur","9":"first","10":"instock","11":"shipping-taxable","12":"product-type-simple"},"acf":[],"_links":{"self":[{"href":"https:\/\/design.crysound.com\/fr\/wp-json\/wp\/v2\/product\/274839","targetHints":{"allow":["GET"]}}],"collection":[{"href":"https:\/\/design.crysound.com\/fr\/wp-json\/wp\/v2\/product"}],"about":[{"href":"https:\/\/design.crysound.com\/fr\/wp-json\/wp\/v2\/types\/product"}],"wp:featuredmedia":[{"embeddable":true,"href":"https:\/\/design.crysound.com\/fr\/wp-json\/wp\/v2\/media\/270454"}],"wp:attachment":[{"href":"https:\/\/design.crysound.com\/fr\/wp-json\/wp\/v2\/media?parent=274839"}],"wp:term":[{"taxonomy":"product_brand","embeddable":true,"href":"https:\/\/design.crysound.com\/fr\/wp-json\/wp\/v2\/product_brand?post=274839"},{"taxonomy":"product_cat","embeddable":true,"href":"https:\/\/design.crysound.com\/fr\/wp-json\/wp\/v2\/product_cat?post=274839"},{"taxonomy":"product_tag","embeddable":true,"href":"https:\/\/design.crysound.com\/fr\/wp-json\/wp\/v2\/product_tag?post=274839"}],"curies":[{"name":"wp","href":"https:\/\/api.w.org\/{rel}","templated":true}]}}