{"id":274835,"date":"2025-06-08T02:45:16","date_gmt":"2025-06-08T02:45:16","guid":{"rendered":"https:\/\/design.crysound.com\/product\/interface-a-c2-b2b-cry580\/"},"modified":"2025-06-08T02:45:16","modified_gmt":"2025-06-08T02:45:16","slug":"interface-a-c2-b2b-cry580","status":"publish","type":"product","link":"https:\/\/design.crysound.com\/fr\/product\/interface-a-c2-b2b-cry580\/","title":{"rendered":"Interface A\u00b2B CRY580"},"content":{"rendered":"<p>L\u2019interface A\u00b2B CRY580 est un composant cl\u00e9 des syst\u00e8mes audio automobiles. Elle convertit l\u2019audio num\u00e9rique et les signaux de contr\u00f4le transmis via A\u00b2B en formats que les amplificateurs, les haut-parleurs et autres dispositifs peuvent utiliser pour la lecture et le traitement.<br \/>\n\u200d<br \/>\nElle transmet des donn\u00e9es PCM bidirectionnelles, des signaux d\u2019horloge et de synchronisation sur une seule paire diff\u00e9rentielle, en prenant en charge l\u2019I\u00b2S\/TDM multicanal. Une communication stable est maintenue jusqu\u2019\u00e0 15 m\u00e8tres (49 pieds) de distance entre n\u0153uds, avec des connexions 1 \u00e0 1 ou 1 \u00e0 plusieurs permettant de partager les canaux \u00e0 r\u00e9partition dans le temps.<\/p>\n","protected":false},"excerpt":{"rendered":"<p>L\u2019interface A\u00b2B CRY580 est un composant cl\u00e9 des syst\u00e8mes audio automobiles. Elle convertit l\u2019audio num\u00e9rique et les signaux de contr\u00f4le transmis via A\u00b2B en formats que les amplificateurs, les haut-parleurs et autres dispositifs peuvent utiliser pour la lecture et le traitement.<\/p>\n","protected":false},"featured_media":270469,"template":"","meta":{"_acf_changed":false,"_eb_attr":"","content-type":""},"product_brand":[],"product_cat":[529,530,528],"product_tag":[],"class_list":{"0":"post-274835","1":"product","2":"type-product","3":"status-publish","4":"has-post-thumbnail","6":"product_cat-interface-de-test-audio","7":"product_cat-presentation-des-produits-sur-la-page-daccueil","8":"product_cat-test-electroacoustique","10":"first","11":"instock","12":"shipping-taxable","13":"product-type-simple"},"acf":[],"_links":{"self":[{"href":"https:\/\/design.crysound.com\/fr\/wp-json\/wp\/v2\/product\/274835","targetHints":{"allow":["GET"]}}],"collection":[{"href":"https:\/\/design.crysound.com\/fr\/wp-json\/wp\/v2\/product"}],"about":[{"href":"https:\/\/design.crysound.com\/fr\/wp-json\/wp\/v2\/types\/product"}],"wp:featuredmedia":[{"embeddable":true,"href":"https:\/\/design.crysound.com\/fr\/wp-json\/wp\/v2\/media\/270469"}],"wp:attachment":[{"href":"https:\/\/design.crysound.com\/fr\/wp-json\/wp\/v2\/media?parent=274835"}],"wp:term":[{"taxonomy":"product_brand","embeddable":true,"href":"https:\/\/design.crysound.com\/fr\/wp-json\/wp\/v2\/product_brand?post=274835"},{"taxonomy":"product_cat","embeddable":true,"href":"https:\/\/design.crysound.com\/fr\/wp-json\/wp\/v2\/product_cat?post=274835"},{"taxonomy":"product_tag","embeddable":true,"href":"https:\/\/design.crysound.com\/fr\/wp-json\/wp\/v2\/product_tag?post=274835"}],"curies":[{"name":"wp","href":"https:\/\/api.w.org\/{rel}","templated":true}]}}