{"id":274832,"date":"2025-06-08T08:49:21","date_gmt":"2025-06-08T08:49:21","guid":{"rendered":"https:\/\/design.crysound.com\/product\/chambre-acoustique-pneumatique-cry7865-pour-tests\/"},"modified":"2025-06-08T08:49:21","modified_gmt":"2025-06-08T08:49:21","slug":"chambre-acoustique-pneumatique-cry7865-pour-tests","status":"publish","type":"product","link":"https:\/\/design.crysound.com\/fr\/product\/chambre-acoustique-pneumatique-cry7865-pour-tests\/","title":{"rendered":"Chambre acoustique pneumatique CRY7865 pour tests"},"content":{"rendered":"<p>La CRY7865 est une chambre d\u2019essai insonoris\u00e9e haute performance de type tiroir, con\u00e7ue pour offrir un niveau de bruit minimal et une interf\u00e9rence radiofr\u00e9quence r\u00e9duite. Elle est id\u00e9ale pour les mesures audio et de bruit sur des appareils \u00e9lectroniques sans fil, aussi bien sur les lignes de production qu\u2019en laboratoire.<\/p>\n<p>Utilis\u00e9e conjointement avec des testeurs \u00e9lectroacoustiques et de radiocommunication, la CRY7865 est parfaitement adapt\u00e9e \u00e0 l\u2019\u00e9valuation des casques Bluetooth\u00ae, des enceintes Bluetooth\u00ae, des ordinateurs portables, et plus encore. Sa conception de type tiroir facilite l\u2019int\u00e9gration dans les lignes de production automatis\u00e9es, rationalise les processus de test et am\u00e9liore l\u2019efficacit\u00e9.<\/p>\n","protected":false},"excerpt":{"rendered":"<p>La CRY7865 est une chambre d\u2019essai insonoris\u00e9e haute performance de type tiroir, con\u00e7ue pour offrir un niveau de bruit minimal et une interf\u00e9rence radiofr\u00e9quence r\u00e9duite. Elle est id\u00e9ale pour les mesures audio et de bruit sur des appareils \u00e9lectroniques sans fil, aussi bien sur les lignes de production qu\u2019en laboratoire.<\/p>\n<p>\u200d<\/p>\n<p>Utilis\u00e9e conjointement avec des testeurs \u00e9lectroacoustiques et de radiocommunication, la CRY7865 est parfaitement adapt\u00e9e \u00e0 l\u2019\u00e9valuation des casques Bluetooth\u00ae, des enceintes Bluetooth\u00ae, des ordinateurs portables, et plus encore. Sa conception de type tiroir facilite l\u2019int\u00e9gration dans les lignes de production automatis\u00e9es, rationalise les processus de test et am\u00e9liore l\u2019efficacit\u00e9.<\/p>\n","protected":false},"featured_media":270375,"template":"","meta":{"_acf_changed":false,"_eb_attr":"","content-type":""},"product_brand":[],"product_cat":[564,528],"product_tag":[],"class_list":{"0":"post-274832","1":"product","2":"type-product","3":"status-publish","4":"has-post-thumbnail","6":"product_cat-boite-dessai-acoustique","7":"product_cat-test-electroacoustique","9":"first","10":"instock","11":"shipping-taxable","12":"product-type-simple"},"acf":[],"_links":{"self":[{"href":"https:\/\/design.crysound.com\/fr\/wp-json\/wp\/v2\/product\/274832","targetHints":{"allow":["GET"]}}],"collection":[{"href":"https:\/\/design.crysound.com\/fr\/wp-json\/wp\/v2\/product"}],"about":[{"href":"https:\/\/design.crysound.com\/fr\/wp-json\/wp\/v2\/types\/product"}],"wp:featuredmedia":[{"embeddable":true,"href":"https:\/\/design.crysound.com\/fr\/wp-json\/wp\/v2\/media\/270375"}],"wp:attachment":[{"href":"https:\/\/design.crysound.com\/fr\/wp-json\/wp\/v2\/media?parent=274832"}],"wp:term":[{"taxonomy":"product_brand","embeddable":true,"href":"https:\/\/design.crysound.com\/fr\/wp-json\/wp\/v2\/product_brand?post=274832"},{"taxonomy":"product_cat","embeddable":true,"href":"https:\/\/design.crysound.com\/fr\/wp-json\/wp\/v2\/product_cat?post=274832"},{"taxonomy":"product_tag","embeddable":true,"href":"https:\/\/design.crysound.com\/fr\/wp-json\/wp\/v2\/product_tag?post=274832"}],"curies":[{"name":"wp","href":"https:\/\/api.w.org\/{rel}","templated":true}]}}