{"id":274825,"date":"2025-06-08T08:30:15","date_gmt":"2025-06-08T08:30:15","guid":{"rendered":"https:\/\/design.crysound.com\/product\/chambre-dessai-acoustique-pneumatique-cry725\/"},"modified":"2025-06-08T08:30:15","modified_gmt":"2025-06-08T08:30:15","slug":"chambre-dessai-acoustique-pneumatique-cry725","status":"publish","type":"product","link":"https:\/\/design.crysound.com\/fr\/product\/chambre-dessai-acoustique-pneumatique-cry725\/","title":{"rendered":"Chambre d\u2019essai acoustique pneumatique CRY725"},"content":{"rendered":"<p>La chambre d\u2019essai acoustique CRY725 est principalement utilis\u00e9e pour tester la puissance, la sensibilit\u00e9 et d\u2019autres performances \u00e9lectriques de produits \u00e9lectroniques et de communication sans fil de grande taille, tels que les serveurs sans fil, les ordinateurs portables et les talkies-walkies, etc.<\/p>\n<p>La chambre peut \u00eatre utilis\u00e9e avec un testeur polyvalent, un analyseur de r\u00e9seau vectoriel, une source de signal et un \u00e9mulateur de canal pour r\u00e9aliser les essais n\u00e9cessaires. Elle peut \u00eatre connect\u00e9e \u00e0 des appareils sans fil dot\u00e9s d\u2019une t\u00e9l\u00e9commande Bluetooth, WiFi, GSM, WCDMA, RFID ou GPS.<\/p>\n","protected":false},"excerpt":{"rendered":"<p>La chambre d\u2019essai acoustique CRY725 est principalement utilis\u00e9e pour tester la puissance, la sensibilit\u00e9 et d\u2019autres performances \u00e9lectriques de produits \u00e9lectroniques et de communication sans fil de grande taille, tels que les serveurs sans fil, les ordinateurs portables et les talkies-walkies, etc.<\/p>\n<p>La chambre peut \u00eatre utilis\u00e9e avec un testeur polyvalent, un analyseur de r\u00e9seau vectoriel, une source de signal et un \u00e9mulateur de canal pour r\u00e9aliser les essais n\u00e9cessaires. Elle peut \u00eatre connect\u00e9e \u00e0 des appareils sans fil dot\u00e9s d\u2019une t\u00e9l\u00e9commande Bluetooth, WiFi, GSM, WCDMA, RFID ou GPS.<\/p>\n","protected":false},"featured_media":270385,"template":"","meta":{"_acf_changed":false,"_eb_attr":"","content-type":""},"product_brand":[],"product_cat":[564,528],"product_tag":[],"class_list":{"0":"post-274825","1":"product","2":"type-product","3":"status-publish","4":"has-post-thumbnail","6":"product_cat-boite-dessai-acoustique","7":"product_cat-test-electroacoustique","9":"first","10":"instock","11":"shipping-taxable","12":"product-type-simple"},"acf":[],"_links":{"self":[{"href":"https:\/\/design.crysound.com\/fr\/wp-json\/wp\/v2\/product\/274825","targetHints":{"allow":["GET"]}}],"collection":[{"href":"https:\/\/design.crysound.com\/fr\/wp-json\/wp\/v2\/product"}],"about":[{"href":"https:\/\/design.crysound.com\/fr\/wp-json\/wp\/v2\/types\/product"}],"wp:featuredmedia":[{"embeddable":true,"href":"https:\/\/design.crysound.com\/fr\/wp-json\/wp\/v2\/media\/270385"}],"wp:attachment":[{"href":"https:\/\/design.crysound.com\/fr\/wp-json\/wp\/v2\/media?parent=274825"}],"wp:term":[{"taxonomy":"product_brand","embeddable":true,"href":"https:\/\/design.crysound.com\/fr\/wp-json\/wp\/v2\/product_brand?post=274825"},{"taxonomy":"product_cat","embeddable":true,"href":"https:\/\/design.crysound.com\/fr\/wp-json\/wp\/v2\/product_cat?post=274825"},{"taxonomy":"product_tag","embeddable":true,"href":"https:\/\/design.crysound.com\/fr\/wp-json\/wp\/v2\/product_tag?post=274825"}],"curies":[{"name":"wp","href":"https:\/\/api.w.org\/{rel}","templated":true}]}}