{"id":274814,"date":"2025-06-08T04:47:59","date_gmt":"2025-06-08T04:47:59","guid":{"rendered":"https:\/\/design.crysound.com\/product\/preamplificateur-cry3543-1-4-iepe-connecteur-10-32-unf\/"},"modified":"2025-06-08T04:47:59","modified_gmt":"2025-06-08T04:47:59","slug":"preamplificateur-cry3543-1-4-iepe-connecteur-10-32-unf","status":"publish","type":"product","link":"https:\/\/design.crysound.com\/fr\/product\/preamplificateur-cry3543-1-4-iepe-connecteur-10-32-unf\/","title":{"rendered":"Preamplificateur CRY3543 1\/4&Prime; IEPE, connecteur 10-32 UNF"},"content":{"rendered":"<p>Le CRY3543 est un pr\u00e9amplificateur d\u2019alimentation \u00e0 courant constant qui peut \u00eatre utilis\u00e9 avec les microphones de mesure pr\u00e9polaris\u00e9s 1\/4 de pouce de la s\u00e9rie CRY3000 et offre une large compatibilit\u00e9 avec d\u2019autres marques.<\/p>\n<p>En convertissant une imp\u00e9dance d\u2019entr\u00e9e \u00e9lev\u00e9e en une imp\u00e9dance de sortie faible, le CRY3543 permet l\u2019utilisation de c\u00e2bles de rallonge plus longs. Il offre un bruit de fond exceptionnellement faible, garantissant un impact minimal sur les performances du microphone. Sa fonctionnalit\u00e9 TEDS am\u00e9liore encore l\u2019efficacit\u00e9 en r\u00e9duisant le temps de test. Gr\u00e2ce \u00e0 sa conception robuste et \u00e0 sa grande durabilit\u00e9, il convient parfaitement \u00e0 un large \u00e9ventail de conditions environnementales.<\/p>\n","protected":false},"excerpt":{"rendered":"<p>Le CRY3543 est un pr\u00e9amplificateur d\u2019alimentation \u00e0 courant constant qui peut \u00eatre utilis\u00e9 avec les microphones de mesure pr\u00e9polaris\u00e9s 1\/4 de pouce de la s\u00e9rie CRY3000 et offre une large compatibilit\u00e9 avec d\u2019autres marques.<\/p>\n<p>\u200d<\/p>\n<p>En convertissant une imp\u00e9dance d\u2019entr\u00e9e \u00e9lev\u00e9e en une imp\u00e9dance de sortie faible, le CRY3543 permet l\u2019utilisation de c\u00e2bles de rallonge plus longs. Il offre un bruit de fond exceptionnellement faible, garantissant un impact minimal sur les performances du microphone. Sa fonctionnalit\u00e9 TEDS am\u00e9liore encore l\u2019efficacit\u00e9 en r\u00e9duisant le temps de test. Gr\u00e2ce \u00e0 sa conception robuste et \u00e0 sa grande durabilit\u00e9, il convient parfaitement \u00e0 un large \u00e9ventail de conditions environnementales.<\/p>\n","protected":false},"featured_media":270449,"template":"","meta":{"_acf_changed":false,"_eb_attr":"","content-type":""},"product_brand":[],"product_cat":[536,551],"product_tag":[],"class_list":{"0":"post-274814","1":"product","2":"type-product","3":"status-publish","4":"has-post-thumbnail","6":"product_cat-capteurs","7":"product_cat-preamplificateur","9":"first","10":"instock","11":"shipping-taxable","12":"product-type-simple"},"acf":[],"_links":{"self":[{"href":"https:\/\/design.crysound.com\/fr\/wp-json\/wp\/v2\/product\/274814","targetHints":{"allow":["GET"]}}],"collection":[{"href":"https:\/\/design.crysound.com\/fr\/wp-json\/wp\/v2\/product"}],"about":[{"href":"https:\/\/design.crysound.com\/fr\/wp-json\/wp\/v2\/types\/product"}],"wp:featuredmedia":[{"embeddable":true,"href":"https:\/\/design.crysound.com\/fr\/wp-json\/wp\/v2\/media\/270449"}],"wp:attachment":[{"href":"https:\/\/design.crysound.com\/fr\/wp-json\/wp\/v2\/media?parent=274814"}],"wp:term":[{"taxonomy":"product_brand","embeddable":true,"href":"https:\/\/design.crysound.com\/fr\/wp-json\/wp\/v2\/product_brand?post=274814"},{"taxonomy":"product_cat","embeddable":true,"href":"https:\/\/design.crysound.com\/fr\/wp-json\/wp\/v2\/product_cat?post=274814"},{"taxonomy":"product_tag","embeddable":true,"href":"https:\/\/design.crysound.com\/fr\/wp-json\/wp\/v2\/product_tag?post=274814"}],"curies":[{"name":"wp","href":"https:\/\/api.w.org\/{rel}","templated":true}]}}