{"id":274812,"date":"2025-06-08T08:38:56","date_gmt":"2025-06-08T08:38:56","guid":{"rendered":"https:\/\/design.crysound.com\/product\/chambre-dessai-acoustique-pneumatique-cry725d\/"},"modified":"2025-06-08T08:38:56","modified_gmt":"2025-06-08T08:38:56","slug":"chambre-dessai-acoustique-pneumatique-cry725d","status":"publish","type":"product","link":"https:\/\/design.crysound.com\/fr\/product\/chambre-dessai-acoustique-pneumatique-cry725d\/","title":{"rendered":"Chambre d\u2019essai acoustique pneumatique CRY725D"},"content":{"rendered":"<p>La CRY725D est une chambre d\u2019essai acoustique pneumatique \u00e0 tiroir qui offre une insonorisation sup\u00e9rieure aux basses fr\u00e9quences par rapport au mod\u00e8le CRY725. Cela la rend particuli\u00e8rement efficace pour la mesure du bruit de fond.<\/p>\n<p>Associ\u00e9e au CRY6151B et \u00e0 l\u2019algorithme CRY, la CRY725D fournit une solution avanc\u00e9e pour r\u00e9duire les interf\u00e9rences du bruit de fond, ce qui en fait un excellent choix pour les essais de pr\u00e9cision sur les lignes de production.<\/p>\n","protected":false},"excerpt":{"rendered":"<p>La CRY725D est une chambre d\u2019essai acoustique pneumatique \u00e0 tiroir qui offre une insonorisation sup\u00e9rieure aux basses fr\u00e9quences par rapport au mod\u00e8le CRY725. Cela la rend particuli\u00e8rement efficace pour la mesure du bruit de fond.<\/p>\n<p>\u200d<\/p>\n<p>Associ\u00e9e au CRY6151B et \u00e0 l\u2019algorithme CRY, la CRY725D fournit une solution avanc\u00e9e pour r\u00e9duire les interf\u00e9rences du bruit de fond, ce qui en fait un excellent choix pour les essais de pr\u00e9cision sur les lignes de production.<\/p>\n","protected":false},"featured_media":270382,"template":"","meta":{"_acf_changed":false,"_eb_attr":"","content-type":""},"product_brand":[],"product_cat":[564,528],"product_tag":[],"class_list":{"0":"post-274812","1":"product","2":"type-product","3":"status-publish","4":"has-post-thumbnail","6":"product_cat-boite-dessai-acoustique","7":"product_cat-test-electroacoustique","9":"first","10":"instock","11":"shipping-taxable","12":"product-type-simple"},"acf":[],"_links":{"self":[{"href":"https:\/\/design.crysound.com\/fr\/wp-json\/wp\/v2\/product\/274812","targetHints":{"allow":["GET"]}}],"collection":[{"href":"https:\/\/design.crysound.com\/fr\/wp-json\/wp\/v2\/product"}],"about":[{"href":"https:\/\/design.crysound.com\/fr\/wp-json\/wp\/v2\/types\/product"}],"wp:featuredmedia":[{"embeddable":true,"href":"https:\/\/design.crysound.com\/fr\/wp-json\/wp\/v2\/media\/270382"}],"wp:attachment":[{"href":"https:\/\/design.crysound.com\/fr\/wp-json\/wp\/v2\/media?parent=274812"}],"wp:term":[{"taxonomy":"product_brand","embeddable":true,"href":"https:\/\/design.crysound.com\/fr\/wp-json\/wp\/v2\/product_brand?post=274812"},{"taxonomy":"product_cat","embeddable":true,"href":"https:\/\/design.crysound.com\/fr\/wp-json\/wp\/v2\/product_cat?post=274812"},{"taxonomy":"product_tag","embeddable":true,"href":"https:\/\/design.crysound.com\/fr\/wp-json\/wp\/v2\/product_tag?post=274812"}],"curies":[{"name":"wp","href":"https:\/\/api.w.org\/{rel}","templated":true}]}}