{"id":274803,"date":"2025-06-08T09:01:48","date_gmt":"2025-06-08T09:01:48","guid":{"rendered":"https:\/\/design.crysound.com\/product\/chambre-ultra-silencieuse-cry7412\/"},"modified":"2025-06-08T09:01:48","modified_gmt":"2025-06-08T09:01:48","slug":"chambre-ultra-silencieuse-cry7412","status":"publish","type":"product","link":"https:\/\/design.crysound.com\/fr\/product\/chambre-ultra-silencieuse-cry7412\/","title":{"rendered":"Chambre ultra-silencieuse CRY7412"},"content":{"rendered":"<p>La CRY7412 est une chambre manuelle ultra-silencieuse con\u00e7ue pour tester des sons tr\u00e8s faibles dans un environnement bruyant. Elle est principalement utilis\u00e9e pour l\u2019\u00e9valuation audio et acoustique des appareils \u00e9lectroniques sans fil, aussi bien sur les lignes de production qu\u2019en laboratoire.<\/p>\n<p>Dot\u00e9e d\u2019un design unique, la chambre se compose d\u2019un caisson int\u00e9rieur plus petit int\u00e9gr\u00e9 dans un caisson ext\u00e9rieur plus grand, permettant une ouverture lat\u00e9rale en deux \u00e9tapes. Cette conception innovante am\u00e9liore l\u2019isolation phonique et r\u00e9duit au minimum les interf\u00e9rences sonores externes, offrant un environnement contr\u00f4l\u00e9 pour des essais pr\u00e9cis.<\/p>\n","protected":false},"excerpt":{"rendered":"<p>La CRY7412 est une chambre manuelle ultra-silencieuse con\u00e7ue pour tester des sons tr\u00e8s faibles dans un environnement bruyant. Elle est principalement utilis\u00e9e pour l\u2019\u00e9valuation audio et acoustique des appareils \u00e9lectroniques sans fil, aussi bien sur les lignes de production qu\u2019en laboratoire.<\/p>\n<p>\u200d<\/p>\n<p>Dot\u00e9e d\u2019un design unique, la chambre se compose d\u2019un caisson int\u00e9rieur plus petit int\u00e9gr\u00e9 dans un caisson ext\u00e9rieur plus grand, permettant une ouverture lat\u00e9rale en deux \u00e9tapes. Cette conception innovante am\u00e9liore l\u2019isolation phonique et r\u00e9duit au minimum les interf\u00e9rences sonores externes, offrant un environnement contr\u00f4l\u00e9 pour des essais pr\u00e9cis.<\/p>\n","protected":false},"featured_media":270367,"template":"","meta":{"_acf_changed":false,"_eb_attr":"","content-type":""},"product_brand":[],"product_cat":[564,528],"product_tag":[],"class_list":{"0":"post-274803","1":"product","2":"type-product","3":"status-publish","4":"has-post-thumbnail","6":"product_cat-boite-dessai-acoustique","7":"product_cat-test-electroacoustique","9":"first","10":"instock","11":"shipping-taxable","12":"product-type-simple"},"acf":[],"_links":{"self":[{"href":"https:\/\/design.crysound.com\/fr\/wp-json\/wp\/v2\/product\/274803","targetHints":{"allow":["GET"]}}],"collection":[{"href":"https:\/\/design.crysound.com\/fr\/wp-json\/wp\/v2\/product"}],"about":[{"href":"https:\/\/design.crysound.com\/fr\/wp-json\/wp\/v2\/types\/product"}],"wp:featuredmedia":[{"embeddable":true,"href":"https:\/\/design.crysound.com\/fr\/wp-json\/wp\/v2\/media\/270367"}],"wp:attachment":[{"href":"https:\/\/design.crysound.com\/fr\/wp-json\/wp\/v2\/media?parent=274803"}],"wp:term":[{"taxonomy":"product_brand","embeddable":true,"href":"https:\/\/design.crysound.com\/fr\/wp-json\/wp\/v2\/product_brand?post=274803"},{"taxonomy":"product_cat","embeddable":true,"href":"https:\/\/design.crysound.com\/fr\/wp-json\/wp\/v2\/product_cat?post=274803"},{"taxonomy":"product_tag","embeddable":true,"href":"https:\/\/design.crysound.com\/fr\/wp-json\/wp\/v2\/product_tag?post=274803"}],"curies":[{"name":"wp","href":"https:\/\/api.w.org\/{rel}","templated":true}]}}