{"id":274801,"date":"2025-06-08T12:25:09","date_gmt":"2025-06-08T12:25:09","guid":{"rendered":"https:\/\/design.crysound.com\/product\/microphone-a-champ-de-pression-cry3404-1-4-prepolarise-056-mv-pa\/"},"modified":"2025-06-08T12:25:09","modified_gmt":"2025-06-08T12:25:09","slug":"microphone-a-champ-de-pression-cry3404-1-4-prepolarise-056-mv-pa","status":"publish","type":"product","link":"https:\/\/design.crysound.com\/fr\/product\/microphone-a-champ-de-pression-cry3404-1-4-prepolarise-056-mv-pa\/","title":{"rendered":"Microphone \u00e0 champ de pression CRY3404, 1\/4&Prime;, pr\u00e9polaris\u00e9, 0,56 mV\/Pa"},"content":{"rendered":"<p>Le CRY3404 est un microphone de mesure pr\u00e9polaris\u00e9 \u00e0 champ de pression de 1\/4 de pouce, con\u00e7u sp\u00e9cifiquement pour les mesures acoustiques \u00e0 niveaux de pression acoustique \u00e9lev\u00e9s.<\/p>\n<p>La conception unique du CRY3404 lui permet d\u2019effectuer des essais acoustiques dans des environnements de tr\u00e8s forte pression acoustique, avec la capacit\u00e9 de supporter des niveaux de pression acoustique allant jusqu\u2019\u00e0 175 dB. Il est particuli\u00e8rement adapt\u00e9 \u00e0 la mesure des caract\u00e9ristiques sonores dans des environnements \u00e0 fort volume sonore ainsi qu\u2019\u00e0 l\u2019\u00e9valuation et \u00e0 l\u2019optimisation des environnements acoustiques.<\/p>\n","protected":false},"excerpt":{"rendered":"<p>Le CRY3404 est un microphone de mesure pr\u00e9polaris\u00e9 \u00e0 champ de pression de 1\/4 de pouce, con\u00e7u sp\u00e9cifiquement pour les mesures acoustiques \u00e0 niveaux de pression acoustique \u00e9lev\u00e9s.<\/p>\n<p>\u200d<\/p>\n<p>La conception unique du CRY3404 lui permet d\u2019effectuer des essais acoustiques dans des environnements de tr\u00e8s forte pression acoustique, avec la capacit\u00e9 de supporter des niveaux de pression acoustique allant jusqu\u2019\u00e0 175 dB. Il est particuli\u00e8rement adapt\u00e9 \u00e0 la mesure des caract\u00e9ristiques sonores dans des environnements \u00e0 fort volume sonore ainsi qu\u2019\u00e0 l\u2019\u00e9valuation et \u00e0 l\u2019optimisation des environnements acoustiques.<\/p>\n","protected":false},"featured_media":270319,"template":"","meta":{"_acf_changed":false,"_eb_attr":"","content-type":""},"product_brand":[],"product_cat":[540,536],"product_tag":[],"class_list":{"0":"post-274801","1":"product","2":"type-product","3":"status-publish","4":"has-post-thumbnail","6":"product_cat-capsule-de-microphone","7":"product_cat-capteurs","9":"first","10":"instock","11":"shipping-taxable","12":"product-type-simple"},"acf":[],"_links":{"self":[{"href":"https:\/\/design.crysound.com\/fr\/wp-json\/wp\/v2\/product\/274801","targetHints":{"allow":["GET"]}}],"collection":[{"href":"https:\/\/design.crysound.com\/fr\/wp-json\/wp\/v2\/product"}],"about":[{"href":"https:\/\/design.crysound.com\/fr\/wp-json\/wp\/v2\/types\/product"}],"wp:featuredmedia":[{"embeddable":true,"href":"https:\/\/design.crysound.com\/fr\/wp-json\/wp\/v2\/media\/270319"}],"wp:attachment":[{"href":"https:\/\/design.crysound.com\/fr\/wp-json\/wp\/v2\/media?parent=274801"}],"wp:term":[{"taxonomy":"product_brand","embeddable":true,"href":"https:\/\/design.crysound.com\/fr\/wp-json\/wp\/v2\/product_brand?post=274801"},{"taxonomy":"product_cat","embeddable":true,"href":"https:\/\/design.crysound.com\/fr\/wp-json\/wp\/v2\/product_cat?post=274801"},{"taxonomy":"product_tag","embeddable":true,"href":"https:\/\/design.crysound.com\/fr\/wp-json\/wp\/v2\/product_tag?post=274801"}],"curies":[{"name":"wp","href":"https:\/\/api.w.org\/{rel}","templated":true}]}}