{"id":274793,"date":"2025-06-08T09:42:55","date_gmt":"2025-06-08T09:42:55","guid":{"rendered":"https:\/\/design.crysound.com\/product\/microphone-de-champ-de-pression-cry3482-1-4-polarisation-externe-16-mv-pa\/"},"modified":"2025-06-08T09:42:55","modified_gmt":"2025-06-08T09:42:55","slug":"microphone-de-champ-de-pression-cry3482-1-4-polarisation-externe-16-mv-pa","status":"publish","type":"product","link":"https:\/\/design.crysound.com\/fr\/product\/microphone-de-champ-de-pression-cry3482-1-4-polarisation-externe-16-mv-pa\/","title":{"rendered":"Microphone de champ de pression CRY3482, 1\/4&Prime;, polarisation externe, 1,6 mV\/Pa"},"content":{"rendered":"<p>Le CRY3482 est un microphone de mesure de champ de pression externe, de 1\/4 de pouce, con\u00e7u pour les mesures acoustiques \u00e0 haute fr\u00e9quence et \u00e0 large plage dynamique.<\/p>\n<p>\u200d<br \/>\nLa conception unique du CRY3482 offre une r\u00e9ponse en fr\u00e9quence plate, permettant des fr\u00e9quences de mesure jusqu\u2019\u00e0 70 kHz. Il est \u00e9galement capable de supporter des niveaux de pression acoustique allant jusqu\u2019\u00e0 170 dB. Cela en fait un excellent microphone de mesure polyvalent pour les mesures audio haute d\u00e9finition et d\u2019autres applications acoustiques ultrasoniques.<\/p>\n","protected":false},"excerpt":{"rendered":"<p>Le CRY3482 est un microphone de mesure de champ de pression externe, de 1\/4 de pouce, con\u00e7u pour les mesures acoustiques \u00e0 haute fr\u00e9quence et \u00e0 large plage dynamique.<\/p>\n<p>\u200d<\/p>\n<p>La conception unique du CRY3482 offre une r\u00e9ponse en fr\u00e9quence plate, permettant des fr\u00e9quences de mesure jusqu\u2019\u00e0 70 kHz. Il est \u00e9galement capable de supporter des niveaux de pression acoustique allant jusqu\u2019\u00e0 170 dB. Cela en fait un excellent microphone de mesure polyvalent pour les mesures audio haute d\u00e9finition et d\u2019autres applications acoustiques ultrasoniques.<\/p>\n","protected":false},"featured_media":270334,"template":"","meta":{"_acf_changed":false,"_eb_attr":"","content-type":""},"product_brand":[],"product_cat":[540,536],"product_tag":[],"class_list":{"0":"post-274793","1":"product","2":"type-product","3":"status-publish","4":"has-post-thumbnail","6":"product_cat-capsule-de-microphone","7":"product_cat-capteurs","9":"first","10":"instock","11":"shipping-taxable","12":"product-type-simple"},"acf":[],"_links":{"self":[{"href":"https:\/\/design.crysound.com\/fr\/wp-json\/wp\/v2\/product\/274793","targetHints":{"allow":["GET"]}}],"collection":[{"href":"https:\/\/design.crysound.com\/fr\/wp-json\/wp\/v2\/product"}],"about":[{"href":"https:\/\/design.crysound.com\/fr\/wp-json\/wp\/v2\/types\/product"}],"wp:featuredmedia":[{"embeddable":true,"href":"https:\/\/design.crysound.com\/fr\/wp-json\/wp\/v2\/media\/270334"}],"wp:attachment":[{"href":"https:\/\/design.crysound.com\/fr\/wp-json\/wp\/v2\/media?parent=274793"}],"wp:term":[{"taxonomy":"product_brand","embeddable":true,"href":"https:\/\/design.crysound.com\/fr\/wp-json\/wp\/v2\/product_brand?post=274793"},{"taxonomy":"product_cat","embeddable":true,"href":"https:\/\/design.crysound.com\/fr\/wp-json\/wp\/v2\/product_cat?post=274793"},{"taxonomy":"product_tag","embeddable":true,"href":"https:\/\/design.crysound.com\/fr\/wp-json\/wp\/v2\/product_tag?post=274793"}],"curies":[{"name":"wp","href":"https:\/\/api.w.org\/{rel}","templated":true}]}}