{"id":274777,"date":"2025-08-22T09:03:36","date_gmt":"2025-08-22T09:03:36","guid":{"rendered":"https:\/\/design.crysound.com\/product\/camera-dimagerie-acoustique-industrielle-cry2620-a-64-microphones\/"},"modified":"2025-08-22T09:03:36","modified_gmt":"2025-08-22T09:03:36","slug":"camera-dimagerie-acoustique-industrielle-cry2620-a-64-microphones","status":"publish","type":"product","link":"https:\/\/design.crysound.com\/fr\/product\/camera-dimagerie-acoustique-industrielle-cry2620-a-64-microphones\/","title":{"rendered":"Cam\u00e9ra d\u2019imagerie acoustique industrielle CRY2620 \u00e0 64 microphones"},"content":{"rendered":"<p>La cam\u00e9ra d\u2019imagerie acoustique industrielle CRY2620 est con\u00e7ue pour une utilisation simple et une mise en service rapide. Son bo\u00eetier robuste en alliage d\u2019aluminium garantit une grande durabilit\u00e9, ce qui la rend adapt\u00e9e aux environnements de travail complexes et changeants. L\u2019appareil offre un affichage en temps r\u00e9el de l\u2019image sonore, acc\u00e9l\u00e9rant fortement la d\u00e9tection des fuites sous pression ou sous vide par rapport aux m\u00e9thodes traditionnelles.<br \/>\nLe CRY2620 simplifie les tests avec seulement deux param\u00e8tres r\u00e9glables&nbsp;: la plage de fr\u00e9quences d\u2019essai et la plage dynamique, couvrant la plupart des besoins de test.<br \/>\nIl propose plusieurs modes, notamment les modes photo et vid\u00e9o, ainsi qu\u2019un enregistrement flexible des donn\u00e9es sur site. La carte MicroSD de grande capacit\u00e9 est extensible, permettant une exportation rapide et un reporting efficace des r\u00e9sultats de test.<br \/>\nCet appareil aide les entreprises \u00e0 minimiser les pertes dues aux fuites de gaz et \u00e0 d\u2019autres incidents, am\u00e9liorant ainsi la s\u00e9curit\u00e9 globale des op\u00e9rations.<\/p>\n","protected":false},"excerpt":{"rendered":"<p>L\u2019imageur acoustique industriel CRY2620 est facile \u00e0 utiliser et peut \u00eatre mis en \u0153uvre rapidement. L\u2019appareil adopte un bo\u00eetier en alliage d\u2019aluminium, robuste et durable, capable de s\u2019adapter \u00e0 un environnement de travail complexe et changeant. Affichage en temps r\u00e9el de l\u2019image sonore, ce qui permet une d\u00e9tection des fuites sous pression ou sous vide nettement plus rapide que les m\u00e9thodes pr\u00e9c\u00e9dentes.<\/p>\n","protected":false},"featured_media":270579,"template":"","meta":{"_acf_changed":false,"_eb_attr":"","content-type":""},"product_brand":[],"product_cat":[381,27],"product_tag":[],"class_list":{"0":"post-274777","1":"product","2":"type-product","3":"status-publish","4":"has-post-thumbnail","6":"product_cat-handheld-acoustic-imaging-camera","7":"product_cat-acoustic-imaging","9":"first","10":"instock","11":"shipping-taxable","12":"product-type-simple"},"acf":[],"_links":{"self":[{"href":"https:\/\/design.crysound.com\/fr\/wp-json\/wp\/v2\/product\/274777","targetHints":{"allow":["GET"]}}],"collection":[{"href":"https:\/\/design.crysound.com\/fr\/wp-json\/wp\/v2\/product"}],"about":[{"href":"https:\/\/design.crysound.com\/fr\/wp-json\/wp\/v2\/types\/product"}],"wp:featuredmedia":[{"embeddable":true,"href":"https:\/\/design.crysound.com\/fr\/wp-json\/wp\/v2\/media\/270579"}],"wp:attachment":[{"href":"https:\/\/design.crysound.com\/fr\/wp-json\/wp\/v2\/media?parent=274777"}],"wp:term":[{"taxonomy":"product_brand","embeddable":true,"href":"https:\/\/design.crysound.com\/fr\/wp-json\/wp\/v2\/product_brand?post=274777"},{"taxonomy":"product_cat","embeddable":true,"href":"https:\/\/design.crysound.com\/fr\/wp-json\/wp\/v2\/product_cat?post=274777"},{"taxonomy":"product_tag","embeddable":true,"href":"https:\/\/design.crysound.com\/fr\/wp-json\/wp\/v2\/product_tag?post=274777"}],"curies":[{"name":"wp","href":"https:\/\/api.w.org\/{rel}","templated":true}]}}