{"id":274776,"date":"2025-06-08T09:15:32","date_gmt":"2025-06-08T09:15:32","guid":{"rendered":"https:\/\/design.crysound.com\/product\/chambre-dessais-acoustiques-cry7413-porte-manuelle\/"},"modified":"2025-06-08T09:15:32","modified_gmt":"2025-06-08T09:15:32","slug":"chambre-dessais-acoustiques-cry7413-porte-manuelle","status":"publish","type":"product","link":"https:\/\/design.crysound.com\/fr\/product\/chambre-dessais-acoustiques-cry7413-porte-manuelle\/","title":{"rendered":"Chambre d\u2019essais acoustiques CRY7413, porte manuelle"},"content":{"rendered":"<p>La chambre acoustique CRY7413 offre un environnement silencieux dans un espace compact, proposant les avantages d\u2019une chambre d\u2019essais acoustiques grandeur nature avec une utilisation plus simple et plus efficace. Son design convivial permet un \u00e9change rapide et simple du dispositif sous test (DUT), r\u00e9duisant au minimum la fatigue physique de l\u2019op\u00e9rateur.<\/p>\n<p>La chambre comprend un gabarit de test marqu\u00e9 et r\u00e9glable, capable d\u2019accueillir diff\u00e9rents formats de DUT et de faciliter des configurations de test homog\u00e8nes sur plusieurs chambres.<\/p>\n<p>La configuration standard inclut tous les accessoires n\u00e9cessaires pour des tests imm\u00e9diats de r\u00e9ponse audio, tandis qu\u2019une gamme de fonctionnalit\u00e9s optionnelles permet une personnalisation adapt\u00e9e \u00e0 vos besoins de test sp\u00e9cifiques.<\/p>\n","protected":false},"excerpt":{"rendered":"<p>La chambre acoustique CRY7413 offre un environnement silencieux dans un espace compact, proposant les avantages d\u2019une chambre d\u2019essais acoustiques grandeur nature avec une utilisation plus simple et plus efficace. Son design convivial permet un \u00e9change rapide et simple du dispositif sous test (DUT), r\u00e9duisant au minimum la fatigue physique de l\u2019op\u00e9rateur.<\/p>\n<p>\u200d<\/p>\n<p>La chambre comprend un gabarit de test marqu\u00e9 et r\u00e9glable, capable d\u2019accueillir diff\u00e9rents formats de DUT et de faciliter des configurations de test homog\u00e8nes sur plusieurs chambres.<\/p>\n<p>\u200d<\/p>\n<p>La configuration standard inclut tous les accessoires n\u00e9cessaires pour des tests imm\u00e9diats de r\u00e9ponse audio, tandis qu\u2019une gamme de fonctionnalit\u00e9s optionnelles permet une personnalisation adapt\u00e9e \u00e0 vos besoins de test sp\u00e9cifiques.<\/p>\n","protected":false},"featured_media":270354,"template":"","meta":{"_acf_changed":false,"_eb_attr":"","content-type":""},"product_brand":[],"product_cat":[564,530,528],"product_tag":[],"class_list":{"0":"post-274776","1":"product","2":"type-product","3":"status-publish","4":"has-post-thumbnail","6":"product_cat-boite-dessai-acoustique","7":"product_cat-presentation-des-produits-sur-la-page-daccueil","8":"product_cat-test-electroacoustique","10":"first","11":"instock","12":"shipping-taxable","13":"product-type-simple"},"acf":[],"_links":{"self":[{"href":"https:\/\/design.crysound.com\/fr\/wp-json\/wp\/v2\/product\/274776","targetHints":{"allow":["GET"]}}],"collection":[{"href":"https:\/\/design.crysound.com\/fr\/wp-json\/wp\/v2\/product"}],"about":[{"href":"https:\/\/design.crysound.com\/fr\/wp-json\/wp\/v2\/types\/product"}],"wp:featuredmedia":[{"embeddable":true,"href":"https:\/\/design.crysound.com\/fr\/wp-json\/wp\/v2\/media\/270354"}],"wp:attachment":[{"href":"https:\/\/design.crysound.com\/fr\/wp-json\/wp\/v2\/media?parent=274776"}],"wp:term":[{"taxonomy":"product_brand","embeddable":true,"href":"https:\/\/design.crysound.com\/fr\/wp-json\/wp\/v2\/product_brand?post=274776"},{"taxonomy":"product_cat","embeddable":true,"href":"https:\/\/design.crysound.com\/fr\/wp-json\/wp\/v2\/product_cat?post=274776"},{"taxonomy":"product_tag","embeddable":true,"href":"https:\/\/design.crysound.com\/fr\/wp-json\/wp\/v2\/product_tag?post=274776"}],"curies":[{"name":"wp","href":"https:\/\/api.w.org\/{rel}","templated":true}]}}