{"id":274774,"date":"2025-06-08T09:30:29","date_gmt":"2025-06-08T09:30:29","guid":{"rendered":"https:\/\/design.crysound.com\/product\/accelerometre-iepe-cry431-1-axe-5-mv-g-c2-b11000-g-crete-1-hz-a-12-khz\/"},"modified":"2025-06-08T09:30:29","modified_gmt":"2025-06-08T09:30:29","slug":"accelerometre-iepe-cry431-1-axe-5-mv-g-c2-b11000-g-crete-1-hz-a-12-khz","status":"publish","type":"product","link":"https:\/\/design.crysound.com\/fr\/product\/accelerometre-iepe-cry431-1-axe-5-mv-g-c2-b11000-g-crete-1-hz-a-12-khz\/","title":{"rendered":"Acc\u00e9l\u00e9rom\u00e8tre IEPE CRY431, 1 axe, 5 mV\/g, \u00b11000 g cr\u00eate, 1 Hz \u00e0 12 kHz"},"content":{"rendered":"<p>Le CRY431 est un capteur de pr\u00e9cision d\u2019acc\u00e9l\u00e9ration mono-axe con\u00e7u pour des applications polyvalentes. Dot\u00e9 d\u2019un connecteur de sortie 10-32 UNF sur le dessus, il se fixe solidement aux objets \u00e0 l\u2019aide d\u2019une vis 10-32 UNF. Id\u00e9al pour mesurer de petits mouvements en laboratoire et en recherche scientifique, le CRY431 convient \u00e9galement \u00e0 la surveillance en temps r\u00e9el des vibrations des \u00e9quipements industriels.<\/p>\n<p>L\u2019appareil peut \u00eatre associ\u00e9 \u00e0 des c\u00e2bles blind\u00e9s arm\u00e9s pour mesurer avec pr\u00e9cision des param\u00e8tres de vibration tels que l\u2019acc\u00e9l\u00e9ration, la vitesse et le d\u00e9placement, m\u00eame dans des environnements difficiles pr\u00e9sentant d\u2019importantes interf\u00e9rences industrielles ou \u00e9lectriques.<\/p>\n<p>\u200d<\/p>\n","protected":false},"excerpt":{"rendered":"<p>Le CRY431 est un capteur de pr\u00e9cision d\u2019acc\u00e9l\u00e9ration mono-axe con\u00e7u pour des applications polyvalentes. Dot\u00e9 d\u2019un connecteur de sortie 10-32 UNF sur le dessus, il se fixe solidement aux objets \u00e0 l\u2019aide d\u2019une vis 10-32 UNF. Id\u00e9al pour mesurer de petits mouvements en laboratoire et en recherche scientifique, le CRY431 convient \u00e9galement \u00e0 la surveillance en temps r\u00e9el des vibrations des \u00e9quipements industriels.<\/p>\n<p>\u200d<\/p>\n<p>,BR&gt;L\u2019appareil peut \u00eatre associ\u00e9 \u00e0 des c\u00e2bles blind\u00e9s arm\u00e9s pour mesurer avec pr\u00e9cision des param\u00e8tres de vibration tels que l\u2019acc\u00e9l\u00e9ration, la vitesse et le d\u00e9placement, m\u00eame dans des environnements difficiles pr\u00e9sentant d\u2019importantes interf\u00e9rences industrielles ou \u00e9lectriques.<\/p>\n<p>\u200d<\/p>\n","protected":false},"featured_media":270348,"template":"","meta":{"_acf_changed":false,"_eb_attr":"","content-type":""},"product_brand":[],"product_cat":[572,536],"product_tag":[],"class_list":{"0":"post-274774","1":"product","2":"type-product","3":"status-publish","4":"has-post-thumbnail","6":"product_cat-accelerometre","7":"product_cat-capteurs","9":"first","10":"instock","11":"shipping-taxable","12":"product-type-simple"},"acf":[],"_links":{"self":[{"href":"https:\/\/design.crysound.com\/fr\/wp-json\/wp\/v2\/product\/274774","targetHints":{"allow":["GET"]}}],"collection":[{"href":"https:\/\/design.crysound.com\/fr\/wp-json\/wp\/v2\/product"}],"about":[{"href":"https:\/\/design.crysound.com\/fr\/wp-json\/wp\/v2\/types\/product"}],"wp:featuredmedia":[{"embeddable":true,"href":"https:\/\/design.crysound.com\/fr\/wp-json\/wp\/v2\/media\/270348"}],"wp:attachment":[{"href":"https:\/\/design.crysound.com\/fr\/wp-json\/wp\/v2\/media?parent=274774"}],"wp:term":[{"taxonomy":"product_brand","embeddable":true,"href":"https:\/\/design.crysound.com\/fr\/wp-json\/wp\/v2\/product_brand?post=274774"},{"taxonomy":"product_cat","embeddable":true,"href":"https:\/\/design.crysound.com\/fr\/wp-json\/wp\/v2\/product_cat?post=274774"},{"taxonomy":"product_tag","embeddable":true,"href":"https:\/\/design.crysound.com\/fr\/wp-json\/wp\/v2\/product_tag?post=274774"}],"curies":[{"name":"wp","href":"https:\/\/api.w.org\/{rel}","templated":true}]}}