{"id":274771,"date":"2025-06-08T10:10:16","date_gmt":"2025-06-08T10:10:16","guid":{"rendered":"https:\/\/design.crysound.com\/product\/amplificateur-de-puissance-cry584d-20-w\/"},"modified":"2025-06-08T10:10:16","modified_gmt":"2025-06-08T10:10:16","slug":"amplificateur-de-puissance-cry584d-20-w","status":"publish","type":"product","link":"https:\/\/design.crysound.com\/fr\/product\/amplificateur-de-puissance-cry584d-20-w\/","title":{"rendered":"Amplificateur de puissance CRY584D 20 W"},"content":{"rendered":"<p>Le CRY584D est con\u00e7u pour les essais en laboratoire comme sur ligne de production et int\u00e8gre un amplificateur de puissance \u00e0 2 canaux. Son bloc d\u2019alimentation alimente des microphones, des simulateurs d\u2019oreille et d\u2019autres composants. L\u2019amplificateur de puissance pilote des haut\u2011parleurs, des casques, des simulateurs de bouche et divers autres dispositifs. Int\u00e9gr\u00e9 dans le ch\u00e2ssis, l\u2019amplificateur de puissance \u00e0 deux canaux permet une connexion simultan\u00e9e \u00e0 plusieurs dispositifs sous test, sans interf\u00e9rences mutuelles.<\/p>\n","protected":false},"excerpt":{"rendered":"<p>Le CRY584D est con\u00e7u pour les essais en laboratoire comme sur ligne de production et int\u00e8gre un amplificateur de puissance \u00e0 2 canaux. Son bloc d\u2019alimentation alimente des microphones, des simulateurs d\u2019oreille et d\u2019autres composants. L\u2019amplificateur de puissance pilote des haut\u2011parleurs, des casques, des simulateurs de bouche et divers autres dispositifs. Int\u00e9gr\u00e9 dans le ch\u00e2ssis, l\u2019amplificateur de puissance \u00e0 deux canaux permet une connexion simultan\u00e9e \u00e0 plusieurs dispositifs sous test, sans interf\u00e9rences mutuelles.<\/p>\n","protected":false},"featured_media":270331,"template":"","meta":{"_acf_changed":false,"_eb_attr":"","content-type":""},"product_brand":[],"product_cat":[587,528],"product_tag":[],"class_list":{"0":"post-274771","1":"product","2":"type-product","3":"status-publish","4":"has-post-thumbnail","6":"product_cat-amplificateur-de-puissance","7":"product_cat-test-electroacoustique","9":"first","10":"instock","11":"shipping-taxable","12":"product-type-simple"},"acf":[],"_links":{"self":[{"href":"https:\/\/design.crysound.com\/fr\/wp-json\/wp\/v2\/product\/274771","targetHints":{"allow":["GET"]}}],"collection":[{"href":"https:\/\/design.crysound.com\/fr\/wp-json\/wp\/v2\/product"}],"about":[{"href":"https:\/\/design.crysound.com\/fr\/wp-json\/wp\/v2\/types\/product"}],"wp:featuredmedia":[{"embeddable":true,"href":"https:\/\/design.crysound.com\/fr\/wp-json\/wp\/v2\/media\/270331"}],"wp:attachment":[{"href":"https:\/\/design.crysound.com\/fr\/wp-json\/wp\/v2\/media?parent=274771"}],"wp:term":[{"taxonomy":"product_brand","embeddable":true,"href":"https:\/\/design.crysound.com\/fr\/wp-json\/wp\/v2\/product_brand?post=274771"},{"taxonomy":"product_cat","embeddable":true,"href":"https:\/\/design.crysound.com\/fr\/wp-json\/wp\/v2\/product_cat?post=274771"},{"taxonomy":"product_tag","embeddable":true,"href":"https:\/\/design.crysound.com\/fr\/wp-json\/wp\/v2\/product_tag?post=274771"}],"curies":[{"name":"wp","href":"https:\/\/api.w.org\/{rel}","templated":true}]}}