{"id":274763,"date":"2025-06-08T09:18:46","date_gmt":"2025-06-08T09:18:46","guid":{"rendered":"https:\/\/design.crysound.com\/product\/accelerometre-cry433-1-axe-100-mv-g-c2-b150-g-crete-05-hz-a-8-khz\/"},"modified":"2025-06-08T09:18:46","modified_gmt":"2025-06-08T09:18:46","slug":"accelerometre-cry433-1-axe-100-mv-g-c2-b150-g-crete-05-hz-a-8-khz","status":"publish","type":"product","link":"https:\/\/design.crysound.com\/fr\/product\/accelerometre-cry433-1-axe-100-mv-g-c2-b150-g-crete-05-hz-a-8-khz\/","title":{"rendered":"Acc\u00e9l\u00e9rom\u00e8tre CRY433, 1 axe, 100 mV\/g, \u00b150 g cr\u00eate, 0,5 Hz \u00e0 8 kHz"},"content":{"rendered":"<p>Le CRY433 est un capteur d\u2019acc\u00e9l\u00e9ration mono-axe con\u00e7u pour offrir pr\u00e9cision et polyvalence. Il est dot\u00e9 sur le dessus d\u2019une interface de sortie\/montage 10-32 UNF, ce qui lui permet d\u2019\u00eatre fix\u00e9 solidement aux objets \u00e0 l\u2019aide d\u2019un boulon 10-32 UNF. Ce capteur est id\u00e9al pour d\u00e9tecter de petits mouvements dans le cadre de recherches de laboratoire et de recherche scientifique, ainsi que pour la surveillance en temps r\u00e9el des vibrations des \u00e9quipements industriels.<\/p>\n<p>\u200d<br \/>\nLe CRY433 peut \u00eatre \u00e9quip\u00e9 de c\u00e2bles blind\u00e9s et arm\u00e9s, permettant la mesure pr\u00e9cise de param\u00e8tres de vibration tels que l\u2019acc\u00e9l\u00e9ration, la vitesse et le d\u00e9placement, m\u00eame dans des environnements pr\u00e9sentant d\u2019importantes interf\u00e9rences industrielles ou \u00e9lectriques.<\/p>\n","protected":false},"excerpt":{"rendered":"<p>Le CRY433 est un capteur d\u2019acc\u00e9l\u00e9ration mono-axe con\u00e7u pour offrir pr\u00e9cision et polyvalence. Il est dot\u00e9 sur le dessus d\u2019une interface de sortie\/montage 10-32 UNF, ce qui lui permet d\u2019\u00eatre fix\u00e9 solidement aux objets \u00e0 l\u2019aide d\u2019un boulon 10-32 UNF. Ce capteur est id\u00e9al pour d\u00e9tecter de petits mouvements dans le cadre de recherches de laboratoire et de recherche scientifique, ainsi que pour la surveillance en temps r\u00e9el des vibrations des \u00e9quipements industriels.<\/p>\n<p>\u200d<\/p>\n<p>Le CRY433 peut \u00eatre \u00e9quip\u00e9 de c\u00e2bles blind\u00e9s et arm\u00e9s, permettant la mesure pr\u00e9cise de param\u00e8tres de vibration tels que l\u2019acc\u00e9l\u00e9ration, la vitesse et le d\u00e9placement, m\u00eame dans des environnements pr\u00e9sentant d\u2019importantes interf\u00e9rences industrielles ou \u00e9lectriques.<\/p>\n","protected":false},"featured_media":270352,"template":"","meta":{"_acf_changed":false,"_eb_attr":"","content-type":""},"product_brand":[],"product_cat":[572,536],"product_tag":[],"class_list":{"0":"post-274763","1":"product","2":"type-product","3":"status-publish","4":"has-post-thumbnail","6":"product_cat-accelerometre","7":"product_cat-capteurs","9":"first","10":"instock","11":"shipping-taxable","12":"product-type-simple"},"acf":[],"_links":{"self":[{"href":"https:\/\/design.crysound.com\/fr\/wp-json\/wp\/v2\/product\/274763","targetHints":{"allow":["GET"]}}],"collection":[{"href":"https:\/\/design.crysound.com\/fr\/wp-json\/wp\/v2\/product"}],"about":[{"href":"https:\/\/design.crysound.com\/fr\/wp-json\/wp\/v2\/types\/product"}],"wp:featuredmedia":[{"embeddable":true,"href":"https:\/\/design.crysound.com\/fr\/wp-json\/wp\/v2\/media\/270352"}],"wp:attachment":[{"href":"https:\/\/design.crysound.com\/fr\/wp-json\/wp\/v2\/media?parent=274763"}],"wp:term":[{"taxonomy":"product_brand","embeddable":true,"href":"https:\/\/design.crysound.com\/fr\/wp-json\/wp\/v2\/product_brand?post=274763"},{"taxonomy":"product_cat","embeddable":true,"href":"https:\/\/design.crysound.com\/fr\/wp-json\/wp\/v2\/product_cat?post=274763"},{"taxonomy":"product_tag","embeddable":true,"href":"https:\/\/design.crysound.com\/fr\/wp-json\/wp\/v2\/product_tag?post=274763"}],"curies":[{"name":"wp","href":"https:\/\/api.w.org\/{rel}","templated":true}]}}