{"id":274757,"date":"2025-06-08T09:30:42","date_gmt":"2025-06-08T09:30:42","guid":{"rendered":"https:\/\/design.crysound.com\/product\/dispositif-dessai-pour-casque-cry801b\/"},"modified":"2025-06-08T09:30:42","modified_gmt":"2025-06-08T09:30:42","slug":"dispositif-dessai-pour-casque-cry801b","status":"publish","type":"product","link":"https:\/\/design.crysound.com\/fr\/product\/dispositif-dessai-pour-casque-cry801b\/","title":{"rendered":"Dispositif d\u2019essai pour casque CRY801B"},"content":{"rendered":"<p>Le dispositif d\u2019essai pour casque CRY801B est con\u00e7u pour tester les casques circum\u2011auraux ainsi que les dispositifs de protection auditive tels que les coquilles antibruit et les bouchons d\u2019oreilles. Construit en aluminium oxyd\u00e9 et noirci, particuli\u00e8rement robuste, il est mont\u00e9 sur une base r\u00e9siliente qui r\u00e9duit le niveau de bruit de fond pendant les essais. Des bouchons en mousse sont int\u00e9gr\u00e9s afin d\u2019\u00e9viter les fuites sonores le long des c\u00e2bles.<\/p>\n<p>Le dispositif peut \u00eatre configur\u00e9 avec les simulateurs d\u2019oreille CRY711 et CRY318 pour les essais de casques. Son assemblage convivial et sa compatibilit\u00e9 avec un simulateur de bouche en font un choix id\u00e9al pour les essais en ligne de production de casques circum\u2011auraux.<\/p>\n","protected":false},"excerpt":{"rendered":"<p>Le dispositif d\u2019essai pour casque CRY801B est con\u00e7u pour tester les casques circum\u2011auraux ainsi que les dispositifs de protection auditive tels que les coquilles antibruit et les bouchons d\u2019oreilles. Construit en aluminium oxyd\u00e9 et noirci, particuli\u00e8rement robuste, il est mont\u00e9 sur une base r\u00e9siliente qui r\u00e9duit le niveau de bruit de fond pendant les essais. Des bouchons en mousse sont int\u00e9gr\u00e9s afin d\u2019\u00e9viter les fuites sonores le long des c\u00e2bles.<\/p>\n","protected":false},"featured_media":270345,"template":"","meta":{"_acf_changed":false,"_eb_attr":"","content-type":""},"product_brand":[],"product_cat":[586,528],"product_tag":[],"class_list":{"0":"post-274757","1":"product","2":"type-product","3":"status-publish","4":"has-post-thumbnail","6":"product_cat-dispositif-de-test","7":"product_cat-test-electroacoustique","9":"first","10":"instock","11":"shipping-taxable","12":"product-type-simple"},"acf":[],"_links":{"self":[{"href":"https:\/\/design.crysound.com\/fr\/wp-json\/wp\/v2\/product\/274757","targetHints":{"allow":["GET"]}}],"collection":[{"href":"https:\/\/design.crysound.com\/fr\/wp-json\/wp\/v2\/product"}],"about":[{"href":"https:\/\/design.crysound.com\/fr\/wp-json\/wp\/v2\/types\/product"}],"wp:featuredmedia":[{"embeddable":true,"href":"https:\/\/design.crysound.com\/fr\/wp-json\/wp\/v2\/media\/270345"}],"wp:attachment":[{"href":"https:\/\/design.crysound.com\/fr\/wp-json\/wp\/v2\/media?parent=274757"}],"wp:term":[{"taxonomy":"product_brand","embeddable":true,"href":"https:\/\/design.crysound.com\/fr\/wp-json\/wp\/v2\/product_brand?post=274757"},{"taxonomy":"product_cat","embeddable":true,"href":"https:\/\/design.crysound.com\/fr\/wp-json\/wp\/v2\/product_cat?post=274757"},{"taxonomy":"product_tag","embeddable":true,"href":"https:\/\/design.crysound.com\/fr\/wp-json\/wp\/v2\/product_tag?post=274757"}],"curies":[{"name":"wp","href":"https:\/\/api.w.org\/{rel}","templated":true}]}}