{"id":274755,"date":"2025-10-14T07:15:32","date_gmt":"2025-10-14T07:15:32","guid":{"rendered":"https:\/\/design.crysound.com\/product\/calibrateur-acoustique-cry3018\/"},"modified":"2025-10-14T07:15:32","modified_gmt":"2025-10-14T07:15:32","slug":"calibrateur-acoustique-cry3018","status":"publish","type":"product","link":"https:\/\/design.crysound.com\/fr\/product\/calibrateur-acoustique-cry3018\/","title":{"rendered":"Calibrateur acoustique CRY3018"},"content":{"rendered":"<p>Le CRY3018 est un calibrateur acoustique portable et haute pr\u00e9cision, conforme \u00e0 la norme IEC 60942:2017, classe 1. Il prend en charge deux fr\u00e9quences, 250 Hz et 1000 Hz, ainsi que deux niveaux de pression acoustique, 94 dB et 114 dB, avec la possibilit\u00e9 de passer \u00e0 des niveaux SPL plus \u00e9lev\u00e9s pour compenser le bruit ambiant. Il int\u00e8gre une boucle interne de compensation de r\u00e9troaction acoustique ainsi que des capteurs de temp\u00e9rature, d\u2019humidit\u00e9 et de pression barom\u00e9trique pour une compensation environnementale adaptative, garantissant une r\u00e9ponse lin\u00e9aire et des mesures de microphone coh\u00e9rentes. Parmi les fonctionnalit\u00e9s suppl\u00e9mentaires figurent la charge rapide USB\u2011C, un bo\u00eetier en fibre de carbone et un affichage OLED haute luminosit\u00e9, ce qui en fait une solution id\u00e9ale pour l\u2019\u00e9talonnage sur site des sonom\u00e8tres, microphones de mesure et syst\u00e8mes acoustiques.<\/p>\n","protected":false},"excerpt":{"rendered":"<p>Le CRY3018 est un calibrateur acoustique portable et haute pr\u00e9cision, conforme \u00e0 la norme IEC 60942:2017, classe 1. Il prend en charge deux fr\u00e9quences, 250 Hz et 1000 Hz, ainsi que deux niveaux de pression acoustique, 94 dB et 114 dB, avec la possibilit\u00e9 de passer \u00e0 des niveaux SPL plus \u00e9lev\u00e9s pour compenser le bruit ambiant. Il int\u00e8gre une boucle interne de compensation de r\u00e9troaction acoustique ainsi que des capteurs de temp\u00e9rature, d\u2019humidit\u00e9 et de pression barom\u00e9trique pour une compensation environnementale adaptative, garantissant une r\u00e9ponse lin\u00e9aire et des mesures de microphone coh\u00e9rentes. Parmi les fonctionnalit\u00e9s suppl\u00e9mentaires figurent la charge rapide USB\u2011C, un bo\u00eetier en fibre de carbone et un affichage OLED haute luminosit\u00e9, ce qui en fait une solution id\u00e9ale pour l\u2019\u00e9talonnage sur site des sonom\u00e8tres, microphones de mesure et syst\u00e8mes acoustiques.<\/p>\n","protected":false},"featured_media":270223,"template":"","meta":{"_acf_changed":false,"_eb_attr":"","content-type":""},"product_brand":[],"product_cat":[555,536,530],"product_tag":[],"class_list":{"0":"post-274755","1":"product","2":"type-product","3":"status-publish","4":"has-post-thumbnail","6":"product_cat-calibrateur","7":"product_cat-capteurs","8":"product_cat-presentation-des-produits-sur-la-page-daccueil","10":"first","11":"instock","12":"shipping-taxable","13":"product-type-simple"},"acf":[],"_links":{"self":[{"href":"https:\/\/design.crysound.com\/fr\/wp-json\/wp\/v2\/product\/274755","targetHints":{"allow":["GET"]}}],"collection":[{"href":"https:\/\/design.crysound.com\/fr\/wp-json\/wp\/v2\/product"}],"about":[{"href":"https:\/\/design.crysound.com\/fr\/wp-json\/wp\/v2\/types\/product"}],"wp:featuredmedia":[{"embeddable":true,"href":"https:\/\/design.crysound.com\/fr\/wp-json\/wp\/v2\/media\/270223"}],"wp:attachment":[{"href":"https:\/\/design.crysound.com\/fr\/wp-json\/wp\/v2\/media?parent=274755"}],"wp:term":[{"taxonomy":"product_brand","embeddable":true,"href":"https:\/\/design.crysound.com\/fr\/wp-json\/wp\/v2\/product_brand?post=274755"},{"taxonomy":"product_cat","embeddable":true,"href":"https:\/\/design.crysound.com\/fr\/wp-json\/wp\/v2\/product_cat?post=274755"},{"taxonomy":"product_tag","embeddable":true,"href":"https:\/\/design.crysound.com\/fr\/wp-json\/wp\/v2\/product_tag?post=274755"}],"curies":[{"name":"wp","href":"https:\/\/api.w.org\/{rel}","templated":true}]}}