{"id":274754,"date":"2025-06-08T12:09:44","date_gmt":"2025-06-08T12:09:44","guid":{"rendered":"https:\/\/design.crysound.com\/product\/simulateur-de-batterie-programmable-cry5121\/"},"modified":"2025-06-08T12:09:44","modified_gmt":"2025-06-08T12:09:44","slug":"simulateur-de-batterie-programmable-cry5121","status":"publish","type":"product","link":"https:\/\/design.crysound.com\/fr\/product\/simulateur-de-batterie-programmable-cry5121\/","title":{"rendered":"Simulateur de batterie programmable CRY5121"},"content":{"rendered":"<p>Le simulateur de batterie programmable CRY5121 est con\u00e7u pour les environnements de production de masse afin de tester la tension et le courant.<\/p>\n<p>Il offre des fonctions polyvalentes, une grande stabilit\u00e9 et une haute pr\u00e9cision, ainsi que plusieurs canaux, r\u00e9pondant aux exigences des tests de produits \u00e9lectroniques grand public.<\/p>\n","protected":false},"excerpt":{"rendered":"<p>Le simulateur de batterie programmable CRY5121 est con\u00e7u pour les environnements de production de masse afin de tester la tension et le courant.<\/p>\n<p>\u200d<\/p>\n<p>Il offre des fonctions polyvalentes, une grande stabilit\u00e9 et une haute pr\u00e9cision, ainsi que plusieurs canaux, r\u00e9pondant aux exigences des tests de produits \u00e9lectroniques grand public.<\/p>\n","protected":false},"featured_media":270328,"template":"","meta":{"_acf_changed":false,"_eb_attr":"","content-type":""},"product_brand":[],"product_cat":[529,528],"product_tag":[],"class_list":{"0":"post-274754","1":"product","2":"type-product","3":"status-publish","4":"has-post-thumbnail","6":"product_cat-interface-de-test-audio","7":"product_cat-test-electroacoustique","9":"first","10":"instock","11":"shipping-taxable","12":"product-type-simple"},"acf":[],"_links":{"self":[{"href":"https:\/\/design.crysound.com\/fr\/wp-json\/wp\/v2\/product\/274754","targetHints":{"allow":["GET"]}}],"collection":[{"href":"https:\/\/design.crysound.com\/fr\/wp-json\/wp\/v2\/product"}],"about":[{"href":"https:\/\/design.crysound.com\/fr\/wp-json\/wp\/v2\/types\/product"}],"wp:featuredmedia":[{"embeddable":true,"href":"https:\/\/design.crysound.com\/fr\/wp-json\/wp\/v2\/media\/270328"}],"wp:attachment":[{"href":"https:\/\/design.crysound.com\/fr\/wp-json\/wp\/v2\/media?parent=274754"}],"wp:term":[{"taxonomy":"product_brand","embeddable":true,"href":"https:\/\/design.crysound.com\/fr\/wp-json\/wp\/v2\/product_brand?post=274754"},{"taxonomy":"product_cat","embeddable":true,"href":"https:\/\/design.crysound.com\/fr\/wp-json\/wp\/v2\/product_cat?post=274754"},{"taxonomy":"product_tag","embeddable":true,"href":"https:\/\/design.crysound.com\/fr\/wp-json\/wp\/v2\/product_tag?post=274754"}],"curies":[{"name":"wp","href":"https:\/\/api.w.org\/{rel}","templated":true}]}}