{"id":274752,"date":"2025-06-08T09:34:17","date_gmt":"2025-06-08T09:34:17","guid":{"rendered":"https:\/\/design.crysound.com\/product\/alimentation-pour-microphone-cry575l-faible-bruit\/"},"modified":"2025-06-08T09:34:17","modified_gmt":"2025-06-08T09:34:17","slug":"alimentation-pour-microphone-cry575l-faible-bruit","status":"publish","type":"product","link":"https:\/\/design.crysound.com\/fr\/product\/alimentation-pour-microphone-cry575l-faible-bruit\/","title":{"rendered":"Alimentation pour microphone CRY575L, faible bruit"},"content":{"rendered":"<p>L\u2019alimentation pour microphone CRY575L est une unit\u00e9 \u00e0 deux canaux con\u00e7ue pour fournir une alimentation fiable aux microphones. Chaque canal fournit une source de tension constante n\u00e9cessaire pour les pr\u00e9amplificateurs asym\u00e9triques. Elle pr\u00e9sente une imp\u00e9dance d\u2019entr\u00e9e \u00e9lev\u00e9e, une faible r\u00e9sistance de sortie, un bruit de fond extr\u00eamement faible et une large plage de r\u00e9ponse en fr\u00e9quence.<\/p>\n<p>\u200d<br \/>\nLa CRY575L offre des options de gain de 0 dB (\u00d71) et +20 dB (\u00d710) pour les signaux de sortie. Son interface BNC assure une connectivit\u00e9 simple et conviviale.<\/p>\n","protected":false},"excerpt":{"rendered":"<p>L\u2019alimentation pour microphone CRY575L est une unit\u00e9 \u00e0 deux canaux con\u00e7ue pour fournir une alimentation fiable aux microphones. Chaque canal fournit une source de tension constante n\u00e9cessaire pour les pr\u00e9amplificateurs asym\u00e9triques. Elle pr\u00e9sente une imp\u00e9dance d\u2019entr\u00e9e \u00e9lev\u00e9e, une faible r\u00e9sistance de sortie, un bruit de fond extr\u00eamement faible et une large plage de r\u00e9ponse en fr\u00e9quence.<\/p>\n<p>\u200d<\/p>\n<p>La CRY575L offre des options de gain de 0 dB (\u00d71) et +20 dB (\u00d710) pour les signaux de sortie. Son interface BNC assure une connectivit\u00e9 simple et conviviale.<\/p>\n","protected":false},"featured_media":270343,"template":"","meta":{"_acf_changed":false,"_eb_attr":"","content-type":""},"product_brand":[],"product_cat":[43,35],"product_tag":[],"class_list":{"0":"post-274752","1":"product","2":"type-product","3":"status-publish","4":"has-post-thumbnail","6":"product_cat-power-supply","7":"product_cat-sensors","9":"first","10":"instock","11":"shipping-taxable","12":"product-type-simple"},"acf":[],"_links":{"self":[{"href":"https:\/\/design.crysound.com\/fr\/wp-json\/wp\/v2\/product\/274752","targetHints":{"allow":["GET"]}}],"collection":[{"href":"https:\/\/design.crysound.com\/fr\/wp-json\/wp\/v2\/product"}],"about":[{"href":"https:\/\/design.crysound.com\/fr\/wp-json\/wp\/v2\/types\/product"}],"wp:featuredmedia":[{"embeddable":true,"href":"https:\/\/design.crysound.com\/fr\/wp-json\/wp\/v2\/media\/270343"}],"wp:attachment":[{"href":"https:\/\/design.crysound.com\/fr\/wp-json\/wp\/v2\/media?parent=274752"}],"wp:term":[{"taxonomy":"product_brand","embeddable":true,"href":"https:\/\/design.crysound.com\/fr\/wp-json\/wp\/v2\/product_brand?post=274752"},{"taxonomy":"product_cat","embeddable":true,"href":"https:\/\/design.crysound.com\/fr\/wp-json\/wp\/v2\/product_cat?post=274752"},{"taxonomy":"product_tag","embeddable":true,"href":"https:\/\/design.crysound.com\/fr\/wp-json\/wp\/v2\/product_tag?post=274752"}],"curies":[{"name":"wp","href":"https:\/\/api.w.org\/{rel}","templated":true}]}}