{"id":274739,"date":"2025-06-08T09:42:54","date_gmt":"2025-06-08T09:42:54","guid":{"rendered":"https:\/\/design.crysound.com\/product\/dispositif-de-test-acoustique-pour-ecouteurs-tws-cry806\/"},"modified":"2025-06-08T09:42:54","modified_gmt":"2025-06-08T09:42:54","slug":"dispositif-de-test-acoustique-pour-ecouteurs-tws-cry806","status":"publish","type":"product","link":"https:\/\/design.crysound.com\/fr\/product\/dispositif-de-test-acoustique-pour-ecouteurs-tws-cry806\/","title":{"rendered":"Dispositif de test acoustique pour \u00e9couteurs TWS CRY806"},"content":{"rendered":"<p>Le dispositif de test pour \u00e9couteurs CRY806 est sp\u00e9cialement con\u00e7u pour le test des \u00e9couteurs TWS. Construit en aluminium oxyd\u00e9 et noirci, il offre une robustesse accrue. Le dispositif est mont\u00e9 sur une base r\u00e9siliente, ce qui minimise le bruit de fond dans les sc\u00e9narios de test typiques.<\/p>\n<p>\u200d<br \/>\nLe CRY806 peut \u00eatre configur\u00e9 avec les simulateurs d\u2019oreille CRY711 et CRY718 pour des tests d\u2019\u00e9couteurs complets. Facile \u00e0 assembler et souvent utilis\u00e9 avec un simulateur de bouche, il constitue un dispositif acoustique id\u00e9al pour les lignes de production d\u2019\u00e9couteurs TWS.<\/p>\n","protected":false},"excerpt":{"rendered":"<p>Le dispositif de test pour \u00e9couteurs CRY806 est sp\u00e9cialement con\u00e7u pour le test des \u00e9couteurs TWS. Construit en aluminium oxyd\u00e9 et noirci, il offre une robustesse accrue. Le dispositif est mont\u00e9 sur une base r\u00e9siliente, ce qui minimise le bruit de fond dans les sc\u00e9narios de test typiques.<\/p>\n<p>\u200d<\/p>\n<p>Le CRY806 peut \u00eatre configur\u00e9 avec les simulateurs d\u2019oreille CRY711 et CRY718 pour des tests d\u2019\u00e9couteurs complets. Facile \u00e0 assembler et souvent utilis\u00e9 avec un simulateur de bouche, il constitue un dispositif acoustique id\u00e9al pour les lignes de production d\u2019\u00e9couteurs TWS.<\/p>\n","protected":false},"featured_media":270337,"template":"","meta":{"_acf_changed":false,"_eb_attr":"","content-type":""},"product_brand":[],"product_cat":[49,44],"product_tag":[],"class_list":{"0":"post-274739","1":"product","2":"type-product","3":"status-publish","4":"has-post-thumbnail","6":"product_cat-test-fixture","7":"product_cat-electroacoustic-test","9":"first","10":"instock","11":"shipping-taxable","12":"product-type-simple"},"acf":[],"_links":{"self":[{"href":"https:\/\/design.crysound.com\/fr\/wp-json\/wp\/v2\/product\/274739","targetHints":{"allow":["GET"]}}],"collection":[{"href":"https:\/\/design.crysound.com\/fr\/wp-json\/wp\/v2\/product"}],"about":[{"href":"https:\/\/design.crysound.com\/fr\/wp-json\/wp\/v2\/types\/product"}],"wp:featuredmedia":[{"embeddable":true,"href":"https:\/\/design.crysound.com\/fr\/wp-json\/wp\/v2\/media\/270337"}],"wp:attachment":[{"href":"https:\/\/design.crysound.com\/fr\/wp-json\/wp\/v2\/media?parent=274739"}],"wp:term":[{"taxonomy":"product_brand","embeddable":true,"href":"https:\/\/design.crysound.com\/fr\/wp-json\/wp\/v2\/product_brand?post=274739"},{"taxonomy":"product_cat","embeddable":true,"href":"https:\/\/design.crysound.com\/fr\/wp-json\/wp\/v2\/product_cat?post=274739"},{"taxonomy":"product_tag","embeddable":true,"href":"https:\/\/design.crysound.com\/fr\/wp-json\/wp\/v2\/product_tag?post=274739"}],"curies":[{"name":"wp","href":"https:\/\/api.w.org\/{rel}","templated":true}]}}